{"id":24694,"date":"2018-02-15T12:48:54","date_gmt":"2018-02-15T12:48:54","guid":{"rendered":"https:\/\/developlaclave.es\/develop\/carmen\/2018\/02\/15\/register\/"},"modified":"2021-08-18T19:25:24","modified_gmt":"2021-08-18T17:25:24","slug":"register","status":"publish","type":"page","link":"https:\/\/aprendeconcarmen.es\/es\/register\/","title":{"rendered":"Registro"},"content":{"rendered":"<p>[vc_row full_width=&#8221;stretch_row&#8221; content_placement=&#8221;middle&#8221; css_animation=&#8221;none&#8221; css=&#8221;.vc_custom_1522320961586{padding-top: 110px !important;padding-bottom: 30px !important;background-image: url(https:\/\/aprendeconcarmen.es\/wp-content\/uploads\/2018\/02\/background-tienda-online-1.jpg?id=26313) !important;background-position: 0 0 !important;background-repeat: no-repeat !important;}&#8221; el_id=&#8221;cabecera&#8221;][vc_column css=&#8221;.vc_custom_1519318946462{padding-top: 0px !important;}&#8221;][vc_row_inner el_id=&#8221;caberatextos&#8221;][vc_column_inner][vc_column_text css_animation=&#8221;fadeInUp&#8221; el_id=&#8221;titulopagina&#8221;]<\/p>\n<h1 style=\"text-align: center;\">REGISTRO<\/h1>\n<p>[\/vc_column_text][\/vc_column_inner][\/vc_row_inner]<div class=\"clearboth\"><\/div><div class=\"gem-divider  gem-divider-style-1\" style=\"\"><svg width=\"100%\" height=\"1px\"><line x1=\"0\" x2=\"100%\" y1=\"0\" y2=\"0\" stroke=\"\" stroke-width=\"2\" stroke-linecap=\"black\" stroke-dasharray=\"4, 4\"\/><\/svg><\/div>[\/vc_column][\/vc_row][vc_row css=&#8221;.vc_custom_1521809428737{padding-top: 30px !important;padding-bottom: 50px !important;}&#8221;][vc_column][vc_column_text css=&#8221;.vc_custom_1522046676832{padding-bottom: 30px !important;}&#8221;]<\/p>\n<p style=\"text-align: center;\">Reg\u00edstrate en el \u00c1rea de Alumnos y accede a tu perfil,<br \/>\ndonde encontrar\u00e1s toda la informaci\u00f3n y documentaci\u00f3n necesaria para tus clases<br \/>\n(calendario de clases, horarios, etc).<\/p>\n<p>[\/vc_column_text][vc_column_text]\n<div class=\"um um-register um-24686\">\n\n\t<div class=\"um-form\" data-mode=\"register\">\n\n\t\t<form method=\"post\" action=\"\">\n\n\t\t\t<div class=\"um-row _um_row_1 formalumnos\" style=\"padding: 0px;margin: 0px 0px 30px 0px;border-width: 0px 0px 0px 0px;border-style: solid;border-color: #ffffff;border-radius: 0px;\"><div class=\"um-col-1\"><div  id=\"um_field_24686_user_login\" class=\"um-field um-field-text  um-field-user_login um-field-text um-field-type_text\" data-key=\"user_login\"><div class=\"um-field-label\"><label for=\"user_login-24686\">Usuario<\/label><span class=\"um-tip um-tip-w\" title=\"Usuario obligatorio\"><i class=\"um-icon-help-circled\"><\/i><\/span><div class=\"um-clear\"><\/div><\/div><div class=\"um-field-area\"><input  autocomplete=\"off\" class=\"um-form-field valid \" type=\"text\" name=\"user_login-24686\" id=\"user_login-24686\" value=\"\" placeholder=\"Usuario\" data-validate=\"unique_username\" data-key=\"user_login\" \/>\n\n\t\t\t\t\t\t<\/div><\/div><div  id=\"um_field_24686_first_name\" class=\"um-field um-field-text  um-field-first_name um-field-text um-field-type_text\" data-key=\"first_name\"><div class=\"um-field-label\"><label for=\"first_name-24686\">Nombre<\/label><span class=\"um-tip um-tip-w\" title=\"Nombre obligatorio\"><i class=\"um-icon-help-circled\"><\/i><\/span><div class=\"um-clear\"><\/div><\/div><div class=\"um-field-area\"><input  autocomplete=\"off\" class=\"um-form-field valid \" type=\"text\" name=\"first_name-24686\" id=\"first_name-24686\" value=\"\" placeholder=\"Nombre\" data-validate=\"\" data-key=\"first_name\" \/>\n\n\t\t\t\t\t\t<\/div><\/div><div  id=\"um_field_24686_last_name\" class=\"um-field um-field-text  um-field-last_name um-field-text um-field-type_text\" data-key=\"last_name\"><div class=\"um-field-label\"><label for=\"last_name-24686\">Apellidos<\/label><span class=\"um-tip um-tip-w\" title=\"Apellidos obligatorios\"><i class=\"um-icon-help-circled\"><\/i><\/span><div class=\"um-clear\"><\/div><\/div><div class=\"um-field-area\"><input  autocomplete=\"off\" class=\"um-form-field valid \" type=\"text\" name=\"last_name-24686\" id=\"last_name-24686\" value=\"\" placeholder=\"Apellidos\" data-validate=\"\" data-key=\"last_name\" \/>\n\n\t\t\t\t\t\t<\/div><\/div><div  id=\"um_field_24686_user_email\" class=\"um-field um-field-text  um-field-user_email um-field-text um-field-type_text\" data-key=\"user_email\"><div class=\"um-field-label\"><label for=\"user_email-24686\">Correo electr\u00f3nico<\/label><span class=\"um-tip um-tip-w\" title=\"Direcci\u00f3n de email necesaria\"><i class=\"um-icon-help-circled\"><\/i><\/span><div class=\"um-clear\"><\/div><\/div><div class=\"um-field-area\"><input  autocomplete=\"off\" class=\"um-form-field valid \" type=\"text\" name=\"user_email-24686\" id=\"user_email-24686\" value=\"\" placeholder=\"Email\" data-validate=\"unique_email\" data-key=\"user_email\" \/>\n\n\t\t\t\t\t\t<\/div><\/div><div  id=\"um_field_24686_user_password\" class=\"um-field um-field-password  um-field-user_password um-field-password um-field-type_password\" data-key=\"user_password\"><div class=\"um-field-label\"><label for=\"user_password-24686\">Contrase\u00f1a<\/label><span class=\"um-tip um-tip-w\" title=\"Contrase\u00f1a necesaria\"><i class=\"um-icon-help-circled\"><\/i><\/span><div class=\"um-clear\"><\/div><\/div><div class=\"um-field-area\"><input class=\"um-form-field valid \" type=\"password\" name=\"user_password-24686\" id=\"user_password-24686\" value=\"\" placeholder=\"Contrase\u00f1a\" data-validate=\"\" data-key=\"user_password\" \/>\n\n\t\t\t\t\t\t<\/div><\/div><\/div><\/div>\t\t<input type=\"hidden\" name=\"form_id\" id=\"form_id_24686\" value=\"24686\" \/>\n\t\n\t<input type=\"hidden\" name=\"timestamp\" class=\"um_timestamp\" value=\"1775562801\" \/>\n\n\t<p class=\"um_request_name\">\n\t\t<label for=\"um_request_24686\">Only fill in if you are not human<\/label>\n\t\t<input type=\"text\" name=\"um_request\" id=\"um_request_24686\" class=\"input\" value=\"\" size=\"25\" autocomplete=\"off\" \/>\n\t<\/p>\n\n\t<input type=\"hidden\" id=\"_wpnonce\" name=\"_wpnonce\" value=\"80133fee41\" \/><input type=\"hidden\" name=\"_wp_http_referer\" value=\"\/es\/wp-json\/wp\/v2\/pages\/24694\" \/>\n\t<div class=\"um-col-alt\">\n\n\t\t\n\t\t\t<div class=\"um-center\">\n\t\t\t\t<input type=\"submit\" value=\"Registro\" class=\"um-button\" id=\"um-submit-btn\" \/>\n\t\t\t<\/div>\n\n\t\t\n\t\t<div class=\"um-clear\"><\/div>\n\n\t<\/div>\n\n\t\t\t\n\t\t<\/form>\n\n\t<\/div>\n\n<\/div><style type=\"text\/css\">\n.um-24686.um {\n\tmax-width: 450px;\n}<\/style>\n[\/vc_column_text][\/vc_column][\/vc_row]<\/p>\n","protected":false},"excerpt":{"rendered":"<p>[vc_row full_width=&#8221;stretch_row&#8221; content_placement=&#8221;middle&#8221; css_animation=&#8221;none&#8221; css=&#8221;.vc_custom_1522320961586{padding-top: 110px !important;padding-bottom: 30px !important;background-image: url(https:\/\/aprendeconcarmen.es\/wp-content\/uploads\/2018\/02\/background-tienda-online-1.jpg?id=26313) !important;background-position: 0 0 !important;background-repeat: no-repeat !important;}&#8221; el_id=&#8221;cabecera&#8221;][vc_column css=&#8221;.vc_custom_1519318946462{padding-top: 0px !important;}&#8221;][vc_row_inner&#8230;<\/p>\n","protected":false},"author":1,"featured_media":0,"parent":0,"menu_order":0,"comment_status":"closed","ping_status":"open","template":"","meta":{"footnotes":""},"yoast_head":"<!-- This site is optimized with the Yoast SEO plugin v22.7 - https:\/\/yoast.com\/wordpress\/plugins\/seo\/ -->\n<title>Registro - Aprende con Carmen<\/title>\n<meta name=\"description\" content=\"Clases online de espa\u00f1ol con profesora nativa de Espa\u00f1a. Aprueba el DELE. Estudia gram\u00e1tica. Practica conversaci\u00f3n.\" \/>\n<meta name=\"robots\" content=\"noindex, follow\" \/>\n<meta property=\"og:locale\" content=\"es_ES\" \/>\n<meta property=\"og:type\" content=\"article\" \/>\n<meta property=\"og:title\" content=\"Registro - Aprende con Carmen\" \/>\n<meta property=\"og:description\" content=\"Clases online de espa\u00f1ol con profesora nativa de Espa\u00f1a. Aprueba el DELE. Estudia gram\u00e1tica. Practica conversaci\u00f3n.\" \/>\n<meta property=\"og:url\" content=\"https:\/\/aprendeconcarmen.es\/es\/register\/\" \/>\n<meta property=\"og:site_name\" content=\"Aprende con Carmen\" \/>\n<meta property=\"article:modified_time\" content=\"2021-08-18T17:25:24+00:00\" \/>\n<meta name=\"twitter:card\" content=\"summary_large_image\" \/>\n<meta name=\"twitter:label1\" content=\"Tiempo de lectura\" \/>\n\t<meta name=\"twitter:data1\" content=\"1 minuto\" \/>\n<script type=\"application\/ld+json\" class=\"yoast-schema-graph\">{\"@context\":\"https:\/\/schema.org\",\"@graph\":[{\"@type\":\"WebPage\",\"@id\":\"https:\/\/aprendeconcarmen.es\/es\/register\/\",\"url\":\"https:\/\/aprendeconcarmen.es\/es\/register\/\",\"name\":\"Registro - Aprende con Carmen\",\"isPartOf\":{\"@id\":\"https:\/\/aprendeconcarmen.es\/es\/#website\"},\"datePublished\":\"2018-02-15T12:48:54+00:00\",\"dateModified\":\"2021-08-18T17:25:24+00:00\",\"description\":\"Clases online de espa\u00f1ol con profesora nativa de Espa\u00f1a. Aprueba el DELE. Estudia gram\u00e1tica. Practica conversaci\u00f3n.\",\"breadcrumb\":{\"@id\":\"https:\/\/aprendeconcarmen.es\/es\/register\/#breadcrumb\"},\"inLanguage\":\"es\",\"potentialAction\":[{\"@type\":\"ReadAction\",\"target\":[\"https:\/\/aprendeconcarmen.es\/es\/register\/\"]}]},{\"@type\":\"BreadcrumbList\",\"@id\":\"https:\/\/aprendeconcarmen.es\/es\/register\/#breadcrumb\",\"itemListElement\":[{\"@type\":\"ListItem\",\"position\":1,\"name\":\"Portada\",\"item\":\"https:\/\/aprendeconcarmen.es\/es\/\"},{\"@type\":\"ListItem\",\"position\":2,\"name\":\"Registro\"}]},{\"@type\":\"WebSite\",\"@id\":\"https:\/\/aprendeconcarmen.es\/es\/#website\",\"url\":\"https:\/\/aprendeconcarmen.es\/es\/\",\"name\":\"Aprende con Carmen\",\"description\":\"Clases de espa\u00f1ol online\",\"potentialAction\":[{\"@type\":\"SearchAction\",\"target\":{\"@type\":\"EntryPoint\",\"urlTemplate\":\"https:\/\/aprendeconcarmen.es\/es\/?s={search_term_string}\"},\"query-input\":\"required name=search_term_string\"}],\"inLanguage\":\"es\"}]}<\/script>\n<!-- \/ Yoast SEO plugin. -->","yoast_head_json":{"title":"Registro - Aprende con Carmen","description":"Clases online de espa\u00f1ol con profesora nativa de Espa\u00f1a. Aprueba el DELE. Estudia gram\u00e1tica. Practica conversaci\u00f3n.","robots":{"index":"noindex","follow":"follow"},"og_locale":"es_ES","og_type":"article","og_title":"Registro - Aprende con Carmen","og_description":"Clases online de espa\u00f1ol con profesora nativa de Espa\u00f1a. Aprueba el DELE. Estudia gram\u00e1tica. Practica conversaci\u00f3n.","og_url":"https:\/\/aprendeconcarmen.es\/es\/register\/","og_site_name":"Aprende con Carmen","article_modified_time":"2021-08-18T17:25:24+00:00","twitter_card":"summary_large_image","twitter_misc":{"Tiempo de lectura":"1 minuto"},"schema":{"@context":"https:\/\/schema.org","@graph":[{"@type":"WebPage","@id":"https:\/\/aprendeconcarmen.es\/es\/register\/","url":"https:\/\/aprendeconcarmen.es\/es\/register\/","name":"Registro - Aprende con Carmen","isPartOf":{"@id":"https:\/\/aprendeconcarmen.es\/es\/#website"},"datePublished":"2018-02-15T12:48:54+00:00","dateModified":"2021-08-18T17:25:24+00:00","description":"Clases online de espa\u00f1ol con profesora nativa de Espa\u00f1a. Aprueba el DELE. Estudia gram\u00e1tica. Practica conversaci\u00f3n.","breadcrumb":{"@id":"https:\/\/aprendeconcarmen.es\/es\/register\/#breadcrumb"},"inLanguage":"es","potentialAction":[{"@type":"ReadAction","target":["https:\/\/aprendeconcarmen.es\/es\/register\/"]}]},{"@type":"BreadcrumbList","@id":"https:\/\/aprendeconcarmen.es\/es\/register\/#breadcrumb","itemListElement":[{"@type":"ListItem","position":1,"name":"Portada","item":"https:\/\/aprendeconcarmen.es\/es\/"},{"@type":"ListItem","position":2,"name":"Registro"}]},{"@type":"WebSite","@id":"https:\/\/aprendeconcarmen.es\/es\/#website","url":"https:\/\/aprendeconcarmen.es\/es\/","name":"Aprende con Carmen","description":"Clases de espa\u00f1ol online","potentialAction":[{"@type":"SearchAction","target":{"@type":"EntryPoint","urlTemplate":"https:\/\/aprendeconcarmen.es\/es\/?s={search_term_string}"},"query-input":"required name=search_term_string"}],"inLanguage":"es"}]}},"post_mailing_queue_ids":[],"_links":{"self":[{"href":"https:\/\/aprendeconcarmen.es\/es\/wp-json\/wp\/v2\/pages\/24694"}],"collection":[{"href":"https:\/\/aprendeconcarmen.es\/es\/wp-json\/wp\/v2\/pages"}],"about":[{"href":"https:\/\/aprendeconcarmen.es\/es\/wp-json\/wp\/v2\/types\/page"}],"author":[{"embeddable":true,"href":"https:\/\/aprendeconcarmen.es\/es\/wp-json\/wp\/v2\/users\/1"}],"replies":[{"embeddable":true,"href":"https:\/\/aprendeconcarmen.es\/es\/wp-json\/wp\/v2\/comments?post=24694"}],"version-history":[{"count":0,"href":"https:\/\/aprendeconcarmen.es\/es\/wp-json\/wp\/v2\/pages\/24694\/revisions"}],"wp:attachment":[{"href":"https:\/\/aprendeconcarmen.es\/es\/wp-json\/wp\/v2\/media?parent=24694"}],"curies":[{"name":"wp","href":"https:\/\/api.w.org\/{rel}","templated":true}]}}