{"id":24759,"date":"2018-02-16T11:15:51","date_gmt":"2018-02-16T11:15:51","guid":{"rendered":"https:\/\/developlaclave.es\/develop\/carmen\/?page_id=24759"},"modified":"2023-10-08T17:53:06","modified_gmt":"2023-10-08T15:53:06","slug":"aviso-legal-y-condiciones-de-uso","status":"publish","type":"page","link":"https:\/\/aprendeconcarmen.es\/es\/aviso-legal-y-condiciones-de-uso\/","title":{"rendered":"Aviso legal y condiciones de uso"},"content":{"rendered":"<p>[vc_row full_width=&#8221;stretch_row&#8221; content_placement=&#8221;middle&#8221; css_animation=&#8221;none&#8221; css=&#8221;.vc_custom_1520439018377{padding-top: 140px !important;padding-bottom: 30px !important;background-image: url(https:\/\/aprendeconcarmen.es\/wp-content\/uploads\/2018\/03\/background-textos-legales.jpg?id=25327) !important;background-position: 0 0 !important;background-repeat: no-repeat !important;}&#8221; el_id=&#8221;cabecera&#8221;][vc_column css=&#8221;.vc_custom_1519318946462{padding-top: 0px !important;}&#8221;][vc_row_inner el_id=&#8221;caberatextos&#8221;][vc_column_inner][vc_column_text css_animation=&#8221;fadeInLeft&#8221; el_id=&#8221;titulopagina&#8221;]<\/p>\n<h1 style=\"text-align: center;\">AVISO LEGAL Y<br \/>\nCONDICIONES DE USO<\/h1>\n<p>[\/vc_column_text][\/vc_column_inner][\/vc_row_inner]<div class=\"clearboth\"><\/div><div class=\"gem-divider  gem-divider-style-1\" style=\"\"><svg width=\"100%\" height=\"1px\"><line x1=\"0\" x2=\"100%\" y1=\"0\" y2=\"0\" stroke=\"\" stroke-width=\"2\" stroke-linecap=\"black\" stroke-dasharray=\"4, 4\"\/><\/svg><\/div>[\/vc_column][\/vc_row][vc_row css=&#8221;.vc_custom_1521619869507{padding-bottom: 20px !important;}&#8221;][vc_column][vc_column_text]<\/p>\n<h3>INFORMACI\u00d3N GENERAL<\/h3>\n<p>Los t\u00e9rminos y condiciones que se indican a continuaci\u00f3n (en adelante, \u201cCondiciones Generales\u201d), regulan el acceso, registro, navegaci\u00f3n, descarga y el uso de www.aprendeconcarmen.es (en adelante, &#8220;Sitio Web\u201d), as\u00ed como de cualquier otra informaci\u00f3n, texto, gr\u00e1ficos, fotos, im\u00e1genes, m\u00fasica, sonidos, aplicaciones inform\u00e1ticas o cuentas en cualesquiera plataformas sociales que sean creadas o difundidas en el Sitio Web (en adelante, \u201cContenidos\u201d).<\/p>\n<p>En cumplimiento de lo dispuesto en el art\u00edculo 10 de la Ley 34\/2002, de 11 de julio, de Servicios de la Sociedad de la Informaci\u00f3n y de Comercio Electr\u00f3nico (LSSICE), se pone a disposici\u00f3n de los usuarios la siguiente informaci\u00f3n: Carmen Mar\u00eda Est\u00e9vez Mart\u00edn (en adelante, la Titular) es la fundadora y propietaria del Sitio Web www.aprendeconcarmen.es, dedicado a la ense\u00f1anza del espa\u00f1ol para extranjeros, con N\u00famero de identificaci\u00f3n Fiscal (NIF) 08109644M. Correo electr\u00f3nico: <a href=\"mailto:contacto@aprendeconcarmen.es\" target=\"_blank\" rel=\"noopener\">contacto@aprendeconcarmen.es<\/a>.[\/vc_column_text][vc_separator color=&#8221;custom&#8221; style=&#8221;dashed&#8221; accent_color=&#8221;#efefef&#8221; css=&#8221;.vc_custom_1521619790919{padding-top: 20px !important;padding-bottom: 20px !important;}&#8221;][vc_column_text]<\/p>\n<h3>CONDICIONES DE ACCESO Y USO DEL SITIO WEB<\/h3>\n<p>El acceso y el uso del Sitio Web y sus Contenidos atribuye la condici\u00f3n de Usuario y supone la aceptaci\u00f3n plena y sin reservas de todas las Condiciones Generales vigentes en cada momento en que acceda al mismo. El Usuario es consciente de que el acceso y utilizaci\u00f3n del Sitio Web y sus Contenidos se realiza bajo su \u00fanica y exclusiva responsabilidad.<\/p>\n<p>Por el mero hecho de acceder al Sitio Web o a sus Contenidos, el Usuario pone de manifiesto que comprende y acepta plenamente y sin reservas estas Condiciones Generales.<\/p>\n<p>La Titular podr\u00e1 modificar de forma unilateral y sin aviso previo, la presentaci\u00f3n, el dise\u00f1o, configuraci\u00f3n, contenido y servicios del Sitio Web y de los Contenidos, as\u00ed como sus Condiciones Generales. Si estas Condiciones Generales fueran sustituidas por otras en todo o en parte, dichas nuevas condiciones generales se entender\u00e1n aceptadas de forma id\u00e9ntica a la expuesta. Le sugerimos que revise estas Condiciones Generales frecuentemente para estar al corriente de cualquier modificaci\u00f3n que se haya llevado a cabo. En consecuencia, ser\u00e1 responsabilidad del Usuario la atenta lectura de las Condiciones Generales de uso vigentes en cada una de las ocasiones en que acceda a este sitio web, por lo que, si \u00e9ste no est\u00e1 de acuerdo con cualquiera de ellas, deber\u00e1 abstenerse de usar el presente sitio web.<\/p>\n<p>El Usuario utilizar\u00e1 los servicios y materiales disponibles en el Sitio Web, as\u00ed como los Contenidos, exclusivamente para fines particulares y con exclusi\u00f3n espec\u00edfica a cualquier utilizaci\u00f3n con \u00e1nimo de lucro.<\/p>\n<p>El Usuario deber\u00e1 establecer las medidas de seguridad de car\u00e1cter t\u00e9cnico adecuadas para evitar acciones no deseadas en su sistema de informaci\u00f3n, archivos y equipos inform\u00e1ticos empleados para acceder a Internet y, en especial, al Sitio Web y a los Contenidos, siendo consciente de que Internet no es un medio totalmente seguro. El coste del acceso telef\u00f3nico u otro tipo de gasto necesarios para acceder al Sitio Web y a los Contenidos correr\u00e1 exclusivamente a cargo del Usuario.<\/p>\n<p>Con car\u00e1cter general, los servicios y materiales ofrecidos a trav\u00e9s del Sitio Web estar\u00e1n disponibles en espa\u00f1ol, pudiendo la Titular discrecionalmente presentar dichos servicios y materiales adicionalmente en otros idiomas.<\/p>\n<p>Estas Condiciones ser\u00e1n de aplicaci\u00f3n independientemente de las Condiciones Generales de Venta que en su caso resulten de obligado cumplimiento.[\/vc_column_text][vc_separator color=&#8221;custom&#8221; style=&#8221;dashed&#8221; accent_color=&#8221;#efefef&#8221; css=&#8221;.vc_custom_1521619798759{padding-top: 20px !important;padding-bottom: 20px !important;}&#8221;][vc_column_text]<\/p>\n<h3>RESPONSABILIDAD DEL USUARIO POR USO DEL SITIO WEB<\/h3>\n<p>El Usuario se obliga a utilizar los servicios, la informaci\u00f3n y los materiales del Sitio Web y sus Contenidos de conformidad con la Ley y con estas Condiciones Generales y en ning\u00fan caso podr\u00e1 realizar, con car\u00e1cter enunciativo y no limitativo, las siguientes actividades:<\/p>\n<p>a) Difundir contenidos o propaganda de car\u00e1cter racista, xen\u00f3fobo, pornogr\u00e1fico, obsceno, denigratorio o que incite o promueva la realizaci\u00f3n de actos delictivos, violentos, difamatorios o degradantes por raz\u00f3n de edad, sexo, religi\u00f3n o creencias; o de apolog\u00eda del terrorismo o que sea contraria a los derechos humanos y a la legislaci\u00f3n vigente, la moral, las buenas costumbres y el orden p\u00fablico.<\/p>\n<p>b) Realizar actos contrarios a los derechos de Propiedad Intelectual de sus leg\u00edtimos Titulares.<\/p>\n<p>c) Provocar da\u00f1os en los sistemas f\u00edsicos y l\u00f3gicos del Sitio Web, de sus proveedores o de terceros, y\/o introducir o difundir virus inform\u00e1ticos, de tal manera que se inutilice o impida, de cualquier forma, la normal utilizaci\u00f3n del sitio.<\/p>\n<p>d) Utilizar los servicios y materiales ofrecidos a trav\u00e9s del Sitio Web de forma contraria a las Condiciones Generales que regulen el uso de un determinado servicio y\/o contenido, y en perjuicio de los derechos del resto de usuarios.<\/p>\n<p>El Usuario puede publicar en algunas de las secciones comentarios y opiniones, y presentar sugerencias, ideas, comentarios, preguntas u otra informaci\u00f3n, siempre que el contenido no sea ilegal, obsceno, amenazante, difamatorio, invada la privacidad de terceros, infrinja derechos de propiedad intelectual, o resulte injurioso o censurable de otro modo para terceros o contenga virus inform\u00e1ticos, propaganda pol\u00edtica, contenido publicitario, correos en cadena, env\u00edo masivo de correos o cualquier otro tipo de \u2018spam\u2019. Adem\u00e1s, no est\u00e1 permitido el uso de direcciones de correo electr\u00f3nico falsas, suplantar la identidad de otra persona o entidad, ni mentir de otro modo sobre el origen de cualquier contenido. La Titular se reserva el derecho (pero no la obligaci\u00f3n) de eliminar o modificar cualquier contenido que no cumpla con estas reglas, aunque no revisa regularmente el contenido publicado.<\/p>\n<p>El Usuario es consciente de que es el \u00fanico responsable de las opiniones realizadas por cualquiera de los canales disponibles, y de toda comunicaci\u00f3n electr\u00f3nica y contenido enviado desde su ordenador.<\/p>\n<p>El Usuario garantiza ser mayor de edad o estar legalmente emancipado o, en caso contrario, tener permiso de sus padres o tutores para acceder a nuestras p\u00e1ginas, as\u00ed como la veracidad y autenticidad de la informaci\u00f3n comunicada en los diferentes formularios, y se obliga asimismo a mantener esta informaci\u00f3n actualizada.<\/p>\n<p>El Usuario responder\u00e1 frente a la Titular, o frente a terceros, de cualesquiera da\u00f1os y perjuicios de cualquier clase que pudieran causarse como consecuencia del incumplimiento de las presentes Condiciones Generales.<\/p>\n<p>El Usuario ser\u00e1 el \u00fanico responsable de las infracciones en que pueda incurrir o de los perjuicios que pueda causar por el uso del Sitio Web, quedando la Titular liberada de cualquier responsabilidad, siendo tambi\u00e9n el \u00fanico responsable frente a cualquier reclamaci\u00f3n o acci\u00f3n legal iniciada por terceras personas contra la Titular, o bien contra el Usuario, basada en la utilizaci\u00f3n por \u00e9ste del servicio, o por la informaci\u00f3n que haya podido remitir a la Titular por cualquier medio.\u00a0El Usuario asume cuantos gastos, costes e indemnizaciones se ocasionen a la Titular con motivo de tales reclamaciones o acciones legales.<\/p>\n<p>La Titular se reserva el derecho a denegar total o parcialmente, en cualquier momento y sin necesidad de preaviso, el acceso de cualquier usuario al Sitio Web y a los Contenidos, cuando concurra una o varias circunstancias descritas en la presente cl\u00e1usula.[\/vc_column_text][vc_separator color=&#8221;custom&#8221; style=&#8221;dashed&#8221; accent_color=&#8221;#efefef&#8221; css=&#8221;.vc_custom_1521619808143{padding-top: 20px !important;padding-bottom: 20px !important;}&#8221;][vc_column_text]<\/p>\n<h3>PROPIEDAD INTELECTUAL<\/h3>\n<p>El Sitio Web, en su totalidad, pertenece a Carmen Mar\u00eda Est\u00e9vez Mart\u00edn o, en su caso, a terceros que han consentido su cesi\u00f3n, incluyendo el nombre de dominio www.aprendeconcarmen.es y su dise\u00f1o, estructura, marca, forma de presentaci\u00f3n, textos, im\u00e1genes, logotipos, gr\u00e1ficos, fotograf\u00edas, software, clips de audio y v\u00eddeo, o cualquier otro signo distintivo o informaci\u00f3n que aparezca en este Sitio Web.<\/p>\n<p>El acceso a este portal no otorga a los usuarios derecho, ni titularidad alguna sobre los derechos de propiedad intelectual de los contenidos que alberga. Todos los elementos de este sitio est\u00e1n protegidos por las leyes relativas al derecho de propiedad intelectual y no pueden ser copiados ni plagiados ni en parte ni en su totalidad.<\/p>\n<p>Las reclamaciones que pudieran interponerse por el Usuario en relaci\u00f3n con posibles incumplimientos de los derechos de propiedad intelectual sobre cualquiera de los contenidos de este Sitio Web deber\u00e1n dirigirse a la direcci\u00f3n de correo electr\u00f3nico <a href=\"mailto:contacto@aprendeconcarmen.es\" target=\"_blank\" rel=\"noopener\">contacto@aprendeconcarmen.es<\/a>.<\/p>\n<p>La Titular se reserva la posibilidad de ejercer las acciones judiciales derivadas de cualesquiera usos il\u00edcitos por parte de terceros de los contenidos de su p\u00e1gina web.[\/vc_column_text][vc_separator color=&#8221;custom&#8221; style=&#8221;dashed&#8221; accent_color=&#8221;#efefef&#8221; css=&#8221;.vc_custom_1521619822539{padding-top: 20px !important;padding-bottom: 20px !important;}&#8221;][vc_column_text]<\/p>\n<h3>GARANT\u00cdAS<\/h3>\n<p>La Titular declara que ha adoptado todas las medidas necesarias, dentro de sus posibilidades y del estado de la tecnolog\u00eda de la que dispone, para garantizar el funcionamiento del Sitio Web y de los Contenidos y evitar la existencia y transmisi\u00f3n de virus y dem\u00e1s componentes da\u00f1inos o maliciosos a los usuarios.[\/vc_column_text][vc_separator color=&#8221;custom&#8221; style=&#8221;dashed&#8221; accent_color=&#8221;#efefef&#8221; css=&#8221;.vc_custom_1521619834151{padding-top: 20px !important;padding-bottom: 20px !important;}&#8221;][vc_column_text]<\/p>\n<h3>RESPONSABILIDADES<\/h3>\n<p>La Titular no se responsabiliza del mal uso que se realice de los contenidos de su p\u00e1gina web, siendo responsabilidad exclusiva de la persona que accede a ellos o los utiliza. Asimismo, tampoco se hace responsable de los posibles errores de seguridad que se pudieran producir por el hecho de utilizar versiones de navegadores no actualizadas, o de las consecuencias que se pudieran derivar del mal funcionamiento del navegador, ya sea por configuraci\u00f3n inadecuada, presencia de virus inform\u00e1ticos o cualquier otra causa ajena a este Sitio Web. Pese a haber adoptado todas las medidas tecnol\u00f3gicas necesarias para evitarlo, tampoco puede garantizar la absoluta ausencia de virus u otros componentes da\u00f1inos en sus p\u00e1ginas web o en los servidores que las suministran.<\/p>\n<p>La Titular queda exenta de cualquier tipo de responsabilidad por da\u00f1os y perjuicios en los siguientes casos:<\/p>\n<p>a) Por la imposibilidad o dificultades de conexi\u00f3n empleadas para acceder al Sitio Web o interrupciones del servicio, o cancelaci\u00f3n del acceso, as\u00ed como por la disponibilidad y continuidad de su funcionamiento, cuando ello se deba al mantenimiento t\u00e9cnico del Sitio Web, o bien a una causa ajena al \u00e1mbito de control de la Titular, o bien por los servicios de los prestadores de servicios de la informaci\u00f3n.<\/p>\n<p>b) Por cualquier da\u00f1o o perjuicio en el software o hardware del Usuario que se derive del acceso al Sitio Web o del uso de la informaci\u00f3n o elementos o aplicaciones en ellos contenidos.<\/p>\n<p>c) Por la idoneidad, disponibilidad o exactitud de la informaci\u00f3n o servicios contenidos en su Sitio Web o en los Contenidos, ni por los da\u00f1os directos o indirectos en relaci\u00f3n con el uso de la informaci\u00f3n o elementos en ellos contenidos.<\/p>\n<p>La Titular no ser\u00e1 responsable de si los contenidos de su Sitio Web son apropiados o est\u00e1n disponibles para su uso en otros lugares, ni de que se pueda acceder a ellos en lugares donde tales contenidos sean ilegales o est\u00e9n prohibidos. Aquellos que accedan a este sitio desde esos lugares lo hacen por propia iniciativa y s\u00f3lo a ellos les incumbe el respeto de las leyes locales.<\/p>\n<p>Por otro lado, no ser\u00e1 responsable, en ning\u00fan caso, por ning\u00fan contenido, informaci\u00f3n, comunicaci\u00f3n, opini\u00f3n o manifestaci\u00f3n de cualquier tipo que se comunique o transmita a trav\u00e9s de sus espacios en Internet (portales, blogs, p\u00e1ginas en plataformas de medios sociales, etc.), y que provenga de fuentes externas.[\/vc_column_text][vc_separator color=&#8221;custom&#8221; style=&#8221;dashed&#8221; accent_color=&#8221;#efefef&#8221; css=&#8221;.vc_custom_1521619840487{padding-top: 20px !important;padding-bottom: 20px !important;}&#8221;][vc_column_text]<\/p>\n<h3>MODIFICACI\u00d3N Y TERMINACI\u00d3N DE SERVICIOS<\/h3>\n<p>El acceso, los contenidos y servicios ofrecidos a trav\u00e9s del Sitio Web tienen, en principio, una duraci\u00f3n indefinida. No obstante, la Titular se reserva el derecho, sin necesidad de previo aviso y en cualquier momento, a suspender, denegar o restringir temporal o definitivamente el acceso a su Sitio Web y a efectuar las modificaciones que considere oportunas en los servicios ofrecidos, as\u00ed como en las Condiciones Generales. Todo ello sin que d\u00e9 lugar a indemnizaci\u00f3n alguna al Usuario.<\/p>\n<p>Cualquier cl\u00e1usula de las presentes Condiciones Generales que sea ilegal, inv\u00e1lida o inexigible ser\u00e1 excluida, y ser\u00e1 sustituida por otra que se asemeje lo m\u00e1s posible a la anterior, sin que afecte a la validez del resto que permanecer\u00e1n plenamente vigentes.[\/vc_column_text][vc_separator color=&#8221;custom&#8221; style=&#8221;dashed&#8221; accent_color=&#8221;#efefef&#8221; css=&#8221;.vc_custom_1521619845679{padding-top: 20px !important;padding-bottom: 20px !important;}&#8221;][vc_column_text]<\/p>\n<h3>LEGISLACI\u00d3N APLICABLE Y JURISDICCI\u00d3N<\/h3>\n<p>Las presentes Condiciones Generales de uso se rigen por las leyes espa\u00f1olas. Cualquier controversia o conflicto en relaci\u00f3n con el Sitio Web se someter\u00e1 a los Juzgados y Tribunales de la ciudad de Salamanca. La Comisi\u00f3n Europea facilita una plataforma de resoluci\u00f3n de litigios en l\u00ednea que se encuentra disponible en el siguiente enlace: <a href=\"http:\/\/ec.europa.eu\/consumers\/odr\" target=\"_blank\" rel=\"noopener\">http:\/\/ec.europa.eu\/consumers\/odr<\/a>.[\/vc_column_text][\/vc_column][\/vc_row]<\/p>\n","protected":false},"excerpt":{"rendered":"<p>[vc_row full_width=&#8221;stretch_row&#8221; content_placement=&#8221;middle&#8221; css_animation=&#8221;none&#8221; css=&#8221;.vc_custom_1520439018377{padding-top: 140px !important;padding-bottom: 30px !important;background-image: url(https:\/\/aprendeconcarmen.es\/wp-content\/uploads\/2018\/03\/background-textos-legales.jpg?id=25327) !important;background-position: 0 0 !important;background-repeat: no-repeat !important;}&#8221; el_id=&#8221;cabecera&#8221;][vc_column css=&#8221;.vc_custom_1519318946462{padding-top: 0px !important;}&#8221;][vc_row_inner&#8230;<\/p>\n","protected":false},"author":1,"featured_media":0,"parent":0,"menu_order":0,"comment_status":"closed","ping_status":"closed","template":"","meta":{"footnotes":""},"yoast_head":"<!-- This site is optimized with the Yoast SEO plugin v22.7 - https:\/\/yoast.com\/wordpress\/plugins\/seo\/ -->\n<title>Aviso legal y condiciones de uso de Aprende con Carmen<\/title>\n<meta name=\"description\" content=\"Clases de espa\u00f1ol online con profesora nativa. Cursos Online desde Espa\u00f1a, perfecto acento. Cursos 100% tutorizados. Aprende espa\u00f1ol online.\" \/>\n<meta name=\"robots\" content=\"noindex, nofollow\" \/>\n<meta property=\"og:locale\" content=\"es_ES\" \/>\n<meta property=\"og:type\" content=\"article\" \/>\n<meta property=\"og:title\" content=\"Aviso legal y condiciones de uso de Aprende con Carmen\" \/>\n<meta property=\"og:description\" content=\"Clases de espa\u00f1ol online con profesora nativa. Cursos Online desde Espa\u00f1a, perfecto acento. Cursos 100% tutorizados. Aprende espa\u00f1ol online.\" \/>\n<meta property=\"og:url\" content=\"https:\/\/aprendeconcarmen.es\/es\/aviso-legal-y-condiciones-de-uso\/\" \/>\n<meta property=\"og:site_name\" content=\"Aprende con Carmen\" \/>\n<meta property=\"article:modified_time\" content=\"2023-10-08T15:53:06+00:00\" \/>\n<meta name=\"twitter:card\" content=\"summary_large_image\" \/>\n<meta name=\"twitter:label1\" content=\"Tiempo de lectura\" \/>\n\t<meta name=\"twitter:data1\" content=\"10 minutos\" \/>\n<script type=\"application\/ld+json\" class=\"yoast-schema-graph\">{\"@context\":\"https:\/\/schema.org\",\"@graph\":[{\"@type\":\"WebPage\",\"@id\":\"https:\/\/aprendeconcarmen.es\/es\/aviso-legal-y-condiciones-de-uso\/\",\"url\":\"https:\/\/aprendeconcarmen.es\/es\/aviso-legal-y-condiciones-de-uso\/\",\"name\":\"Aviso legal y condiciones de uso de Aprende con Carmen\",\"isPartOf\":{\"@id\":\"https:\/\/aprendeconcarmen.es\/es\/#website\"},\"datePublished\":\"2018-02-16T11:15:51+00:00\",\"dateModified\":\"2023-10-08T15:53:06+00:00\",\"description\":\"Clases de espa\u00f1ol online con profesora nativa. Cursos Online desde Espa\u00f1a, perfecto acento. Cursos 100% tutorizados. Aprende espa\u00f1ol online.\",\"breadcrumb\":{\"@id\":\"https:\/\/aprendeconcarmen.es\/es\/aviso-legal-y-condiciones-de-uso\/#breadcrumb\"},\"inLanguage\":\"es\",\"potentialAction\":[{\"@type\":\"ReadAction\",\"target\":[\"https:\/\/aprendeconcarmen.es\/es\/aviso-legal-y-condiciones-de-uso\/\"]}]},{\"@type\":\"BreadcrumbList\",\"@id\":\"https:\/\/aprendeconcarmen.es\/es\/aviso-legal-y-condiciones-de-uso\/#breadcrumb\",\"itemListElement\":[{\"@type\":\"ListItem\",\"position\":1,\"name\":\"Portada\",\"item\":\"https:\/\/aprendeconcarmen.es\/es\/\"},{\"@type\":\"ListItem\",\"position\":2,\"name\":\"Aviso legal y condiciones de uso\"}]},{\"@type\":\"WebSite\",\"@id\":\"https:\/\/aprendeconcarmen.es\/es\/#website\",\"url\":\"https:\/\/aprendeconcarmen.es\/es\/\",\"name\":\"Aprende con Carmen\",\"description\":\"Clases de espa\u00f1ol online\",\"potentialAction\":[{\"@type\":\"SearchAction\",\"target\":{\"@type\":\"EntryPoint\",\"urlTemplate\":\"https:\/\/aprendeconcarmen.es\/es\/?s={search_term_string}\"},\"query-input\":\"required name=search_term_string\"}],\"inLanguage\":\"es\"}]}<\/script>\n<!-- \/ Yoast SEO plugin. -->","yoast_head_json":{"title":"Aviso legal y condiciones de uso de Aprende con Carmen","description":"Clases de espa\u00f1ol online con profesora nativa. Cursos Online desde Espa\u00f1a, perfecto acento. Cursos 100% tutorizados. Aprende espa\u00f1ol online.","robots":{"index":"noindex","follow":"nofollow"},"og_locale":"es_ES","og_type":"article","og_title":"Aviso legal y condiciones de uso de Aprende con Carmen","og_description":"Clases de espa\u00f1ol online con profesora nativa. Cursos Online desde Espa\u00f1a, perfecto acento. Cursos 100% tutorizados. Aprende espa\u00f1ol online.","og_url":"https:\/\/aprendeconcarmen.es\/es\/aviso-legal-y-condiciones-de-uso\/","og_site_name":"Aprende con Carmen","article_modified_time":"2023-10-08T15:53:06+00:00","twitter_card":"summary_large_image","twitter_misc":{"Tiempo de lectura":"10 minutos"},"schema":{"@context":"https:\/\/schema.org","@graph":[{"@type":"WebPage","@id":"https:\/\/aprendeconcarmen.es\/es\/aviso-legal-y-condiciones-de-uso\/","url":"https:\/\/aprendeconcarmen.es\/es\/aviso-legal-y-condiciones-de-uso\/","name":"Aviso legal y condiciones de uso de Aprende con Carmen","isPartOf":{"@id":"https:\/\/aprendeconcarmen.es\/es\/#website"},"datePublished":"2018-02-16T11:15:51+00:00","dateModified":"2023-10-08T15:53:06+00:00","description":"Clases de espa\u00f1ol online con profesora nativa. Cursos Online desde Espa\u00f1a, perfecto acento. Cursos 100% tutorizados. Aprende espa\u00f1ol online.","breadcrumb":{"@id":"https:\/\/aprendeconcarmen.es\/es\/aviso-legal-y-condiciones-de-uso\/#breadcrumb"},"inLanguage":"es","potentialAction":[{"@type":"ReadAction","target":["https:\/\/aprendeconcarmen.es\/es\/aviso-legal-y-condiciones-de-uso\/"]}]},{"@type":"BreadcrumbList","@id":"https:\/\/aprendeconcarmen.es\/es\/aviso-legal-y-condiciones-de-uso\/#breadcrumb","itemListElement":[{"@type":"ListItem","position":1,"name":"Portada","item":"https:\/\/aprendeconcarmen.es\/es\/"},{"@type":"ListItem","position":2,"name":"Aviso legal y condiciones de uso"}]},{"@type":"WebSite","@id":"https:\/\/aprendeconcarmen.es\/es\/#website","url":"https:\/\/aprendeconcarmen.es\/es\/","name":"Aprende con Carmen","description":"Clases de espa\u00f1ol online","potentialAction":[{"@type":"SearchAction","target":{"@type":"EntryPoint","urlTemplate":"https:\/\/aprendeconcarmen.es\/es\/?s={search_term_string}"},"query-input":"required name=search_term_string"}],"inLanguage":"es"}]}},"post_mailing_queue_ids":[],"_links":{"self":[{"href":"https:\/\/aprendeconcarmen.es\/es\/wp-json\/wp\/v2\/pages\/24759"}],"collection":[{"href":"https:\/\/aprendeconcarmen.es\/es\/wp-json\/wp\/v2\/pages"}],"about":[{"href":"https:\/\/aprendeconcarmen.es\/es\/wp-json\/wp\/v2\/types\/page"}],"author":[{"embeddable":true,"href":"https:\/\/aprendeconcarmen.es\/es\/wp-json\/wp\/v2\/users\/1"}],"replies":[{"embeddable":true,"href":"https:\/\/aprendeconcarmen.es\/es\/wp-json\/wp\/v2\/comments?post=24759"}],"version-history":[{"count":1,"href":"https:\/\/aprendeconcarmen.es\/es\/wp-json\/wp\/v2\/pages\/24759\/revisions"}],"predecessor-version":[{"id":44253,"href":"https:\/\/aprendeconcarmen.es\/es\/wp-json\/wp\/v2\/pages\/24759\/revisions\/44253"}],"wp:attachment":[{"href":"https:\/\/aprendeconcarmen.es\/es\/wp-json\/wp\/v2\/media?parent=24759"}],"curies":[{"name":"wp","href":"https:\/\/api.w.org\/{rel}","templated":true}]}}