{"id":24761,"date":"2018-02-16T11:16:29","date_gmt":"2018-02-16T11:16:29","guid":{"rendered":"https:\/\/developlaclave.es\/develop\/carmen\/?page_id=24761"},"modified":"2021-08-18T19:09:08","modified_gmt":"2021-08-18T17:09:08","slug":"politica-de-privacidad-y-proteccion-de-datos-personales","status":"publish","type":"page","link":"https:\/\/aprendeconcarmen.es\/es\/politica-de-privacidad-y-proteccion-de-datos-personales\/","title":{"rendered":"Pol\u00edtica de privacidad y protecci\u00f3n de datos"},"content":{"rendered":"<p>[vc_row full_width=&#8221;stretch_row&#8221; content_placement=&#8221;middle&#8221; css_animation=&#8221;none&#8221; css=&#8221;.vc_custom_1520439018377{padding-top: 140px !important;padding-bottom: 30px !important;background-image: url(https:\/\/aprendeconcarmen.es\/wp-content\/uploads\/2018\/03\/background-textos-legales.jpg?id=25327) !important;background-position: 0 0 !important;background-repeat: no-repeat !important;}&#8221; el_id=&#8221;cabecera&#8221;][vc_column css=&#8221;.vc_custom_1519318946462{padding-top: 0px !important;}&#8221;][vc_row_inner el_id=&#8221;caberatextos&#8221;][vc_column_inner][vc_column_text css_animation=&#8221;fadeInLeft&#8221; el_id=&#8221;titulopagina&#8221;]<\/p>\n<h1 style=\"text-align: center;\">POL\u00cdTICA DE\u00a0PRIVACIDAD<br \/>\nY\u00a0PROTECCI\u00d3N DE DATOS<\/h1>\n<p>[\/vc_column_text][\/vc_column_inner][\/vc_row_inner]<div class=\"clearboth\"><\/div><div class=\"gem-divider  gem-divider-style-1\" style=\"\"><svg width=\"100%\" height=\"1px\"><line x1=\"0\" x2=\"100%\" y1=\"0\" y2=\"0\" stroke=\"\" stroke-width=\"2\" stroke-linecap=\"black\" stroke-dasharray=\"4, 4\"\/><\/svg><\/div>[\/vc_column][\/vc_row][vc_row css=&#8221;.vc_custom_1521619869507{padding-bottom: 20px !important;}&#8221;][vc_column][vc_column_text]<\/p>\n<h3>1. INFORMACIO\u0301N AL USUARIO<\/h3>\n<p><span lang=\"es-ES\">En nuestro af\u00e1n por respetar la privacidad de todos los Usuarios, hemos elaborado esta pol\u00edtica de confidencialidad y protecci\u00f3n de datos para el uso de aquellos datos obtenidos a trav\u00e9s de nuestro Sitio Web. Esta pol\u00edtica se encuentra reflejada en las siguientes normas, que pueden ser actualizadas peri\u00f3dicamente, por lo que los Usuarios deber\u00e1n leer las mismas cada vez que accedan al sitio.<\/span><\/p>\n<p>CARMEN MAR\u00cdA EST\u00c9VEZ MART\u00cdN, titular del Sitio Web https:\/\/www.aprendeconcarmen.es, y en adelante la Responsable, garantiza la protecci\u00f3n de todos los datos de car\u00e1cter personal que proporcione el Usuario en el mismo y <span lang=\"es-ES\">le informa de que estos datos ser\u00e1n tratados de conformidad con lo dispuesto en el Reglamento Europeo 2016\/679 de 27 de abril de 2016 (RGPD) relativo a la protecci\u00f3n de las personas f\u00edsicas en lo que respecta al tratamiento de datos personales y a la libre circulaci\u00f3n de estos datos,<\/span> la Ley Org\u00e1nica 15\/1999 de 13 de diciembre (LOPD) relativa a la protecci\u00f3n de datos de car\u00e1cter personal y la Ley 34\/2002, de 11 de julio (LSSICE), de Servicios de la Sociedad de la Informaci\u00f3n y Comercio Electr\u00f3nico, que regula las transacciones econ\u00f3micas mediante medios electr\u00f3nicos, como es el caso de esta web, por lo que le facilita la siguiente informaci\u00f3n del tratamiento:<\/p>\n<p>El tratamiento de sus datos tendr\u00e1 las siguientes finalidades:<\/p>\n<ul>\n<li>Remisi\u00f3n de comunicaciones comerciales publicitarias por email, SMS, MMS, comunidades sociales o cualquier otro medio electr\u00f3nico o f\u00edsico, presente o futuro, que posibilite realizar comunicaciones comerciales. Estas comunicaciones ser\u00e1n realizadas por la Responsable y estar\u00e1n relacionadas sobre sus productos y servicios, o de sus colaboradores o proveedores con los que \u00e9sta haya alcanzado alg\u00fan acuerdo de promoci\u00f3n. En este caso, estos terceros nunca tendr\u00e1n acceso a los datos personales.<\/li>\n<li>Realizar estudios estad\u00edsticos.<\/li>\n<li>Tramitar encargos, solicitudes o cualquier tipo de petici\u00f3n que sea realizada por el Usuario a trav\u00e9s de cualquiera de las formas de contacto que se ponen a su disposici\u00f3n.<\/li>\n<li>Remitir comunicaciones de actualizaciones del blog, en el caso de suscripciones.<\/li>\n<\/ul>\n<p>[\/vc_column_text][vc_separator color=&#8221;custom&#8221; style=&#8221;dashed&#8221; accent_color=&#8221;#efefef&#8221; css=&#8221;.vc_custom_1521619790919{padding-top: 20px !important;padding-bottom: 20px !important;}&#8221;][vc_column_text]<b>Criterios de conservaci\u00f3n de los datos:<\/b> se conservar\u00e1n mientras exista un inter\u00e9s mutuo para mantener el fin del tratamiento, y cuando ya no sea necesario para tal fin se suprimir\u00e1n con medidas de seguridad adecuadas para garantizar la seudonimizacio\u0301n de los datos y la destrucci\u00f3n total de los mismos.<\/p>\n<p><span lang=\"es-ES\"><b>Comunicaci\u00f3n de\u00a0los datos<\/b><\/span><span lang=\"es-ES\">: No ser\u00e1n compartidos o cedidos a terceros, salvo obligaci\u00f3n legal.<\/span><\/p>\n<p><b>Legitimaci\u00f3n para el tratamiento de sus datos:<\/b> La base legal para el tratamiento de sus datos es el consentimiento. Dicho consentimiento es expreso, libre, espec\u00edfico, informado e inequ\u00edvoco.<\/p>\n<p><span lang=\"es-ES\"><b>Derechos que asisten al Usuario<\/b><\/span><span lang=\"es-ES\">:<\/span><\/p>\n<ul>\n<li><span lang=\"es-ES\">Derecho a retirar el consentimiento en cualquier momento.<\/span><\/li>\n<li><span lang=\"es-ES\">Derecho de acceso, rectificaci\u00f3n, portabilidad y supresi\u00f3n de sus datos y a la limitaci\u00f3n u oposici\u00f3n a su tratamiento.<\/span><\/li>\n<li><span lang=\"es-ES\">Derecho a presentar una reclamaci\u00f3n ante la autoridad de control (agpd.es) si considera que el tratamiento no se ajusta a la normativa vigente.<\/span><\/li>\n<\/ul>\n<h3 class=\"western\"><span style=\"color: #00000a;\"><span style=\"font-size: medium;\"><b>Servicios de terceros utilizados en esta web:<\/b><\/span><\/span><\/h3>\n<ul>\n<li><span lang=\"es-ES\"><i>Hosting<\/i><\/span><span lang=\"es-ES\">: DigitalDisseny. Empresa que proporciona servicio de alojamiento en Internet, tanto presencia web como correo electr\u00f3nico, al dominio aprendeconcarmen.es. Parque Tecnol\u00f3gico de Valencia. Ronda Narciso Monturiol, 17. Edificio AS Center 2 Rojo, 2\u00ba-5\u00aa 46980 Paterna (Valencia). Puede ver su pol\u00edtica de privacidad <a href=\"https:\/\/www.didtrans.com\/politica-de-privacidad\">aqu\u00ed<\/a>.<\/span><\/li>\n<li><span lang=\"es-ES\"><i>Plataforma web: <\/i><\/span><span lang=\"es-ES\"><a href=\"https:\/\/wordpress.org\/about\/privacy\/\">wordpress.org<\/a>.<\/span><\/li>\n<li><a name=\"_Hlk521053692\"><\/a> <span lang=\"en-US\"><i>Proveedor de Email Marketing<\/i><\/span><span lang=\"en-US\">: <a href=\"https:\/\/www.icegram.com\/email-subscribers\/\">Icegram<\/a><\/span><\/li>\n<li><span lang=\"es-ES\"><i>Plugin para captar suscriptores<\/i><\/span><span lang=\"es-ES\">: <a href=\"#_Hlk521053692\">Icegram<\/a><\/span><\/li>\n<li><a href=\"https:\/\/policies.google.com\/privacy?hl=es\"><span lang=\"es-ES\"><i>Google Analytics<\/i><\/span><\/a><span lang=\"es-ES\">.<\/span><\/li>\n<\/ul>\n<p><span lang=\"es-ES\"><b>Datos de contacto para ejercer sus derechos<\/b><\/span><span lang=\"es-ES\">:<\/span><\/p>\n<p><span lang=\"es-ES\"><i>Direcci\u00f3n postal<\/i><\/span><span lang=\"es-ES\"><i>:<\/i><\/span><span lang=\"es-ES\"> Carmen Mar\u00eda Est\u00e9vez Mart\u00edn. Plaza Conde de Barcelona, 1, 2\u00ba B 37900 Santa Marta de Tormes. Salamanca. Espa\u00f1a.<\/span><\/p>\n<p><i>Direcci\u00f3n electr\u00f3nica:<\/i> <a href=\"mailto:contacto@aprendeconcarmen.es\">contacto@aprendeconcarmen.es<\/a><\/p>\n<p>De conformidad con lo dispuesto en las normativas vigentes en protecci\u00f3n de datos personales, la Responsable esta\u0301 cumpliendo con todas las disposiciones del RGPD y de la LOPD para el tratamiento de los datos personales de su responsabilidad, y manifiestamente con los principios descritos en el art\u00edculo 5 del RGPD y en el art\u00edculo 4 de la LOPD, por los cuales son tratados de manera l\u00edcita, leal y transparente en relaci\u00f3n con el interesado y, adecuados, pertinentes y limitados a lo necesario en relaci\u00f3n con los fines para los que son tratados.[\/vc_column_text][vc_separator color=&#8221;custom&#8221; style=&#8221;dashed&#8221; accent_color=&#8221;#efefef&#8221; css=&#8221;.vc_custom_1521619798759{padding-top: 20px !important;padding-bottom: 20px !important;}&#8221;][vc_column_text]<\/p>\n<h3>2. INFORMACIO\u0301N FACILITADA POR EL USUARIO<\/h3>\n<p>Esta p\u00e1gina recopila datos personales del Usuario:<\/p>\n<ul>\n<li>Al registrarse en el \u00c1rea de Alumnos.<\/li>\n<li>Al inscribirse para realizar una clase de prueba gratuita para comprobar c\u00f3mo funciona el sistema de ense\u00f1anza de la p\u00e1gina.<\/li>\n<li>Cuando el Usuario solicita informaci\u00f3n utilizando el formulario de contacto.<\/li>\n<li>Al realizar una reserva de clases en el calendario.<\/li>\n<li>Cuando se suscribe al blog.<\/li>\n<\/ul>\n<p>En cualquiera de estos puntos, los Usuarios, mediante la marcaci\u00f3n de las casillas correspondientes y entrada de datos en los campos marcados con un asterisco (*), aceptan expresamente y de forma libre e inequ\u00edvoca que sus datos son necesarios para atender su petici\u00f3n por parte del prestador, siendo voluntaria la inclusi\u00f3n de datos en los campos restantes. El Usuario garantiza que los datos personales facilitados a la Responsable son veraces y se hace responsable de comunicar cualquier modificaci\u00f3n de los mismos.<\/p>\n<p><span lang=\"es-ES\">En ning\u00fan caso, recopilamos informaci\u00f3n sobre los datos bancarios y\/o las tarjetas de d\u00e9bito o de cr\u00e9dito del Usuario cuando las transacciones econ\u00f3micas se realizan fuera del Sitio Web a trav\u00e9s de la plataforma PAYPAL. Cuando se realizan facilitando la tarjeta de cr\u00e9dito dentro del Sitio Web, estos datos son enviados de forma cifrada a la plataforma STRIPE, que se encarga de gestionar el pago.<\/span><\/p>\n<p><span lang=\"es-ES\">En cualquier caso, todas las comunicaciones entre la p\u00e1gina y el Usuario est\u00e1n aseguradas mediante un certificado de seguridad SSL, de tal forma que el Usuario puede comprobar en cualquier momento que la p\u00e1gina visitada pertenece al Sitio Web verificando la URL y el s\u00edmbolo de \u201csitio seguro\u201d colocado delante de esta URL, que ser\u00e1 del tipo https.<\/span><\/p>\n<p>Carmen Est\u00e9vez informa y garantiza expresamente a los usuarios que sus datos personales no ser\u00e1n cedidos en ning\u00fan caso a terceros, y que siempre que realice alg\u00fan tipo de cesi\u00f3n de datos personales, se pedir\u00e1\u0301 previamente el consentimiento expreso, informado e inequ\u00edvoco por parte de los Usuarios. Los datos obligatorios solicitados a trav\u00e9s del sitio web son necesarios para la prestaci\u00f3n de un servicio \u00f3ptimo al Usuario. En caso de que no sean facilitados todos los datos, no se garantiza que la informaci\u00f3n y servicios facilitados sean completamente ajustados a sus necesidades.<\/p>\n<p>Adem\u00e1s, se almacenan diversos datos mediante el empleo de cookies. Si desea saber m\u00e1s sobre nuestra <a href=\"https:\/\/www.tuescueladeespanol.es\/politica-de-cookies\/\"><span style=\"color: #0000ff;\"><u>Pol\u00edtica de Cookies<\/u><\/span><\/a>, lea el apartado dedicado a ellas.[\/vc_column_text][vc_separator color=&#8221;custom&#8221; style=&#8221;dashed&#8221; accent_color=&#8221;#efefef&#8221; css=&#8221;.vc_custom_1521619808143{padding-top: 20px !important;padding-bottom: 20px !important;}&#8221;][vc_column_text]<\/p>\n<h3>3. MEDIDAS DE SEGURIDAD<\/h3>\n<p>Carmen Est\u00e9vez garantiza que ha implementado pol\u00edticas t\u00e9cnicas y organizativas apropiadas para aplicar las medidas de seguridad que establecen el RGPD y la LOPD con el fin de proteger los derechos y libertades de los Usuarios, y les ha comunicado la informaci\u00f3n adecuada para que puedan ejercerlos.<\/p>\n<p>El Sitio Web ha adoptado todos los medios y medidas t\u00e9cnicas a su alcance para evitar la p\u00e9rdida, mal uso, alteraci\u00f3n, acceso no autorizado o robo de los datos personales facilitados. A pesar de ello, el Usuario debe ser consciente de que las medidas de seguridad en Internet no son inexpugnables, por lo que, si se diera alguno de estos casos, no se asume ninguna responsabilidad por parte del Sitio Web.<\/p>\n<p>Documento revisado en mayo de dos mil dieciocho.[\/vc_column_text][\/vc_column][\/vc_row]<\/p>\n","protected":false},"excerpt":{"rendered":"<p>[vc_row full_width=&#8221;stretch_row&#8221; content_placement=&#8221;middle&#8221; css_animation=&#8221;none&#8221; css=&#8221;.vc_custom_1520439018377{padding-top: 140px !important;padding-bottom: 30px !important;background-image: url(https:\/\/aprendeconcarmen.es\/wp-content\/uploads\/2018\/03\/background-textos-legales.jpg?id=25327) !important;background-position: 0 0 !important;background-repeat: no-repeat !important;}&#8221; el_id=&#8221;cabecera&#8221;][vc_column css=&#8221;.vc_custom_1519318946462{padding-top: 0px !important;}&#8221;][vc_row_inner&#8230;<\/p>\n","protected":false},"author":1,"featured_media":0,"parent":0,"menu_order":0,"comment_status":"closed","ping_status":"closed","template":"","meta":{"footnotes":""},"yoast_head":"<!-- This site is optimized with the Yoast SEO plugin v22.7 - https:\/\/yoast.com\/wordpress\/plugins\/seo\/ -->\n<title>Pol\u00edtica de privacidad de Aprende con Carmen<\/title>\n<meta name=\"description\" content=\"Cursos online de espa\u00f1ol. Con profesora nativa. Conversaci\u00f3n, gram\u00e1tica, DELE. Clases online 100% tutorizadas.\" \/>\n<meta name=\"robots\" content=\"noindex, nofollow\" \/>\n<meta property=\"og:locale\" content=\"es_ES\" \/>\n<meta property=\"og:type\" content=\"article\" \/>\n<meta property=\"og:title\" content=\"Pol\u00edtica de privacidad de Aprende con Carmen\" \/>\n<meta property=\"og:description\" content=\"Cursos online de espa\u00f1ol. Con profesora nativa. Conversaci\u00f3n, gram\u00e1tica, DELE. Clases online 100% tutorizadas.\" \/>\n<meta property=\"og:url\" content=\"https:\/\/aprendeconcarmen.es\/es\/politica-de-privacidad-y-proteccion-de-datos-personales\/\" \/>\n<meta property=\"og:site_name\" content=\"Aprende con Carmen\" \/>\n<meta property=\"article:modified_time\" content=\"2021-08-18T17:09:08+00:00\" \/>\n<meta name=\"twitter:card\" content=\"summary_large_image\" \/>\n<meta name=\"twitter:label1\" content=\"Tiempo de lectura\" \/>\n\t<meta name=\"twitter:data1\" content=\"7 minutos\" \/>\n<script type=\"application\/ld+json\" class=\"yoast-schema-graph\">{\"@context\":\"https:\/\/schema.org\",\"@graph\":[{\"@type\":\"WebPage\",\"@id\":\"https:\/\/aprendeconcarmen.es\/es\/politica-de-privacidad-y-proteccion-de-datos-personales\/\",\"url\":\"https:\/\/aprendeconcarmen.es\/es\/politica-de-privacidad-y-proteccion-de-datos-personales\/\",\"name\":\"Pol\u00edtica de privacidad de Aprende con Carmen\",\"isPartOf\":{\"@id\":\"https:\/\/aprendeconcarmen.es\/es\/#website\"},\"datePublished\":\"2018-02-16T11:16:29+00:00\",\"dateModified\":\"2021-08-18T17:09:08+00:00\",\"description\":\"Cursos online de espa\u00f1ol. Con profesora nativa. Conversaci\u00f3n, gram\u00e1tica, DELE. Clases online 100% tutorizadas.\",\"breadcrumb\":{\"@id\":\"https:\/\/aprendeconcarmen.es\/es\/politica-de-privacidad-y-proteccion-de-datos-personales\/#breadcrumb\"},\"inLanguage\":\"es\",\"potentialAction\":[{\"@type\":\"ReadAction\",\"target\":[\"https:\/\/aprendeconcarmen.es\/es\/politica-de-privacidad-y-proteccion-de-datos-personales\/\"]}]},{\"@type\":\"BreadcrumbList\",\"@id\":\"https:\/\/aprendeconcarmen.es\/es\/politica-de-privacidad-y-proteccion-de-datos-personales\/#breadcrumb\",\"itemListElement\":[{\"@type\":\"ListItem\",\"position\":1,\"name\":\"Portada\",\"item\":\"https:\/\/aprendeconcarmen.es\/es\/\"},{\"@type\":\"ListItem\",\"position\":2,\"name\":\"Pol\u00edtica de privacidad y protecci\u00f3n de datos\"}]},{\"@type\":\"WebSite\",\"@id\":\"https:\/\/aprendeconcarmen.es\/es\/#website\",\"url\":\"https:\/\/aprendeconcarmen.es\/es\/\",\"name\":\"Aprende con Carmen\",\"description\":\"Clases de espa\u00f1ol online\",\"potentialAction\":[{\"@type\":\"SearchAction\",\"target\":{\"@type\":\"EntryPoint\",\"urlTemplate\":\"https:\/\/aprendeconcarmen.es\/es\/?s={search_term_string}\"},\"query-input\":\"required name=search_term_string\"}],\"inLanguage\":\"es\"}]}<\/script>\n<!-- \/ Yoast SEO plugin. -->","yoast_head_json":{"title":"Pol\u00edtica de privacidad de Aprende con Carmen","description":"Cursos online de espa\u00f1ol. Con profesora nativa. Conversaci\u00f3n, gram\u00e1tica, DELE. Clases online 100% tutorizadas.","robots":{"index":"noindex","follow":"nofollow"},"og_locale":"es_ES","og_type":"article","og_title":"Pol\u00edtica de privacidad de Aprende con Carmen","og_description":"Cursos online de espa\u00f1ol. Con profesora nativa. Conversaci\u00f3n, gram\u00e1tica, DELE. Clases online 100% tutorizadas.","og_url":"https:\/\/aprendeconcarmen.es\/es\/politica-de-privacidad-y-proteccion-de-datos-personales\/","og_site_name":"Aprende con Carmen","article_modified_time":"2021-08-18T17:09:08+00:00","twitter_card":"summary_large_image","twitter_misc":{"Tiempo de lectura":"7 minutos"},"schema":{"@context":"https:\/\/schema.org","@graph":[{"@type":"WebPage","@id":"https:\/\/aprendeconcarmen.es\/es\/politica-de-privacidad-y-proteccion-de-datos-personales\/","url":"https:\/\/aprendeconcarmen.es\/es\/politica-de-privacidad-y-proteccion-de-datos-personales\/","name":"Pol\u00edtica de privacidad de Aprende con Carmen","isPartOf":{"@id":"https:\/\/aprendeconcarmen.es\/es\/#website"},"datePublished":"2018-02-16T11:16:29+00:00","dateModified":"2021-08-18T17:09:08+00:00","description":"Cursos online de espa\u00f1ol. Con profesora nativa. Conversaci\u00f3n, gram\u00e1tica, DELE. Clases online 100% tutorizadas.","breadcrumb":{"@id":"https:\/\/aprendeconcarmen.es\/es\/politica-de-privacidad-y-proteccion-de-datos-personales\/#breadcrumb"},"inLanguage":"es","potentialAction":[{"@type":"ReadAction","target":["https:\/\/aprendeconcarmen.es\/es\/politica-de-privacidad-y-proteccion-de-datos-personales\/"]}]},{"@type":"BreadcrumbList","@id":"https:\/\/aprendeconcarmen.es\/es\/politica-de-privacidad-y-proteccion-de-datos-personales\/#breadcrumb","itemListElement":[{"@type":"ListItem","position":1,"name":"Portada","item":"https:\/\/aprendeconcarmen.es\/es\/"},{"@type":"ListItem","position":2,"name":"Pol\u00edtica de privacidad y protecci\u00f3n de datos"}]},{"@type":"WebSite","@id":"https:\/\/aprendeconcarmen.es\/es\/#website","url":"https:\/\/aprendeconcarmen.es\/es\/","name":"Aprende con Carmen","description":"Clases de espa\u00f1ol online","potentialAction":[{"@type":"SearchAction","target":{"@type":"EntryPoint","urlTemplate":"https:\/\/aprendeconcarmen.es\/es\/?s={search_term_string}"},"query-input":"required name=search_term_string"}],"inLanguage":"es"}]}},"post_mailing_queue_ids":[],"_links":{"self":[{"href":"https:\/\/aprendeconcarmen.es\/es\/wp-json\/wp\/v2\/pages\/24761"}],"collection":[{"href":"https:\/\/aprendeconcarmen.es\/es\/wp-json\/wp\/v2\/pages"}],"about":[{"href":"https:\/\/aprendeconcarmen.es\/es\/wp-json\/wp\/v2\/types\/page"}],"author":[{"embeddable":true,"href":"https:\/\/aprendeconcarmen.es\/es\/wp-json\/wp\/v2\/users\/1"}],"replies":[{"embeddable":true,"href":"https:\/\/aprendeconcarmen.es\/es\/wp-json\/wp\/v2\/comments?post=24761"}],"version-history":[{"count":0,"href":"https:\/\/aprendeconcarmen.es\/es\/wp-json\/wp\/v2\/pages\/24761\/revisions"}],"wp:attachment":[{"href":"https:\/\/aprendeconcarmen.es\/es\/wp-json\/wp\/v2\/media?parent=24761"}],"curies":[{"name":"wp","href":"https:\/\/api.w.org\/{rel}","templated":true}]}}