{"id":24768,"date":"2018-02-16T11:20:37","date_gmt":"2018-02-16T11:20:37","guid":{"rendered":"https:\/\/developlaclave.es\/develop\/carmen\/?page_id=24768"},"modified":"2023-10-08T17:56:14","modified_gmt":"2023-10-08T15:56:14","slug":"faqs-sobre-las-clases-online-de-espanol-de-carmen-estevez","status":"publish","type":"page","link":"https:\/\/aprendeconcarmen.es\/es\/faqs-sobre-las-clases-online-de-espanol-de-carmen-estevez\/","title":{"rendered":"FAQ"},"content":{"rendered":"<p>[vc_row full_width=&#8221;stretch_row&#8221; content_placement=&#8221;middle&#8221; css_animation=&#8221;none&#8221; css=&#8221;.vc_custom_1522836926346{padding-top: 130px !important;background-image: url(https:\/\/aprendeconcarmen.es\/wp-content\/uploads\/2018\/03\/background-faqs.jpg?id=24909) !important;background-position: 0 0 !important;background-repeat: no-repeat !important;}&#8221; el_id=&#8221;cabecera&#8221;][vc_column css=&#8221;.vc_custom_1519318946462{padding-top: 0px !important;}&#8221;][vc_row_inner el_id=&#8221;caberatextos&#8221;][vc_column_inner width=&#8221;1\/2&#8243;][vc_column_text css_animation=&#8221;fadeInLeft&#8221; el_id=&#8221;titulopagina&#8221;]<\/p>\n<h1 style=\"text-align: right;\"><strong>FAQ<br \/>\n<\/strong><\/h1>\n<p>[\/vc_column_text][\/vc_column_inner][vc_column_inner width=&#8221;1\/2&#8243;][vc_column_text css_animation=&#8221;fadeInRight&#8221; el_id=&#8221;subtitulopagina&#8221;]<\/p>\n<h2 style=\"text-align: left;\">CLASES ONLINE<\/h2>\n<p>DE ESPA\u00d1OL<\/p>\n<p>de Carmen\u00a0Est\u00e9vez<\/p>\n<p>[\/vc_column_text][\/vc_column_inner][\/vc_row_inner]<div class=\"gem-button-container gem-button-position-center\"><a class=\"gem-button gem-button-size-medium gem-button-style-flat gem-button-text-weight-normal gem-button-empty\" style=\"border-radius: 3px;background-color: rgba(255,255,255,0.01);color: rgba(255,255,255,0.52);\" onmouseleave=\"this.style.backgroundColor='rgba(255,255,255,0.01)';this.style.color='rgba(255,255,255,0.52)';\" onmouseenter=\"this.style.backgroundColor='rgba(255,255,255,0.01)';this.style.color='rgba(255,255,255,0.26)';\" href=\"#formulario\" target=\"_self\"><i class=\"gem-print-icon gem-icon-pack-fontawesome\">&#xf078;<\/i><\/a><\/div> [\/vc_column][\/vc_row][vc_row full_width=&#8221;stretch_row&#8221; gap=&#8221;10&#8243; content_placement=&#8221;top&#8221; css=&#8221;.vc_custom_1521046641048{margin-bottom: 0px !important;padding-top: 20px !important;padding-bottom: 0px !important;background-color: #ffffff !important;background-position: center !important;background-repeat: no-repeat !important;background-size: cover !important;}&#8221; el_class=&#8221;custom-bg-1&#8243;][vc_column width=&#8221;1\/3&#8243; css=&#8221;.vc_custom_1519997062942{margin-top: 0px !important;padding-top: 0px !important;}&#8221;][vc_row_inner content_placement=&#8221;top&#8221;][vc_column_inner][vc_toggle title=&#8221;\u00bfTienes experiencia con alumnos extranjeros?&#8221; style=&#8221;round&#8221; color=&#8221;grey&#8221; size=&#8221;lg&#8221; css_animation=&#8221;fadeInUp&#8221;]S\u00ed, hace m\u00e1s de 20 a\u00f1os que trabajo como profesora de espa\u00f1ol para alumnos extranjeros.[\/vc_toggle][vc_toggle title=&#8221;\u00bfQu\u00e9 son las clases A la carta?&#8221; style=&#8221;round&#8221; color=&#8221;grey&#8221; size=&#8221;lg&#8221; css_animation=&#8221;fadeInUp&#8221;]En las clases A la carta t\u00fa eres el que elige lo que quieres estudiar, que puede ser gram\u00e1tica, vocabulario, practicar la expresi\u00f3n escrita, pronunciaci\u00f3n, comprensiones auditivas&#8230;[\/vc_toggle][vc_toggle title=&#8221;\u00bfEn las clases A la carta puedo dar clases de conversaci\u00f3n?&#8221; style=&#8221;round&#8221; color=&#8221;grey&#8221; size=&#8221;lg&#8221; css_animation=&#8221;fadeInUp&#8221;]No, para eso est\u00e1n las clases espec\u00edficas de conversaci\u00f3n.[\/vc_toggle][vc_toggle title=&#8221;\u00bfC\u00f3mo empiezo?&#8221; style=&#8221;round&#8221; color=&#8221;grey&#8221; size=&#8221;lg&#8221; css_animation=&#8221;fadeInUp&#8221;]En primer lugar, tienes que reservar una clase de prueba gratuita de 25 minutos para que conozca tu nivel de espa\u00f1ol y para hablar de tus necesidades y plan de estudio. En segundo lugar, si te gusta puedes seleccionar tus futuras clases en &#8220;reservas tus clases&#8221;.[\/vc_toggle][vc_toggle title=&#8221;\u00bfC\u00f3mo pago las clases?&#8221; style=&#8221;round&#8221; color=&#8221;grey&#8221; size=&#8221;lg&#8221; css_animation=&#8221;fadeInUp&#8221;]Las clases se pagan por adelantado. Se pueden pagar por transferencia bancaria o con tarjeta de cr\u00e9dito. Selecciona un pack en \u201creserva tus clases\u201d y, tras realizar el pago, recibir\u00e1s un correo electr\u00f3nico de confirmaci\u00f3n de la compra con tu usuario y contrase\u00f1a para acceder a tu \u00c1rea de alumno. Una vez entres en ella, s\u00f3lo tendr\u00e1s que elegir en el Calendario los d\u00edas y horas en los que deseas recibir la clase.[\/vc_toggle][vc_toggle title=&#8221;\u00bfPuedo elegir los d\u00edas y el horario?&#8221; style=&#8221;round&#8221; color=&#8221;grey&#8221; size=&#8221;lg&#8221; css_animation=&#8221;fadeInUp&#8221;]S\u00ed, desde &#8220;reservas tus clases&#8221; puedes hacerlo. Ten en cuenta el horario de Espa\u00f1a y el horario de tu pa\u00eds. Los horarios del calendario de reservas son los de Espa\u00f1a (Europa Central).[\/vc_toggle][\/vc_column_inner][\/vc_row_inner][\/vc_column][vc_column width=&#8221;1\/3&#8243; css=&#8221;.vc_custom_1519997075848{margin-top: 0px !important;padding-top: 0px !important;}&#8221;][vc_row_inner content_placement=&#8221;top&#8221;][vc_column_inner][vc_toggle title=&#8221;Si anulo las clases que ya he pagado \u00bfme devuelves el dinero?&#8221; style=&#8221;round&#8221; color=&#8221;grey&#8221; size=&#8221;lg&#8221; css_animation=&#8221;fadeInUp&#8221;]Puesto que las clases no caducan, no se devolver\u00e1 el importe correspondiente a las clases no recibidas. T\u00fa puedes consumirlas en otra ocasi\u00f3n.[\/vc_toggle][vc_toggle title=&#8221;\u00bfCu\u00e1nto cuesta el material de estudio?&#8221; style=&#8221;round&#8221; color=&#8221;grey&#8221; size=&#8221;lg&#8221; css_animation=&#8221;fadeInUp&#8221;]El material de estudio es gratis tanto para las clases como para trabajar en tu casa. S\u00f3lo pagas por las clases. Si alg\u00fan estudiante prefiere usar un manual, los gastos de compra del libro correr\u00e1n por su cuenta.[\/vc_toggle][vc_toggle title=&#8221;\u00bfHay clases para ni\u00f1os?&#8221; style=&#8221;round&#8221; color=&#8221;grey&#8221; size=&#8221;lg&#8221; css_animation=&#8221;fadeInUp&#8221;]Solamente doy clases a alumnos mayores de 17 a\u00f1os.[\/vc_toggle][vc_toggle title=&#8221;\u00bfSe pueden recibir clases con cualquier nivel de espa\u00f1ol?&#8221; style=&#8221;round&#8221; color=&#8221;grey&#8221; size=&#8221;lg&#8221; css_animation=&#8221;fadeInUp&#8221;]S\u00ed, se puede empezar desde un nivel inicial o si ya tienes conocimientos previos. Tengo una gran experiencia con alumnos de todos los niveles.[\/vc_toggle][vc_toggle title=&#8221;\u00bfLas clases son individuales?&#8221; style=&#8221;round&#8221; color=&#8221;grey&#8221; size=&#8221;lg&#8221; css_animation=&#8221;fadeInUp&#8221;]S\u00ed, durante las clases estar\u00e9 \u00fanica y exclusivamente contigo.[\/vc_toggle][vc_toggle title=&#8221;\u00bfEs posible recibir clases de espa\u00f1ol de los negocios?&#8221; style=&#8221;round&#8221; color=&#8221;grey&#8221; size=&#8221;lg&#8221; css_animation=&#8221;fadeInUp&#8221;]No.[\/vc_toggle][vc_toggle title=&#8221;\u00bfCaducan los packs?&#8221; style=&#8221;round&#8221; color=&#8221;grey&#8221; size=&#8221;lg&#8221; css_animation=&#8221;fadeInUp&#8221;]<span class=\"\" lang=\"ES-TRAD\">Las clases no caducan. Puedes consumirlas cuando quieras.<\/span>[\/vc_toggle][\/vc_column_inner][\/vc_row_inner][\/vc_column][vc_column width=&#8221;1\/3&#8243; css=&#8221;.vc_custom_1519997105108{margin-top: 0px !important;padding-top: 0px !important;}&#8221;][vc_row_inner content_placement=&#8221;top&#8221;][vc_column_inner][vc_toggle title=&#8221;\u00bfPuedo hablar en mi lengua materna si no entiendo algo?&#8221; style=&#8221;round&#8221; color=&#8221;grey&#8221; size=&#8221;lg&#8221; css_animation=&#8221;fadeInUp&#8221;]Lo mejor es que hagas un esfuerzo. Hablaremos siempre en espa\u00f1ol. Te aseguro que es lo mejor para tu proceso de aprendizaje.[\/vc_toggle][vc_toggle title=&#8221;Si quiero tener un n\u00famero distinto de clases al que ofreces en los packs, o en otro horario, \u00bfes posible?&#8221; style=&#8221;round&#8221; color=&#8221;grey&#8221; size=&#8221;lg&#8221; css_animation=&#8221;fadeInUp&#8221;]S\u00ed, s\u00f3lo tienes que escribir a contacto@aprendeconcarmen.es y hablamos.[\/vc_toggle][vc_toggle title=&#8221;\u00bfPuedo cancelar una clase?&#8221; style=&#8221;round&#8221; color=&#8221;grey&#8221; size=&#8221;lg&#8221; css_animation=&#8221;fadeInUp&#8221;]Si necesitas cancelar una clase, y cambiar el d\u00eda y la hora, env\u00edame un correo electr\u00f3nico a <a href=\"mailto:contacto@aprendeconcarmen.es\" target=\"_blank\" rel=\"noopener\">contacto@aprendeconcarmen.es<\/a>, como m\u00ednimo, 24 horas antes del comienzo de la clase que estaba programada para no perderla. Simplemente cambiamos el d\u00eda y la hora a otro momento que te venga mejor.[\/vc_toggle][vc_toggle title=&#8221;\u00bfQu\u00e9 pasa si no me conecto a una clase?&#8221; style=&#8221;round&#8221; color=&#8221;grey&#8221; size=&#8221;lg&#8221; css_animation=&#8221;fadeInUp&#8221;]Si no me has avisado con 24 horas de antelaci\u00f3n, esperar\u00e9 durante 15 minutos, pero si en ese tiempo no te conectas perder\u00e1s la clase y no podr\u00e1 recuperarse. Tu tiempo es oro y el m\u00edo tambi\u00e9n.[\/vc_toggle][vc_toggle title=&#8221;Si quiero prepararme el examen DELE, \u00bfcu\u00e1ntas clases me aconsejas tener?&#8221; style=&#8221;round&#8221; color=&#8221;grey&#8221; size=&#8221;lg&#8221; css_animation=&#8221;fadeInUp&#8221;]Soy examinadora de DELE y por mi experiencia con otros estudiantes que han superado este examen, para tener buenos resultados te recomiendo que, como m\u00ednimo, tengas 2 clases online a la semana durante 1 \u00f3 2 meses antes de la prueba. Si no tienes el nivel requerido para el examen deber\u00edas tener clases antes, para revisar los contenidos de ese nivel, y despu\u00e9s preparar el examen DELE.[\/vc_toggle][vc_toggle title=&#8221;\u00bfDas clases presenciales?&#8221; style=&#8221;round&#8221; color=&#8221;grey&#8221; size=&#8221;lg&#8221; css_animation=&#8221;fadeInUp&#8221;]S\u00ed, imparto clases individuales en mi casa de Salamanca (Espa\u00f1a). Si tienes inter\u00e9s, contacta conmigo.[\/vc_toggle][vc_toggle title=&#8221;Ohhhh, no he encontrado la respuesta que buscaba \u00bfqu\u00e9 hago?&#8221; style=&#8221;round&#8221; color=&#8221;grey&#8221; size=&#8221;lg&#8221; css_animation=&#8221;fadeInUp&#8221;]Escr\u00edbeme\u00a0a <a href=\"mailto:contacto@aprendeconcarmen.es\" target=\"_blank\" rel=\"noopener\">contacto@aprendeconcarmen.es<\/a>\u00a0y te contestar\u00e9 enseguida.<\/p>\n<p>Te recuerdo que hay un refr\u00e1n espa\u00f1ol que dice:<br \/>\n<strong><em>&#8220;Es de sabios preguntar y de tontos el callar&#8221;<\/em><\/strong>.<\/p>\n<p>As\u00ed que ya sabes.[\/vc_toggle][\/vc_column_inner][\/vc_row_inner][\/vc_column][\/vc_row][vc_row css=&#8221;.vc_custom_1521046650289{margin-top: 0px !important;padding-top: 0px !important;padding-bottom: 20px !important;}&#8221;][vc_column][vc_single_image image=&#8221;24932&#8243; img_size=&#8221;full&#8221; alignment=&#8221;center&#8221; style=&#8221;vc_box_circle_2&#8243;][\/vc_column][\/vc_row]<\/p>\n","protected":false},"excerpt":{"rendered":"<p>[vc_row full_width=&#8221;stretch_row&#8221; content_placement=&#8221;middle&#8221; css_animation=&#8221;none&#8221; css=&#8221;.vc_custom_1522836926346{padding-top: 130px !important;background-image: url(https:\/\/aprendeconcarmen.es\/wp-content\/uploads\/2018\/03\/background-faqs.jpg?id=24909) !important;background-position: 0 0 !important;background-repeat: no-repeat !important;}&#8221; el_id=&#8221;cabecera&#8221;][vc_column css=&#8221;.vc_custom_1519318946462{padding-top: 0px !important;}&#8221;][vc_row_inner el_id=&#8221;caberatextos&#8221;][vc_column_inner width=&#8221;1\/2&#8243;][vc_column_text&#8230;<\/p>\n","protected":false},"author":1,"featured_media":0,"parent":0,"menu_order":0,"comment_status":"closed","ping_status":"closed","template":"","meta":{"footnotes":""},"yoast_head":"<!-- This site is optimized with the Yoast SEO plugin v22.7 - https:\/\/yoast.com\/wordpress\/plugins\/seo\/ -->\n<title>FAQ&#039;s clases online de espa\u00f1ol de Carmen Est\u00e9vez - Aprende con Carmen<\/title>\n<meta name=\"description\" content=\"FAQ&#039;s sobre clases online de espa\u00f1ol en las que encontrar\u00e1s respuesta a todas las dudas que puedas tener. \u00a1Resuelve tus dudas con Carmen!\" \/>\n<meta name=\"robots\" content=\"index, follow, max-snippet:-1, max-image-preview:large, max-video-preview:-1\" \/>\n<link rel=\"canonical\" href=\"https:\/\/aprendeconcarmen.es\/es\/faqs-sobre-las-clases-online-de-espanol-de-carmen-estevez\/\" \/>\n<meta property=\"og:locale\" content=\"es_ES\" \/>\n<meta property=\"og:type\" content=\"article\" \/>\n<meta property=\"og:title\" content=\"FAQ&#039;s clases online de espa\u00f1ol de Carmen Est\u00e9vez - Aprende con Carmen\" \/>\n<meta property=\"og:description\" content=\"FAQ&#039;s sobre clases online de espa\u00f1ol en las que encontrar\u00e1s respuesta a todas las dudas que puedas tener. \u00a1Resuelve tus dudas con Carmen!\" \/>\n<meta property=\"og:url\" content=\"https:\/\/aprendeconcarmen.es\/es\/faqs-sobre-las-clases-online-de-espanol-de-carmen-estevez\/\" \/>\n<meta property=\"og:site_name\" content=\"Aprende con Carmen\" \/>\n<meta property=\"article:modified_time\" content=\"2023-10-08T15:56:14+00:00\" \/>\n<meta name=\"twitter:card\" content=\"summary_large_image\" \/>\n<meta name=\"twitter:label1\" content=\"Tiempo de lectura\" \/>\n\t<meta name=\"twitter:data1\" content=\"4 minutos\" \/>\n<script type=\"application\/ld+json\" class=\"yoast-schema-graph\">{\"@context\":\"https:\/\/schema.org\",\"@graph\":[{\"@type\":\"WebPage\",\"@id\":\"https:\/\/aprendeconcarmen.es\/es\/faqs-sobre-las-clases-online-de-espanol-de-carmen-estevez\/\",\"url\":\"https:\/\/aprendeconcarmen.es\/es\/faqs-sobre-las-clases-online-de-espanol-de-carmen-estevez\/\",\"name\":\"FAQ's clases online de espa\u00f1ol de Carmen Est\u00e9vez - Aprende con Carmen\",\"isPartOf\":{\"@id\":\"https:\/\/aprendeconcarmen.es\/es\/#website\"},\"datePublished\":\"2018-02-16T11:20:37+00:00\",\"dateModified\":\"2023-10-08T15:56:14+00:00\",\"description\":\"FAQ's sobre clases online de espa\u00f1ol en las que encontrar\u00e1s respuesta a todas las dudas que puedas tener. \u00a1Resuelve tus dudas con Carmen!\",\"breadcrumb\":{\"@id\":\"https:\/\/aprendeconcarmen.es\/es\/faqs-sobre-las-clases-online-de-espanol-de-carmen-estevez\/#breadcrumb\"},\"inLanguage\":\"es\",\"potentialAction\":[{\"@type\":\"ReadAction\",\"target\":[\"https:\/\/aprendeconcarmen.es\/es\/faqs-sobre-las-clases-online-de-espanol-de-carmen-estevez\/\"]}]},{\"@type\":\"BreadcrumbList\",\"@id\":\"https:\/\/aprendeconcarmen.es\/es\/faqs-sobre-las-clases-online-de-espanol-de-carmen-estevez\/#breadcrumb\",\"itemListElement\":[{\"@type\":\"ListItem\",\"position\":1,\"name\":\"Portada\",\"item\":\"https:\/\/aprendeconcarmen.es\/es\/\"},{\"@type\":\"ListItem\",\"position\":2,\"name\":\"FAQ\"}]},{\"@type\":\"WebSite\",\"@id\":\"https:\/\/aprendeconcarmen.es\/es\/#website\",\"url\":\"https:\/\/aprendeconcarmen.es\/es\/\",\"name\":\"Aprende con Carmen\",\"description\":\"Clases de espa\u00f1ol online\",\"potentialAction\":[{\"@type\":\"SearchAction\",\"target\":{\"@type\":\"EntryPoint\",\"urlTemplate\":\"https:\/\/aprendeconcarmen.es\/es\/?s={search_term_string}\"},\"query-input\":\"required name=search_term_string\"}],\"inLanguage\":\"es\"}]}<\/script>\n<!-- \/ Yoast SEO plugin. -->","yoast_head_json":{"title":"FAQ's clases online de espa\u00f1ol de Carmen Est\u00e9vez - Aprende con Carmen","description":"FAQ's sobre clases online de espa\u00f1ol en las que encontrar\u00e1s respuesta a todas las dudas que puedas tener. \u00a1Resuelve tus dudas con Carmen!","robots":{"index":"index","follow":"follow","max-snippet":"max-snippet:-1","max-image-preview":"max-image-preview:large","max-video-preview":"max-video-preview:-1"},"canonical":"https:\/\/aprendeconcarmen.es\/es\/faqs-sobre-las-clases-online-de-espanol-de-carmen-estevez\/","og_locale":"es_ES","og_type":"article","og_title":"FAQ's clases online de espa\u00f1ol de Carmen Est\u00e9vez - Aprende con Carmen","og_description":"FAQ's sobre clases online de espa\u00f1ol en las que encontrar\u00e1s respuesta a todas las dudas que puedas tener. \u00a1Resuelve tus dudas con Carmen!","og_url":"https:\/\/aprendeconcarmen.es\/es\/faqs-sobre-las-clases-online-de-espanol-de-carmen-estevez\/","og_site_name":"Aprende con Carmen","article_modified_time":"2023-10-08T15:56:14+00:00","twitter_card":"summary_large_image","twitter_misc":{"Tiempo de lectura":"4 minutos"},"schema":{"@context":"https:\/\/schema.org","@graph":[{"@type":"WebPage","@id":"https:\/\/aprendeconcarmen.es\/es\/faqs-sobre-las-clases-online-de-espanol-de-carmen-estevez\/","url":"https:\/\/aprendeconcarmen.es\/es\/faqs-sobre-las-clases-online-de-espanol-de-carmen-estevez\/","name":"FAQ's clases online de espa\u00f1ol de Carmen Est\u00e9vez - Aprende con Carmen","isPartOf":{"@id":"https:\/\/aprendeconcarmen.es\/es\/#website"},"datePublished":"2018-02-16T11:20:37+00:00","dateModified":"2023-10-08T15:56:14+00:00","description":"FAQ's sobre clases online de espa\u00f1ol en las que encontrar\u00e1s respuesta a todas las dudas que puedas tener. \u00a1Resuelve tus dudas con Carmen!","breadcrumb":{"@id":"https:\/\/aprendeconcarmen.es\/es\/faqs-sobre-las-clases-online-de-espanol-de-carmen-estevez\/#breadcrumb"},"inLanguage":"es","potentialAction":[{"@type":"ReadAction","target":["https:\/\/aprendeconcarmen.es\/es\/faqs-sobre-las-clases-online-de-espanol-de-carmen-estevez\/"]}]},{"@type":"BreadcrumbList","@id":"https:\/\/aprendeconcarmen.es\/es\/faqs-sobre-las-clases-online-de-espanol-de-carmen-estevez\/#breadcrumb","itemListElement":[{"@type":"ListItem","position":1,"name":"Portada","item":"https:\/\/aprendeconcarmen.es\/es\/"},{"@type":"ListItem","position":2,"name":"FAQ"}]},{"@type":"WebSite","@id":"https:\/\/aprendeconcarmen.es\/es\/#website","url":"https:\/\/aprendeconcarmen.es\/es\/","name":"Aprende con Carmen","description":"Clases de espa\u00f1ol online","potentialAction":[{"@type":"SearchAction","target":{"@type":"EntryPoint","urlTemplate":"https:\/\/aprendeconcarmen.es\/es\/?s={search_term_string}"},"query-input":"required name=search_term_string"}],"inLanguage":"es"}]}},"post_mailing_queue_ids":[],"_links":{"self":[{"href":"https:\/\/aprendeconcarmen.es\/es\/wp-json\/wp\/v2\/pages\/24768"}],"collection":[{"href":"https:\/\/aprendeconcarmen.es\/es\/wp-json\/wp\/v2\/pages"}],"about":[{"href":"https:\/\/aprendeconcarmen.es\/es\/wp-json\/wp\/v2\/types\/page"}],"author":[{"embeddable":true,"href":"https:\/\/aprendeconcarmen.es\/es\/wp-json\/wp\/v2\/users\/1"}],"replies":[{"embeddable":true,"href":"https:\/\/aprendeconcarmen.es\/es\/wp-json\/wp\/v2\/comments?post=24768"}],"version-history":[{"count":2,"href":"https:\/\/aprendeconcarmen.es\/es\/wp-json\/wp\/v2\/pages\/24768\/revisions"}],"predecessor-version":[{"id":44257,"href":"https:\/\/aprendeconcarmen.es\/es\/wp-json\/wp\/v2\/pages\/24768\/revisions\/44257"}],"wp:attachment":[{"href":"https:\/\/aprendeconcarmen.es\/es\/wp-json\/wp\/v2\/media?parent=24768"}],"curies":[{"name":"wp","href":"https:\/\/api.w.org\/{rel}","templated":true}]}}