{"id":24772,"date":"2018-02-16T11:21:36","date_gmt":"2018-02-16T11:21:36","guid":{"rendered":"https:\/\/developlaclave.es\/develop\/carmen\/?page_id=24772"},"modified":"2023-10-08T17:55:08","modified_gmt":"2023-10-08T15:55:08","slug":"condiciones-generales-de-venta","status":"publish","type":"page","link":"https:\/\/aprendeconcarmen.es\/es\/condiciones-generales-de-venta\/","title":{"rendered":"Condiciones generales de venta"},"content":{"rendered":"<p>[vc_row full_width=&#8221;stretch_row&#8221; content_placement=&#8221;middle&#8221; css_animation=&#8221;none&#8221; css=&#8221;.vc_custom_1520439018377{padding-top: 140px !important;padding-bottom: 30px !important;background-image: url(https:\/\/aprendeconcarmen.es\/wp-content\/uploads\/2018\/03\/background-textos-legales.jpg?id=25327) !important;background-position: 0 0 !important;background-repeat: no-repeat !important;}&#8221; el_id=&#8221;cabecera&#8221;][vc_column css=&#8221;.vc_custom_1519318946462{padding-top: 0px !important;}&#8221;][vc_row_inner el_id=&#8221;caberatextos&#8221;][vc_column_inner][vc_column_text css_animation=&#8221;fadeInLeft&#8221; el_id=&#8221;titulopagina&#8221;]<\/p>\n<h1 style=\"text-align: center;\">CONDICIONES GENERALES<br \/>\nDE VENTA<\/h1>\n<p>[\/vc_column_text][\/vc_column_inner][\/vc_row_inner]<div class=\"clearboth\"><\/div><div class=\"gem-divider  gem-divider-style-1\" style=\"\"><svg width=\"100%\" height=\"1px\"><line x1=\"0\" x2=\"100%\" y1=\"0\" y2=\"0\" stroke=\"\" stroke-width=\"2\" stroke-linecap=\"black\" stroke-dasharray=\"4, 4\"\/><\/svg><\/div>[\/vc_column][\/vc_row][vc_row css=&#8221;.vc_custom_1521619869507{padding-bottom: 20px !important;}&#8221;][vc_column][vc_column_text]<\/p>\n<h3>FORMAS DE PAGO<\/h3>\n<p>Las clases se pagar\u00e1n por adelantado. Se admiten pagos con tarjetas de cr\u00e9dito o d\u00e9bito Visa, MasterCard y American Express. Esta forma de pago es inmediata, c\u00f3moda y segura. El Usuario que elija esta opci\u00f3n de pago deber\u00e1 introducir los datos de su tarjeta durante el proceso de compra. Estos datos son enviados de forma cifrada a la plataforma STRIPE, que se encarga de gestionar el pago. El Sitio Web no recoge ni almacena ning\u00fan dato de nuestros Usuarios relacionado con las tarjetas empleadas.<\/p>\n<p>En cualquier caso, todas las comunicaciones entre la p\u00e1gina y el Usuario est\u00e1n aseguradas mediante un certificado de seguridad SSL, de tal forma que el Usuario puede comprobar en cualquier momento que la p\u00e1gina visitada pertenece al Sitio Web verificando la URL y el s\u00edmbolo de \u201csitio seguro\u201d colocado delante de esta URL, que ser\u00e1 del tipo https.<\/p>\n<p>Asimismo, se admiten pagos a trav\u00e9s de transferencias bancarias, y en estos casos el Sitio Web no asumir\u00e1 ninguna comisi\u00f3n o cargo que cualquiera de las entidades bancarias implicadas en el proceso puedan generar durante el mismo. No se pueden realizar pagos en efectivo, ni mediante cheques, pagar\u00e9s o domiciliaciones.[\/vc_column_text][vc_separator color=&#8221;custom&#8221; style=&#8221;dashed&#8221; accent_color=&#8221;#efefef&#8221; css=&#8221;.vc_custom_1521619790919{padding-top: 20px !important;padding-bottom: 20px !important;}&#8221;][vc_column_text]<\/p>\n<h3>VIGENCIA DE LAS RESERVAS DE CLASES<\/h3>\n<p>Las clases no caducan. El alumno puede consumirlas cuando quiera.<\/p>\n<p>Si el comprador es una empresa o grupo, las reservas podr\u00e1n ser utilizadas por varias personas, que deber\u00e1n ser previamente identificadas por el comprador a trav\u00e9s de un correo electr\u00f3nico.[\/vc_column_text][vc_separator color=&#8221;custom&#8221; style=&#8221;dashed&#8221; accent_color=&#8221;#efefef&#8221; css=&#8221;.vc_custom_1521619798759{padding-top: 20px !important;padding-bottom: 20px !important;}&#8221;][vc_column_text]<\/p>\n<h3>DEVOLUCIONES Y CANCELACIONES<\/h3>\n<p>Si por cualquier motivo el Usuario no est\u00e1 satisfecho con la compra de clases y desea desistir de la misma antes de haberlas recibido, se le devolver\u00e1 \u00edntegro el importe abonado sin coste alguno de penalizaci\u00f3n, comunicando su intenci\u00f3n a contacto@aprendeconcarmen.es.<\/p>\n<p>Puesto que las clases no caducan, no se devolver\u00e1 el importe correspondiente a las clases no recibidas.<\/p>\n<p>El Usuario puede cancelar una clase reservada notific\u00e1ndolo con al menos 24 horas de antelaci\u00f3n a trav\u00e9s de un correo electr\u00f3nico a contacto@aprendeconcarmen.es, y podr\u00e1 tener esa clase en otro momento sin ning\u00fan tipo de coste extra. Si la cancelaci\u00f3n de una clase se produce durante las 24 horas anteriores al momento en el que estaba reservada o si el Usuario no se presenta a la hora convenida, se considerar\u00e1 que la clase ha sido impartida y no se devolver\u00e1 el importe correspondiente excepto en casos excepcionales y por causas debidamente justificadas.<\/p>\n<p>La Titular se reserva el derecho a anular unilateralmente las clases reservadas, en cuyo caso al Usuario se le devolver\u00e1 \u00edntegro el importe de las clases no impartidas hasta ese momento sin coste alguno de penalizaci\u00f3n ni de ning\u00fan otro tipo. En ning\u00fan caso se realizar\u00e1 la devoluci\u00f3n del importe correspondiente a clases que hayan sido recibidas con normalidad por el Usuario.<\/p>\n<p>Aprende con Carmen se reserva el derecho de cambiar los precios de las clases, aunque el Usuario ser\u00e1 informado de esta variaci\u00f3n en los precios con antelaci\u00f3n y todos aquellos packs que hayan sido adquiridos antes del incremento de las tarifas, no sufrir\u00e1n ninguna modificaci\u00f3n.[\/vc_column_text][vc_separator color=&#8221;custom&#8221; style=&#8221;dashed&#8221; accent_color=&#8221;#efefef&#8221; css=&#8221;.vc_custom_1521619808143{padding-top: 20px !important;padding-bottom: 20px !important;}&#8221;][vc_column_text]<\/p>\n<h3>IMPUESTOS Y FACTURAS<\/h3>\n<p>El precio de las clases es precio final. La ense\u00f1anza de espa\u00f1ol est\u00e1 exenta del Impuesto sobre el Valor A\u00f1adido (IVA) seg\u00fan la legislaci\u00f3n espa\u00f1ola vigente, por lo que no se incluye ning\u00fan cargo adicional por impuestos de este tipo.<\/p>\n<p>El Usuario que necesite una factura podr\u00e1 solicitarla en la direcci\u00f3n de correo electr\u00f3nico contacto@aprendeconcarmen.es.[\/vc_column_text][vc_column_text]<\/p>\n<h3>IDENTIFICADORES DE USUARIO Y CONTRASE\u00d1A<\/h3>\n<p>La TITULAR se reserva el derecho a solicitar el registro de los usuarios para el acceso a ciertos servicios o informaci\u00f3n del Sitio Web y de sus Contenidos, para lo que se solicitar\u00e1 la elecci\u00f3n de una contrase\u00f1a que permita la identificaci\u00f3n personal del usuario (&#8220;nombre&#8221; y &#8220;contrase\u00f1a&#8221;).<\/p>\n<p>Las claves de acceso asignadas ser\u00e1n personales e intransferibles, no estando permitida la cesi\u00f3n, ni siquiera temporal, a terceros. En tal sentido, el Usuario se compromete a hacer un uso diligente y a mantener en secreto la contrase\u00f1a y nombre de usuario asignados, en su caso, para acceder al Sitio Web y a los Contenidos. En el supuesto de que el Usuario conozca o sospeche de la p\u00e9rdida, robo o uso de su contrase\u00f1a por terceros, deber\u00e1 poner tal circunstancia en conocimiento de la TITULAR a la mayor brevedad posible.<\/p>\n<p>El Usuario ser\u00e1 responsable de todas las actividades que ocurran con su nombre y contrase\u00f1a, as\u00ed como de los gastos y da\u00f1os y perjuicios ocasionados por el acceso y utilizaci\u00f3n del Sitio Web y de los Contenidos por cualquier tercero que emplee al efecto la contrase\u00f1a y nombre del usuario debido a una mala utilizaci\u00f3n o a la p\u00e9rdida de los mismos por el Usuario. Aseg\u00farese de cerrar sesi\u00f3n cuando termine de usar un ordenador compartido.[\/vc_column_text][vc_separator color=&#8221;custom&#8221; style=&#8221;dashed&#8221; accent_color=&#8221;#efefef&#8221; css=&#8221;.vc_custom_1521619822539{padding-top: 20px !important;padding-bottom: 20px !important;}&#8221;][vc_column_text]<\/p>\n<h3>CONTACTO<\/h3>\n<p>Si en alg\u00fan momento el Usuario tiene problemas para acceder a alguna parte de nuestra web o necesita resolver alguna duda, puede contactar con nosotros por los siguientes medios:<\/p>\n<p>e-mail: <a href=\"mailto:contacto@aprendeconcarmen.es\" target=\"_blank\" rel=\"noopener\">contacto@aprendeconcarmen.es<\/a><\/p>\n<p>O si lo prefiere, puede rellenar el siguiente formulario:[\/vc_column_text]\n<div class=\"wpcf7 no-js\" id=\"wpcf7-f24633-o1\" lang=\"en-US\" dir=\"ltr\">\n<div class=\"screen-reader-response\"><p role=\"status\" aria-live=\"polite\" aria-atomic=\"true\"><\/p> <ul><\/ul><\/div>\n<form action=\"\/es\/wp-json\/wp\/v2\/pages\/24772#wpcf7-f24633-o1\" method=\"post\" class=\"wpcf7-form init\" aria-label=\"Contact form\" novalidate=\"novalidate\" data-status=\"init\">\n<div style=\"display: none;\">\n<input type=\"hidden\" name=\"_wpcf7\" value=\"24633\" \/>\n<input type=\"hidden\" name=\"_wpcf7_version\" value=\"5.9.4\" \/>\n<input type=\"hidden\" name=\"_wpcf7_locale\" value=\"en_US\" \/>\n<input type=\"hidden\" name=\"_wpcf7_unit_tag\" value=\"wpcf7-f24633-o1\" \/>\n<input type=\"hidden\" name=\"_wpcf7_container_post\" value=\"0\" \/>\n<input type=\"hidden\" name=\"_wpcf7_posted_data_hash\" value=\"\" \/>\n<input type=\"hidden\" name=\"_wpcf7_recaptcha_response\" value=\"\" \/>\n<\/div>\n<div class=\"contact-form-footer\">\n\t<div class=\"datos\">\n\t\t<p><span class=\"wpcf7-form-control-wrap\" data-name=\"nombre\"><input size=\"40\" class=\"wpcf7-form-control wpcf7-text wpcf7-validates-as-required\" aria-required=\"true\" aria-invalid=\"false\" placeholder=\"Nombre\" value=\"\" type=\"text\" name=\"nombre\" \/><\/span>\n\t\t<\/p>\n\t<\/div>\n\t<div class=\"datos\">\n\t\t<p><span class=\"wpcf7-form-control-wrap\" data-name=\"apellidos\"><input size=\"40\" class=\"wpcf7-form-control wpcf7-text wpcf7-validates-as-required\" aria-required=\"true\" aria-invalid=\"false\" placeholder=\"Apellidos\" value=\"\" type=\"text\" name=\"apellidos\" \/><\/span>\n\t\t<\/p>\n\t<\/div>\n\t<div class=\"datoemail\">\n\t\t<p><span class=\"wpcf7-form-control-wrap\" data-name=\"email\"><input size=\"40\" class=\"wpcf7-form-control wpcf7-email wpcf7-validates-as-required wpcf7-text wpcf7-validates-as-email\" aria-required=\"true\" aria-invalid=\"false\" placeholder=\"Email\" value=\"\" type=\"email\" name=\"email\" \/><\/span>\n\t\t<\/p>\n\t<\/div>\n\t<div class=\"datos\">\n\t\t<p><span class=\"wpcf7-form-control-wrap\" data-name=\"edad\"><select class=\"wpcf7-form-control wpcf7-select wpcf7-validates-as-required\" aria-required=\"true\" aria-invalid=\"false\" name=\"edad\"><option value=\"\">Edad<\/option><option value=\"Menos de 17 a\u00f1os\">Menos de 17 a\u00f1os<\/option><option value=\"Entre 17 y 35 a\u00f1os\">Entre 17 y 35 a\u00f1os<\/option><option value=\"M\u00e1s de 35 a\u00f1os\">M\u00e1s de 35 a\u00f1os<\/option><\/select><\/span>\n\t\t<\/p>\n\t<\/div>\n\t<div class=\"datos\">\n\t\t<p><span class=\"wpcf7-form-control-wrap\" data-name=\"nivel\"><select class=\"wpcf7-form-control wpcf7-select wpcf7-validates-as-required\" aria-required=\"true\" aria-invalid=\"false\" name=\"nivel\"><option value=\"\">\u00bfQu\u00e9 nivel de espa\u00f1ol tienes?<\/option><option value=\"No s\u00e9 nada de espa\u00f1ol\">No s\u00e9 nada de espa\u00f1ol<\/option><option value=\"Elemental\">Elemental<\/option><option value=\"Intermedio\">Intermedio<\/option><option value=\"Avanzado\">Avanzado<\/option><option value=\"Superior\">Superior<\/option><\/select><\/span>\n\t\t<\/p>\n\t<\/div>\n\t<div class=\"datomensaje\">\n\t\t<p><span class=\"wpcf7-form-control-wrap\" data-name=\"mensaje\"><textarea cols=\"40\" rows=\"10\" class=\"wpcf7-form-control wpcf7-textarea wpcf7-validates-as-required\" aria-required=\"true\" aria-invalid=\"false\" placeholder=\"\u00bfQu\u00e9 informaci\u00f3n necesitas?\" name=\"mensaje\"><\/textarea><\/span>\n\t\t<\/p>\n\t<\/div>\n\t<div class=\"datomayoredad\">\n\t\t<p><span class=\"wpcf7-form-control-wrap\" data-name=\"mayoredad\"><span class=\"wpcf7-form-control wpcf7-acceptance\"><span class=\"wpcf7-list-item\"><label><input type=\"checkbox\" name=\"mayoredad\" value=\"1\" aria-invalid=\"false\" \/><span class=\"wpcf7-list-item-label\"><a href=\"https:\/\/aprendeconcarmen.es\/politica-de-privacidad\/\">He le\u00eddo y acepto la pol\u00edtica de privacidad<\/a>.<\/span><\/label><\/span><\/span><\/span>\n\t\t<\/p>\n\t<\/div>\n\t<div class=\"datomayoredad\">\n\t\n\t<\/div>\n\t<div>\n\t\t<p><input class=\"wpcf7-form-control wpcf7-submit has-spinner\" type=\"submit\" value=\"ENVIAR\" \/>\n\t\t<\/p>\n\t<\/div>\n<\/div><div class=\"wpcf7-response-output\" aria-hidden=\"true\"><\/div>\n<\/form>\n<\/div>\n[\/vc_column][\/vc_row]<\/p>\n","protected":false},"excerpt":{"rendered":"<p>[vc_row full_width=&#8221;stretch_row&#8221; content_placement=&#8221;middle&#8221; css_animation=&#8221;none&#8221; css=&#8221;.vc_custom_1520439018377{padding-top: 140px !important;padding-bottom: 30px !important;background-image: url(https:\/\/aprendeconcarmen.es\/wp-content\/uploads\/2018\/03\/background-textos-legales.jpg?id=25327) !important;background-position: 0 0 !important;background-repeat: no-repeat !important;}&#8221; el_id=&#8221;cabecera&#8221;][vc_column css=&#8221;.vc_custom_1519318946462{padding-top: 0px !important;}&#8221;][vc_row_inner&#8230;<\/p>\n","protected":false},"author":1,"featured_media":0,"parent":0,"menu_order":0,"comment_status":"closed","ping_status":"closed","template":"","meta":{"footnotes":""},"yoast_head":"<!-- This site is optimized with the Yoast SEO plugin v22.7 - https:\/\/yoast.com\/wordpress\/plugins\/seo\/ -->\n<title>Condiciones generales de venta de Aprende con Carmen<\/title>\n<meta name=\"description\" content=\"Cursos online de espa\u00f1ol con profesora nativa desde Espa\u00f1a. Clases de gram\u00e1tica y conversaci\u00f3n. Con libro de espa\u00f1ol.\" \/>\n<meta name=\"robots\" content=\"noindex, follow\" \/>\n<meta property=\"og:locale\" content=\"es_ES\" \/>\n<meta property=\"og:type\" content=\"article\" \/>\n<meta property=\"og:title\" content=\"Condiciones generales de venta de Aprende con Carmen\" \/>\n<meta property=\"og:description\" content=\"Cursos online de espa\u00f1ol con profesora nativa desde Espa\u00f1a. Clases de gram\u00e1tica y conversaci\u00f3n. Con libro de espa\u00f1ol.\" \/>\n<meta property=\"og:url\" content=\"https:\/\/aprendeconcarmen.es\/es\/condiciones-generales-de-venta\/\" \/>\n<meta property=\"og:site_name\" content=\"Aprende con Carmen\" \/>\n<meta property=\"article:modified_time\" content=\"2023-10-08T15:55:08+00:00\" \/>\n<meta name=\"twitter:card\" content=\"summary_large_image\" \/>\n<meta name=\"twitter:label1\" content=\"Tiempo de lectura\" \/>\n\t<meta name=\"twitter:data1\" content=\"5 minutos\" \/>\n<script type=\"application\/ld+json\" class=\"yoast-schema-graph\">{\"@context\":\"https:\/\/schema.org\",\"@graph\":[{\"@type\":\"WebPage\",\"@id\":\"https:\/\/aprendeconcarmen.es\/es\/condiciones-generales-de-venta\/\",\"url\":\"https:\/\/aprendeconcarmen.es\/es\/condiciones-generales-de-venta\/\",\"name\":\"Condiciones generales de venta de Aprende con Carmen\",\"isPartOf\":{\"@id\":\"https:\/\/aprendeconcarmen.es\/es\/#website\"},\"datePublished\":\"2018-02-16T11:21:36+00:00\",\"dateModified\":\"2023-10-08T15:55:08+00:00\",\"description\":\"Cursos online de espa\u00f1ol con profesora nativa desde Espa\u00f1a. Clases de gram\u00e1tica y conversaci\u00f3n. Con libro de espa\u00f1ol.\",\"breadcrumb\":{\"@id\":\"https:\/\/aprendeconcarmen.es\/es\/condiciones-generales-de-venta\/#breadcrumb\"},\"inLanguage\":\"es\",\"potentialAction\":[{\"@type\":\"ReadAction\",\"target\":[\"https:\/\/aprendeconcarmen.es\/es\/condiciones-generales-de-venta\/\"]}]},{\"@type\":\"BreadcrumbList\",\"@id\":\"https:\/\/aprendeconcarmen.es\/es\/condiciones-generales-de-venta\/#breadcrumb\",\"itemListElement\":[{\"@type\":\"ListItem\",\"position\":1,\"name\":\"Portada\",\"item\":\"https:\/\/aprendeconcarmen.es\/es\/\"},{\"@type\":\"ListItem\",\"position\":2,\"name\":\"Condiciones generales de venta\"}]},{\"@type\":\"WebSite\",\"@id\":\"https:\/\/aprendeconcarmen.es\/es\/#website\",\"url\":\"https:\/\/aprendeconcarmen.es\/es\/\",\"name\":\"Aprende con Carmen\",\"description\":\"Clases de espa\u00f1ol online\",\"potentialAction\":[{\"@type\":\"SearchAction\",\"target\":{\"@type\":\"EntryPoint\",\"urlTemplate\":\"https:\/\/aprendeconcarmen.es\/es\/?s={search_term_string}\"},\"query-input\":\"required name=search_term_string\"}],\"inLanguage\":\"es\"}]}<\/script>\n<!-- \/ Yoast SEO plugin. -->","yoast_head_json":{"title":"Condiciones generales de venta de Aprende con Carmen","description":"Cursos online de espa\u00f1ol con profesora nativa desde Espa\u00f1a. Clases de gram\u00e1tica y conversaci\u00f3n. Con libro de espa\u00f1ol.","robots":{"index":"noindex","follow":"follow"},"og_locale":"es_ES","og_type":"article","og_title":"Condiciones generales de venta de Aprende con Carmen","og_description":"Cursos online de espa\u00f1ol con profesora nativa desde Espa\u00f1a. Clases de gram\u00e1tica y conversaci\u00f3n. Con libro de espa\u00f1ol.","og_url":"https:\/\/aprendeconcarmen.es\/es\/condiciones-generales-de-venta\/","og_site_name":"Aprende con Carmen","article_modified_time":"2023-10-08T15:55:08+00:00","twitter_card":"summary_large_image","twitter_misc":{"Tiempo de lectura":"5 minutos"},"schema":{"@context":"https:\/\/schema.org","@graph":[{"@type":"WebPage","@id":"https:\/\/aprendeconcarmen.es\/es\/condiciones-generales-de-venta\/","url":"https:\/\/aprendeconcarmen.es\/es\/condiciones-generales-de-venta\/","name":"Condiciones generales de venta de Aprende con Carmen","isPartOf":{"@id":"https:\/\/aprendeconcarmen.es\/es\/#website"},"datePublished":"2018-02-16T11:21:36+00:00","dateModified":"2023-10-08T15:55:08+00:00","description":"Cursos online de espa\u00f1ol con profesora nativa desde Espa\u00f1a. Clases de gram\u00e1tica y conversaci\u00f3n. Con libro de espa\u00f1ol.","breadcrumb":{"@id":"https:\/\/aprendeconcarmen.es\/es\/condiciones-generales-de-venta\/#breadcrumb"},"inLanguage":"es","potentialAction":[{"@type":"ReadAction","target":["https:\/\/aprendeconcarmen.es\/es\/condiciones-generales-de-venta\/"]}]},{"@type":"BreadcrumbList","@id":"https:\/\/aprendeconcarmen.es\/es\/condiciones-generales-de-venta\/#breadcrumb","itemListElement":[{"@type":"ListItem","position":1,"name":"Portada","item":"https:\/\/aprendeconcarmen.es\/es\/"},{"@type":"ListItem","position":2,"name":"Condiciones generales de venta"}]},{"@type":"WebSite","@id":"https:\/\/aprendeconcarmen.es\/es\/#website","url":"https:\/\/aprendeconcarmen.es\/es\/","name":"Aprende con Carmen","description":"Clases de espa\u00f1ol online","potentialAction":[{"@type":"SearchAction","target":{"@type":"EntryPoint","urlTemplate":"https:\/\/aprendeconcarmen.es\/es\/?s={search_term_string}"},"query-input":"required name=search_term_string"}],"inLanguage":"es"}]}},"post_mailing_queue_ids":[],"_links":{"self":[{"href":"https:\/\/aprendeconcarmen.es\/es\/wp-json\/wp\/v2\/pages\/24772"}],"collection":[{"href":"https:\/\/aprendeconcarmen.es\/es\/wp-json\/wp\/v2\/pages"}],"about":[{"href":"https:\/\/aprendeconcarmen.es\/es\/wp-json\/wp\/v2\/types\/page"}],"author":[{"embeddable":true,"href":"https:\/\/aprendeconcarmen.es\/es\/wp-json\/wp\/v2\/users\/1"}],"replies":[{"embeddable":true,"href":"https:\/\/aprendeconcarmen.es\/es\/wp-json\/wp\/v2\/comments?post=24772"}],"version-history":[{"count":2,"href":"https:\/\/aprendeconcarmen.es\/es\/wp-json\/wp\/v2\/pages\/24772\/revisions"}],"predecessor-version":[{"id":44255,"href":"https:\/\/aprendeconcarmen.es\/es\/wp-json\/wp\/v2\/pages\/24772\/revisions\/44255"}],"wp:attachment":[{"href":"https:\/\/aprendeconcarmen.es\/es\/wp-json\/wp\/v2\/media?parent=24772"}],"curies":[{"name":"wp","href":"https:\/\/api.w.org\/{rel}","templated":true}]}}