{"id":24850,"date":"2018-03-01T12:40:58","date_gmt":"2018-03-01T12:40:58","guid":{"rendered":"https:\/\/developlaclave.es\/develop\/carmen\/?page_id=24850"},"modified":"2022-02-23T17:22:07","modified_gmt":"2022-02-23T15:22:07","slug":"metodologia-de-los-cursos-de-espanol-online-de-carmen-estevez","status":"publish","type":"page","link":"https:\/\/aprendeconcarmen.es\/es\/metodologia-de-los-cursos-de-espanol-online-de-carmen-estevez\/","title":{"rendered":"Metodolog\u00eda"},"content":{"rendered":"<p>[vc_row full_width=&#8221;stretch_row&#8221; content_placement=&#8221;middle&#8221; css_animation=&#8221;none&#8221; css=&#8221;.vc_custom_1522829854595{padding-top: 120px !important;background-image: url(https:\/\/aprendeconcarmen.es\/wp-content\/uploads\/2018\/03\/background-metodologia-1.jpg?id=24908) !important;background-position: 0 0 !important;background-repeat: no-repeat !important;}&#8221; el_id=&#8221;cabecera&#8221;][vc_column css=&#8221;.vc_custom_1519318946462{padding-top: 0px !important;}&#8221;][vc_row_inner el_id=&#8221;caberatextos&#8221;][vc_column_inner width=&#8221;1\/2&#8243;][vc_column_text css_animation=&#8221;fadeInLeft&#8221; el_id=&#8221;titulopagina&#8221;]<\/p>\n<h1 style=\"text-align: right;\"><strong>METODOLOG\u00cdA<\/strong><br \/>\nDE LOS CURSOS<br \/>\nDE ESPA\u00d1OL<br \/>\nONLINE<\/h1>\n<p>[\/vc_column_text][\/vc_column_inner][vc_column_inner width=&#8221;1\/2&#8243;][vc_column_text css_animation=&#8221;fadeInRight&#8221; el_id=&#8221;subtitulopagina&#8221;]<\/p>\n<h2 style=\"text-align: left;\">DE CARMEN<br \/>\nEST\u00c9VEZ<\/h2>\n<p>[\/vc_column_text][vc_column_text css_animation=&#8221;fadeInRight&#8221; el_id=&#8221;txtpaginacabecera&#8221;]<\/p>\n<p style=\"text-align: left;\">Con mis clases hablar\u00e1s espa\u00f1ol<br \/>\ncon soltura y confianza,<br \/>\nque es la mayor dificultad<br \/>\nde cualquier persona<br \/>\nque quiere aprender una lengua.<\/p>\n<p>[\/vc_column_text][\/vc_column_inner][\/vc_row_inner]<div class=\"gem-button-container gem-button-position-center\"><a class=\"gem-button gem-button-size-medium gem-button-style-flat gem-button-text-weight-normal gem-button-empty\" style=\"border-radius: 3px;background-color: rgba(255,255,255,0.01);color: rgba(255,255,255,0.52);\" onmouseleave=\"this.style.backgroundColor='rgba(255,255,255,0.01)';this.style.color='rgba(255,255,255,0.52)';\" onmouseenter=\"this.style.backgroundColor='rgba(255,255,255,0.01)';this.style.color='rgba(255,255,255,0.26)';\" href=\"#cursos1\" target=\"_self\"><i class=\"gem-print-icon gem-icon-pack-fontawesome\">&#xf078;<\/i><\/a><\/div> <div class=\"clearboth\"><\/div><div class=\"gem-divider  gem-divider-style-1\" style=\"\"><svg width=\"100%\" height=\"1px\"><line x1=\"0\" x2=\"100%\" y1=\"0\" y2=\"0\" stroke=\"\" stroke-width=\"2\" stroke-linecap=\"black\" stroke-dasharray=\"4, 4\"\/><\/svg><\/div>[\/vc_column][\/vc_row][vc_row full_width=&#8221;stretch_row&#8221; equal_height=&#8221;yes&#8221; css=&#8221;.vc_custom_1520421779447{margin-bottom: 0px !important;background-color: #ffffff !important;background-position: center !important;background-repeat: no-repeat !important;background-size: cover !important;}&#8221; el_class=&#8221;custom-bg-1&#8243; el_id=&#8221;cursos1&#8243;][vc_column css=&#8221;.vc_custom_1520323805614{margin-top: 0px !important;padding-top: 0px !important;}&#8221;]<div class=\"clearboth\"><\/div><div class=\"gem-divider \" style=\"margin-top: 35px;\"><\/div>[vc_column_text]<\/p>\n<div class=\"title-h2\" style=\"text-align: center;\"><span class=\"light\">LAS CLASES SON INTENSIVAS<br \/>\nPORQUE SON<\/span> <strong>100 % EN ESPA\u00d1OL<\/strong><\/div>\n<p>[\/vc_column_text][vc_column_text]<\/p>\n<div class=\"styled-subtitle\" style=\"text-align: center;\">No hablamos ingl\u00e9s en clase, as\u00ed te esfuerzas en comunicar y aprendes mucho m\u00e1s y m\u00e1s r\u00e1pido.<\/div>\n<div class=\"styled-subtitle\" style=\"text-align: center;\"><strong>Las clases son individuales<\/strong> por lo que puedo preparar un programa personalizado para ti, ajustado a tus necesidades.<\/div>\n<p>[\/vc_column_text]<div class=\"clearboth\"><\/div><div class=\"gem-divider \" style=\"margin-top: 20px;\"><\/div><div class=\"gem-button-container gem-button-position-center\"><a class=\"gem-button gem-button-size-medium gem-button-style-flat gem-button-text-weight-normal gem-button-empty\" style=\"border-radius: 3px;background-color: rgba(255,255,255,0.01);color: rgba(102,102,102,0.38);\" onmouseleave=\"this.style.backgroundColor='rgba(255,255,255,0.01)';this.style.color='rgba(102,102,102,0.38)';\" onmouseenter=\"this.style.backgroundColor='rgba(255,255,255,0.01)';this.style.color='rgba(102,102,102,0.18)';\" href=\"#tipos\" target=\"_self\"><i class=\"gem-print-icon gem-icon-pack-fontawesome\">&#xf078;<\/i><\/a><\/div> [vc_column_text el_id=&#8221;tipos&#8221;]<\/p>\n<div class=\"title-h2\" style=\"text-align: center;\">3 TIPOS DE CLASES<\/div>\n<p>[\/vc_column_text][vc_column_text]<\/p>\n<div class=\"styled-subtitle\" style=\"text-align: center;\">Te ofrezco tres tipos de clases <strong>a trav\u00e9s de Skype, Hangouts o Zoom<\/strong><\/div>\n<p>[\/vc_column_text][vc_row_inner equal_height=&#8221;yes&#8221; content_placement=&#8221;middle&#8221; gap=&#8221;20&#8243; css=&#8221;.vc_custom_1520326121225{padding-top: 30px !important;}&#8221;][vc_column_inner width=&#8221;1\/3&#8243; css=&#8221;.vc_custom_1521020607449{border-top-width: 1px !important;border-right-width: 1px !important;border-bottom-width: 1px !important;border-left-width: 1px !important;padding-top: 10px !important;padding-right: 2px !important;padding-bottom: 2px !important;padding-left: 2px !important;background-color: #b7c73f !important;background-position: 0 0 !important;background-repeat: no-repeat !important;border-radius: 10px !important;}&#8221;][vc_column_text css=&#8221;.vc_custom_1520326208654{margin-bottom: 0px !important;padding-bottom: 0px !important;}&#8221;]<\/p>\n<h3 style=\"text-align: center;\"><img loading=\"lazy\" decoding=\"async\" class=\"wp-image-24730 size-full aligncenter\" src=\"https:\/\/aprendeconcarmen.es\/wp-content\/uploads\/2018\/02\/icon-alacarta.png\" alt=\"Clases a la carta\" width=\"71\" height=\"83\" \/>A LA CARTA<\/h3>\n<p>[\/vc_column_text]<div class=\"gem-button-container gem-button-position-center\"><a class=\"gem-button gem-button-size-tiny gem-button-style-flat gem-button-text-weight-normal\" style=\"border-radius: 15px;background-color: rgba(51,51,51,0.4);color: #ffffff;\" onmouseleave=\"this.style.backgroundColor='rgba(51,51,51,0.4)';this.style.color='#ffffff';\" onmouseenter=\"this.style.backgroundColor='rgba(102,102,102,0.21)';this.style.color='rgba(255,255,255,0.6)';\" href=\"https:\/\/aprendeconcarmen.es\/tipos-de-clases-de-espanol-online-de-carmen-estevez#cursos\" target=\"_self\">+ INFO<\/a><\/div> [\/vc_column_inner][vc_column_inner width=&#8221;1\/3&#8243; css=&#8221;.vc_custom_1521020615565{border-top-width: 1px !important;border-right-width: 1px !important;border-bottom-width: 1px !important;border-left-width: 1px !important;padding-top: 10px !important;padding-right: 2px !important;padding-bottom: 2px !important;padding-left: 2px !important;background-color: #b7c73f !important;background-position: 0 0 !important;background-repeat: no-repeat !important;border-radius: 10px !important;}&#8221;][vc_column_text css=&#8221;.vc_custom_1520326235853{margin-bottom: 0px !important;padding-bottom: 0px !important;}&#8221;]<\/p>\n<h3 style=\"text-align: center;\"><img loading=\"lazy\" decoding=\"async\" class=\"size-full wp-image-24733 aligncenter\" src=\"https:\/\/aprendeconcarmen.es\/wp-content\/uploads\/2018\/02\/icon-conversacion.png\" alt=\"Cursos de Conversaci\u00f3n\" width=\"71\" height=\"83\" \/>CONVERSACI\u00d3N<\/h3>\n<p>[\/vc_column_text]<div class=\"gem-button-container gem-button-position-center\"><a class=\"gem-button gem-button-size-tiny gem-button-style-flat gem-button-text-weight-normal\" style=\"border-radius: 15px;background-color: rgba(51,51,51,0.4);color: #ffffff;\" onmouseleave=\"this.style.backgroundColor='rgba(51,51,51,0.4)';this.style.color='#ffffff';\" onmouseenter=\"this.style.backgroundColor='rgba(102,102,102,0.21)';this.style.color='rgba(255,255,255,0.6)';\" href=\"https:\/\/aprendeconcarmen.es\/tipos-de-clases-de-espanol-online-de-carmen-estevez#cursos\" target=\"_self\">+ INFO<\/a><\/div> [\/vc_column_inner][vc_column_inner width=&#8221;1\/3&#8243; css=&#8221;.vc_custom_1521020620777{border-top-width: 1px !important;border-right-width: 1px !important;border-bottom-width: 1px !important;border-left-width: 1px !important;padding-top: 10px !important;padding-right: 2px !important;padding-bottom: 3px !important;padding-left: 2px !important;background-color: #b7c73f !important;border-radius: 10px !important;}&#8221;][vc_column_text css=&#8221;.vc_custom_1521020309759{margin-bottom: 0px !important;padding-bottom: 0px !important;}&#8221;]<\/p>\n<h3 style=\"text-align: center; margin-bottom: -11px!Important;\"><img loading=\"lazy\" decoding=\"async\" class=\"size-full wp-image-24734 aligncenter\" src=\"https:\/\/aprendeconcarmen.es\/wp-content\/uploads\/2018\/02\/icon-dele.png\" alt=\"Cursos DELE\" width=\"71\" height=\"83\" \/>DELE<\/h3>\n<p style=\"text-align: center; font-size: 12px;\"><em>Diploma de Espa\u00f1ol como Lengua Extranjera <\/em><\/p>\n<p>[\/vc_column_text]<div class=\"gem-button-container gem-button-position-center\"><a class=\"gem-button gem-button-size-tiny gem-button-style-flat gem-button-text-weight-normal\" style=\"border-radius: 15px;background-color: rgba(51,51,51,0.4);color: #ffffff;\" onmouseleave=\"this.style.backgroundColor='rgba(51,51,51,0.4)';this.style.color='#ffffff';\" onmouseenter=\"this.style.backgroundColor='rgba(102,102,102,0.21)';this.style.color='rgba(255,255,255,0.6)';\" href=\"https:\/\/aprendeconcarmen.es\/tipos-de-clases-de-espanol-online-de-carmen-estevez#dele2\" target=\"_self\">+ INFO<\/a><\/div> [\/vc_column_inner][\/vc_row_inner]<div class=\"gem-button-container gem-button-position-center\"><a class=\"gem-button gem-button-size-medium gem-button-style-flat gem-button-text-weight-normal gem-button-empty\" style=\"border-radius: 3px;background-color: rgba(255,255,255,0.01);color: rgba(102,102,102,0.38);\" onmouseleave=\"this.style.backgroundColor='rgba(255,255,255,0.01)';this.style.color='rgba(102,102,102,0.38)';\" onmouseenter=\"this.style.backgroundColor='rgba(255,255,255,0.01)';this.style.color='rgba(102,102,102,0.18)';\" href=\"#clases\" target=\"_self\"><i class=\"gem-print-icon gem-icon-pack-fontawesome\">&#xf078;<\/i><\/a><\/div> [vc_column_text el_id=&#8221;clases&#8221;]<\/p>\n<div class=\"title-h2\" style=\"text-align: center;\">CLASES COMBINADAS<\/div>\n<p>[\/vc_column_text][vc_column_text]<\/p>\n<div class=\"styled-subtitle\" style=\"text-align: center;\">Los tres tipos de clases <strong>se pueden combinar<\/strong><\/div>\n<p>[\/vc_column_text][vc_row_inner equal_height=&#8221;yes&#8221; content_placement=&#8221;middle&#8221; gap=&#8221;15&#8243;][vc_column_inner width=&#8221;1\/2&#8243; css=&#8221;.vc_custom_1521020628358{border-top-width: 1px !important;border-right-width: 1px !important;border-bottom-width: 1px !important;border-left-width: 1px !important;padding-top: 15px !important;padding-right: 2px !important;padding-bottom: 2px !important;padding-left: 2px !important;background-color: #e65b9b !important;border-radius: 10px !important;}&#8221;][vc_column_text css=&#8221;.vc_custom_1520327175628{margin-bottom: 0px !important;padding-bottom: 0px !important;}&#8221;]<\/p>\n<h3 class=\"styled-subtitle\" style=\"text-align: center;\"><img loading=\"lazy\" decoding=\"async\" class=\"size-full wp-image-24732 aligncenter\" style=\"margin-bottom: 5px;\" src=\"https:\/\/aprendeconcarmen.es\/wp-content\/uploads\/2018\/02\/icon-combo.png\" alt=\"Cursos COMBO\" width=\"71\" height=\"83\" \/>COMBO<br \/>\nA LA CARTA + CONVERSACI\u00d3N<\/h3>\n<p>[\/vc_column_text]<div class=\"gem-button-container gem-button-position-center\"><a class=\"gem-button gem-button-size-tiny gem-button-style-flat gem-button-text-weight-normal\" style=\"border-radius: 15px;background-color: rgba(51,51,51,0.4);color: #ffffff;\" onmouseleave=\"this.style.backgroundColor='rgba(51,51,51,0.4)';this.style.color='#ffffff';\" onmouseenter=\"this.style.backgroundColor='rgba(102,102,102,0.21)';this.style.color='rgba(255,255,255,0.6)';\" href=\"https:\/\/aprendeconcarmen.es\/tipos-de-clases-de-espanol-online-de-carmen-estevez#cursos\" target=\"_self\">+ INFO<\/a><\/div> [\/vc_column_inner][vc_column_inner width=&#8221;1\/2&#8243; css=&#8221;.vc_custom_1521020634247{border-top-width: 1px !important;border-right-width: 1px !important;border-bottom-width: 1px !important;border-left-width: 1px !important;padding-top: 15px !important;padding-right: 2px !important;padding-bottom: 2px !important;padding-left: 2px !important;background-color: #e65b9b !important;background-position: 0 0 !important;background-repeat: no-repeat !important;border-radius: 10px !important;}&#8221;][vc_column_text css=&#8221;.vc_custom_1520327183890{margin-bottom: 0px !important;padding-bottom: 0px !important;}&#8221;]<\/p>\n<h3 class=\"styled-subtitle\" style=\"text-align: center;\"><img loading=\"lazy\" decoding=\"async\" class=\"size-full wp-image-24731 aligncenter\" style=\"margin-bottom: 5px;\" src=\"https:\/\/aprendeconcarmen.es\/wp-content\/uploads\/2018\/02\/icon-combo-plus.png\" alt=\"Cursos COMBO PLUS\" width=\"71\" height=\"83\" \/>COMBO PLUS<br \/>\nA LA CARTA + DELE<\/h3>\n<p>[\/vc_column_text]<div class=\"gem-button-container gem-button-position-center\"><a class=\"gem-button gem-button-size-tiny gem-button-style-flat gem-button-text-weight-normal\" style=\"border-radius: 15px;background-color: rgba(51,51,51,0.4);color: #ffffff;\" onmouseleave=\"this.style.backgroundColor='rgba(51,51,51,0.4)';this.style.color='#ffffff';\" onmouseenter=\"this.style.backgroundColor='rgba(102,102,102,0.21)';this.style.color='rgba(255,255,255,0.6)';\" href=\"https:\/\/aprendeconcarmen.es\/tipos-de-clases-de-espanol-online-de-carmen-estevez#dele2\" target=\"_self\">+ INFO<\/a><\/div> [\/vc_column_inner][\/vc_row_inner]<div class=\"gem-button-container gem-button-position-center\"><a class=\"gem-button gem-button-size-medium gem-button-style-flat gem-button-text-weight-normal gem-button-empty\" style=\"border-radius: 3px;background-color: rgba(255,255,255,0.01);color: rgba(102,102,102,0.38);\" onmouseleave=\"this.style.backgroundColor='rgba(255,255,255,0.01)';this.style.color='rgba(102,102,102,0.38)';\" onmouseenter=\"this.style.backgroundColor='rgba(255,255,255,0.01)';this.style.color='rgba(102,102,102,0.18)';\" href=\"#mas\" target=\"_self\"><i class=\"gem-print-icon gem-icon-pack-fontawesome\">&#xf078;<\/i><\/a><\/div> [\/vc_column][\/vc_row][vc_row full_width=&#8221;stretch_row&#8221; gap=&#8221;20&#8243; content_placement=&#8221;top&#8221; css=&#8221;.vc_custom_1520425037793{margin-top: 0px !important;margin-bottom: 0px !important;padding-top: 0px !important;padding-bottom: 0px !important;background-image: url(https:\/\/aprendeconcarmen.es\/wp-content\/uploads\/2018\/03\/aprende-con-carmen-metodologia.jpg?id=24875) !important;background-position: 0 0 !important;background-repeat: no-repeat !important;}&#8221; el_class=&#8221;contenidotaza&#8221; el_id=&#8221;mas&#8221;][vc_column width=&#8221;1\/3&#8243; el_class=&#8221;columnavacia&#8221;][vc_empty_space height=&#8221;500px&#8221;][\/vc_column][vc_column width=&#8221;1\/3&#8243; css=&#8221;.vc_custom_1520329084848{margin-top: 0px !important;padding-top: 20px !important;padding-right: 20px !important;padding-bottom: 20px !important;padding-left: 20px !important;background-color: rgba(255,255,255,0.92) !important;*background-color: rgb(255,255,255) !important;border-radius: 5px !important;}&#8221;][vc_column_text]<\/p>\n<h3 style=\"line-height: 25px;\"><span style=\"color: #993300;\">Todas <strong>las clases se adaptan a tu nivel de espa\u00f1ol<\/strong><\/span><br \/>\n<span style=\"color: #993300;\">Elemental &#8211; Intermedio &#8211; Avanzado &#8211; Superior<\/span><\/h3>\n<p><em>Equivalentes a los niveles A2, B1, B2, C1 y C2 del Marco Com\u00fan Europeo de Referencia (MCER).<\/em><\/p>\n<p><em>Tambi\u00e9n propongo clases extra de repaso del nivel A1 para los estudiantes que necesitan recordar conocimientos anteriores al A2.<\/em>[\/vc_column_text][\/vc_column][vc_column width=&#8221;1\/3&#8243; css=&#8221;.vc_custom_1520329113452{margin-top: 0px !important;margin-bottom: 0px !important;padding-top: 20px !important;}&#8221;][vc_column_text el_class=&#8221;bullist&#8221;]<\/p>\n<div class=\"styled-subtitle\"><strong>Me gusta ense\u00f1ar espa\u00f1ol,<\/strong><br \/>\n<strong> as\u00ed que prep\u00e1rate para aprender.<\/strong><\/div>\n<ul>\n<li>Te puedo explicar algo muchas veces de formas diferentes para que t\u00fa entiendas perfectamente el tema que estamos tratando.<\/li>\n<li>No me importa repetir y escribir todos los contenidos de cada clase. Estoy para ayudarte a aprender, es mi vocaci\u00f3n.<\/li>\n<li>Te pondr\u00e9 ejemplos y situaciones y as\u00ed podr\u00e1s comprender mejor.<\/li>\n<li>La motivaci\u00f3n es fundamental para aprender, as\u00ed que en mis clases te aseguro que te vas a sentir c\u00f3modo y va a ser m\u00e1s f\u00e1cil el aprendizaje.<\/li>\n<\/ul>\n<p>[\/vc_column_text][\/vc_column][\/vc_row]<\/p>\n","protected":false},"excerpt":{"rendered":"<p>[vc_row full_width=&#8221;stretch_row&#8221; content_placement=&#8221;middle&#8221; css_animation=&#8221;none&#8221; css=&#8221;.vc_custom_1522829854595{padding-top: 120px !important;background-image: url(https:\/\/aprendeconcarmen.es\/wp-content\/uploads\/2018\/03\/background-metodologia-1.jpg?id=24908) !important;background-position: 0 0 !important;background-repeat: no-repeat !important;}&#8221; el_id=&#8221;cabecera&#8221;][vc_column css=&#8221;.vc_custom_1519318946462{padding-top: 0px !important;}&#8221;][vc_row_inner el_id=&#8221;caberatextos&#8221;][vc_column_inner width=&#8221;1\/2&#8243;][vc_column_text&#8230;<\/p>\n","protected":false},"author":1,"featured_media":0,"parent":0,"menu_order":0,"comment_status":"closed","ping_status":"closed","template":"","meta":{"footnotes":""},"yoast_head":"<!-- This site is optimized with the Yoast SEO plugin v22.7 - https:\/\/yoast.com\/wordpress\/plugins\/seo\/ -->\n<title>Metodolog\u00eda cursos espa\u00f1ol online - Aprende con Carmen<\/title>\n<meta name=\"description\" content=\"Con mi metodolog\u00eda de los cursos de espa\u00f1ol online de Carmen Est\u00e9vez hablar\u00e1s espa\u00f1ol con soltura y confianza.\" \/>\n<meta name=\"robots\" content=\"index, follow, max-snippet:-1, max-image-preview:large, max-video-preview:-1\" \/>\n<link rel=\"canonical\" href=\"https:\/\/aprendeconcarmen.es\/es\/metodologia-de-los-cursos-de-espanol-online-de-carmen-estevez\/\" \/>\n<meta property=\"og:locale\" content=\"es_ES\" \/>\n<meta property=\"og:type\" content=\"article\" \/>\n<meta property=\"og:title\" content=\"Metodolog\u00eda cursos espa\u00f1ol online - Aprende con Carmen\" \/>\n<meta property=\"og:description\" content=\"Con mi metodolog\u00eda de los cursos de espa\u00f1ol online de Carmen Est\u00e9vez hablar\u00e1s espa\u00f1ol con soltura y confianza.\" \/>\n<meta property=\"og:url\" content=\"https:\/\/aprendeconcarmen.es\/es\/metodologia-de-los-cursos-de-espanol-online-de-carmen-estevez\/\" \/>\n<meta property=\"og:site_name\" content=\"Aprende con Carmen\" \/>\n<meta property=\"article:modified_time\" content=\"2022-02-23T15:22:07+00:00\" \/>\n<meta property=\"og:image\" content=\"https:\/\/aprendeconcarmen.es\/wp-content\/uploads\/2018\/02\/icon-alacarta.png\" \/>\n<meta name=\"twitter:card\" content=\"summary_large_image\" \/>\n<meta name=\"twitter:label1\" content=\"Tiempo de lectura\" \/>\n\t<meta name=\"twitter:data1\" content=\"6 minutos\" \/>\n<script type=\"application\/ld+json\" class=\"yoast-schema-graph\">{\"@context\":\"https:\/\/schema.org\",\"@graph\":[{\"@type\":\"WebPage\",\"@id\":\"https:\/\/aprendeconcarmen.es\/es\/metodologia-de-los-cursos-de-espanol-online-de-carmen-estevez\/\",\"url\":\"https:\/\/aprendeconcarmen.es\/es\/metodologia-de-los-cursos-de-espanol-online-de-carmen-estevez\/\",\"name\":\"Metodolog\u00eda cursos espa\u00f1ol online - Aprende con Carmen\",\"isPartOf\":{\"@id\":\"https:\/\/aprendeconcarmen.es\/es\/#website\"},\"primaryImageOfPage\":{\"@id\":\"https:\/\/aprendeconcarmen.es\/es\/metodologia-de-los-cursos-de-espanol-online-de-carmen-estevez\/#primaryimage\"},\"image\":{\"@id\":\"https:\/\/aprendeconcarmen.es\/es\/metodologia-de-los-cursos-de-espanol-online-de-carmen-estevez\/#primaryimage\"},\"thumbnailUrl\":\"https:\/\/aprendeconcarmen.es\/wp-content\/uploads\/2018\/02\/icon-alacarta.png\",\"datePublished\":\"2018-03-01T12:40:58+00:00\",\"dateModified\":\"2022-02-23T15:22:07+00:00\",\"description\":\"Con mi metodolog\u00eda de los cursos de espa\u00f1ol online de Carmen Est\u00e9vez hablar\u00e1s espa\u00f1ol con soltura y confianza.\",\"breadcrumb\":{\"@id\":\"https:\/\/aprendeconcarmen.es\/es\/metodologia-de-los-cursos-de-espanol-online-de-carmen-estevez\/#breadcrumb\"},\"inLanguage\":\"es\",\"potentialAction\":[{\"@type\":\"ReadAction\",\"target\":[\"https:\/\/aprendeconcarmen.es\/es\/metodologia-de-los-cursos-de-espanol-online-de-carmen-estevez\/\"]}]},{\"@type\":\"ImageObject\",\"inLanguage\":\"es\",\"@id\":\"https:\/\/aprendeconcarmen.es\/es\/metodologia-de-los-cursos-de-espanol-online-de-carmen-estevez\/#primaryimage\",\"url\":\"https:\/\/aprendeconcarmen.es\/wp-content\/uploads\/2018\/02\/icon-alacarta.png\",\"contentUrl\":\"https:\/\/aprendeconcarmen.es\/wp-content\/uploads\/2018\/02\/icon-alacarta.png\"},{\"@type\":\"BreadcrumbList\",\"@id\":\"https:\/\/aprendeconcarmen.es\/es\/metodologia-de-los-cursos-de-espanol-online-de-carmen-estevez\/#breadcrumb\",\"itemListElement\":[{\"@type\":\"ListItem\",\"position\":1,\"name\":\"Portada\",\"item\":\"https:\/\/aprendeconcarmen.es\/es\/\"},{\"@type\":\"ListItem\",\"position\":2,\"name\":\"Metodolog\u00eda\"}]},{\"@type\":\"WebSite\",\"@id\":\"https:\/\/aprendeconcarmen.es\/es\/#website\",\"url\":\"https:\/\/aprendeconcarmen.es\/es\/\",\"name\":\"Aprende con Carmen\",\"description\":\"Clases de espa\u00f1ol online\",\"potentialAction\":[{\"@type\":\"SearchAction\",\"target\":{\"@type\":\"EntryPoint\",\"urlTemplate\":\"https:\/\/aprendeconcarmen.es\/es\/?s={search_term_string}\"},\"query-input\":\"required name=search_term_string\"}],\"inLanguage\":\"es\"}]}<\/script>\n<!-- \/ Yoast SEO plugin. -->","yoast_head_json":{"title":"Metodolog\u00eda cursos espa\u00f1ol online - Aprende con Carmen","description":"Con mi metodolog\u00eda de los cursos de espa\u00f1ol online de Carmen Est\u00e9vez hablar\u00e1s espa\u00f1ol con soltura y confianza.","robots":{"index":"index","follow":"follow","max-snippet":"max-snippet:-1","max-image-preview":"max-image-preview:large","max-video-preview":"max-video-preview:-1"},"canonical":"https:\/\/aprendeconcarmen.es\/es\/metodologia-de-los-cursos-de-espanol-online-de-carmen-estevez\/","og_locale":"es_ES","og_type":"article","og_title":"Metodolog\u00eda cursos espa\u00f1ol online - Aprende con Carmen","og_description":"Con mi metodolog\u00eda de los cursos de espa\u00f1ol online de Carmen Est\u00e9vez hablar\u00e1s espa\u00f1ol con soltura y confianza.","og_url":"https:\/\/aprendeconcarmen.es\/es\/metodologia-de-los-cursos-de-espanol-online-de-carmen-estevez\/","og_site_name":"Aprende con Carmen","article_modified_time":"2022-02-23T15:22:07+00:00","og_image":[{"url":"https:\/\/aprendeconcarmen.es\/wp-content\/uploads\/2018\/02\/icon-alacarta.png"}],"twitter_card":"summary_large_image","twitter_misc":{"Tiempo de lectura":"6 minutos"},"schema":{"@context":"https:\/\/schema.org","@graph":[{"@type":"WebPage","@id":"https:\/\/aprendeconcarmen.es\/es\/metodologia-de-los-cursos-de-espanol-online-de-carmen-estevez\/","url":"https:\/\/aprendeconcarmen.es\/es\/metodologia-de-los-cursos-de-espanol-online-de-carmen-estevez\/","name":"Metodolog\u00eda cursos espa\u00f1ol online - Aprende con Carmen","isPartOf":{"@id":"https:\/\/aprendeconcarmen.es\/es\/#website"},"primaryImageOfPage":{"@id":"https:\/\/aprendeconcarmen.es\/es\/metodologia-de-los-cursos-de-espanol-online-de-carmen-estevez\/#primaryimage"},"image":{"@id":"https:\/\/aprendeconcarmen.es\/es\/metodologia-de-los-cursos-de-espanol-online-de-carmen-estevez\/#primaryimage"},"thumbnailUrl":"https:\/\/aprendeconcarmen.es\/wp-content\/uploads\/2018\/02\/icon-alacarta.png","datePublished":"2018-03-01T12:40:58+00:00","dateModified":"2022-02-23T15:22:07+00:00","description":"Con mi metodolog\u00eda de los cursos de espa\u00f1ol online de Carmen Est\u00e9vez hablar\u00e1s espa\u00f1ol con soltura y confianza.","breadcrumb":{"@id":"https:\/\/aprendeconcarmen.es\/es\/metodologia-de-los-cursos-de-espanol-online-de-carmen-estevez\/#breadcrumb"},"inLanguage":"es","potentialAction":[{"@type":"ReadAction","target":["https:\/\/aprendeconcarmen.es\/es\/metodologia-de-los-cursos-de-espanol-online-de-carmen-estevez\/"]}]},{"@type":"ImageObject","inLanguage":"es","@id":"https:\/\/aprendeconcarmen.es\/es\/metodologia-de-los-cursos-de-espanol-online-de-carmen-estevez\/#primaryimage","url":"https:\/\/aprendeconcarmen.es\/wp-content\/uploads\/2018\/02\/icon-alacarta.png","contentUrl":"https:\/\/aprendeconcarmen.es\/wp-content\/uploads\/2018\/02\/icon-alacarta.png"},{"@type":"BreadcrumbList","@id":"https:\/\/aprendeconcarmen.es\/es\/metodologia-de-los-cursos-de-espanol-online-de-carmen-estevez\/#breadcrumb","itemListElement":[{"@type":"ListItem","position":1,"name":"Portada","item":"https:\/\/aprendeconcarmen.es\/es\/"},{"@type":"ListItem","position":2,"name":"Metodolog\u00eda"}]},{"@type":"WebSite","@id":"https:\/\/aprendeconcarmen.es\/es\/#website","url":"https:\/\/aprendeconcarmen.es\/es\/","name":"Aprende con Carmen","description":"Clases de espa\u00f1ol online","potentialAction":[{"@type":"SearchAction","target":{"@type":"EntryPoint","urlTemplate":"https:\/\/aprendeconcarmen.es\/es\/?s={search_term_string}"},"query-input":"required name=search_term_string"}],"inLanguage":"es"}]}},"post_mailing_queue_ids":[],"_links":{"self":[{"href":"https:\/\/aprendeconcarmen.es\/es\/wp-json\/wp\/v2\/pages\/24850"}],"collection":[{"href":"https:\/\/aprendeconcarmen.es\/es\/wp-json\/wp\/v2\/pages"}],"about":[{"href":"https:\/\/aprendeconcarmen.es\/es\/wp-json\/wp\/v2\/types\/page"}],"author":[{"embeddable":true,"href":"https:\/\/aprendeconcarmen.es\/es\/wp-json\/wp\/v2\/users\/1"}],"replies":[{"embeddable":true,"href":"https:\/\/aprendeconcarmen.es\/es\/wp-json\/wp\/v2\/comments?post=24850"}],"version-history":[{"count":0,"href":"https:\/\/aprendeconcarmen.es\/es\/wp-json\/wp\/v2\/pages\/24850\/revisions"}],"wp:attachment":[{"href":"https:\/\/aprendeconcarmen.es\/es\/wp-json\/wp\/v2\/media?parent=24850"}],"curies":[{"name":"wp","href":"https:\/\/api.w.org\/{rel}","templated":true}]}}