{"id":24897,"date":"2018-03-01T16:55:35","date_gmt":"2018-03-01T16:55:35","guid":{"rendered":"https:\/\/developlaclave.es\/develop\/carmen\/?page_id=24897"},"modified":"2022-02-23T17:03:04","modified_gmt":"2022-02-23T15:03:04","slug":"carmen-estevez-profesora-de-espanol-online","status":"publish","type":"page","link":"https:\/\/aprendeconcarmen.es\/es\/carmen-estevez-profesora-de-espanol-online\/","title":{"rendered":"Con\u00f3ceme"},"content":{"rendered":"<p>[vc_row full_width=&#8221;stretch_row&#8221; content_placement=&#8221;top&#8221; css_animation=&#8221;none&#8221; css=&#8221;.vc_custom_1546425359628{margin-bottom: 0px !important;padding-top: 120px !important;background-image: url(https:\/\/aprendeconcarmen.es\/wp-content\/uploads\/2019\/01\/background-conoceme-2.jpg?id=29027) !important;background-position: 0 0 !important;background-repeat: no-repeat !important;}&#8221; el_id=&#8221;cabecera&#8221;][vc_column css=&#8221;.vc_custom_1546425053499{padding-top: 20px !important;}&#8221;][vc_row_inner el_id=&#8221;caberatextos&#8221;][vc_column_inner width=&#8221;1\/2&#8243;][vc_column_text css_animation=&#8221;fadeInLeft&#8221; el_id=&#8221;titulopagina&#8221;]<\/p>\n<h1 style=\"text-align: right;\">ME LLAMO<br \/>\n<strong>CARMEN<br \/>\nEST\u00c9VEZ<\/strong><\/h1>\n<p>[\/vc_column_text][\/vc_column_inner][vc_column_inner width=&#8221;1\/2&#8243;][vc_column_text css_animation=&#8221;fadeInRight&#8221; el_id=&#8221;subtitulopagina&#8221;]<\/p>\n<h1 style=\"text-align: left;\">SOY PROFESORA<br \/>\nDE ESPA\u00d1OL ONLINE<br \/>\nY VIVO EN SALAMANCA<br \/>\n(ESPA\u00d1A)<\/h1>\n<p>[\/vc_column_text][vc_column_text css_animation=&#8221;fadeInRight&#8221; el_id=&#8221;txtpaginacabecera&#8221;]Estudi\u00e9 <strong>Filolog\u00eda Hisp\u00e1nica\u00a0en la Universidad de Salamanca\u00a0<\/strong>y siempre he querido ser profesora\u00a0de espa\u00f1ol para extranjeros,\u00a0por lo que me especialic\u00e9 en ello.[\/vc_column_text][\/vc_column_inner][\/vc_row_inner]<div class=\"gem-button-container gem-button-position-center\"><a class=\"gem-button gem-button-size-medium gem-button-style-flat gem-button-text-weight-normal gem-button-empty\" style=\"border-radius: 3px;background-color: rgba(255,255,255,0.01);color: rgba(255,255,255,0.52);\" onmouseleave=\"this.style.backgroundColor='rgba(255,255,255,0.01)';this.style.color='rgba(255,255,255,0.52)';\" onmouseenter=\"this.style.backgroundColor='rgba(255,255,255,0.01)';this.style.color='rgba(255,255,255,0.25)';\" href=\"#formulario\" target=\"_self\"><i class=\"gem-print-icon gem-icon-pack-fontawesome\">&#xf078;<\/i><\/a><\/div> [\/vc_column][\/vc_row][vc_row content_placement=&#8221;top&#8221; css=&#8221;.vc_custom_1520239294772{padding-top: 30px !important;padding-bottom: 0px !important;}&#8221;][vc_column][vc_column_text css=&#8221;.vc_custom_1520239715252{padding-bottom: 30px !important;}&#8221;]<\/p>\n<div class=\"title-h2\" style=\"text-align: center;\">M\u00c1S DE 20 A\u00d1OS DE EXPERIENCIA<br \/>\n<span class=\"light\">EN LA ENSE\u00d1ANZA DEL ESPA\u00d1OL<\/span><\/div>\n<p>[\/vc_column_text][vc_row_inner content_placement=&#8221;middle&#8221; gap=&#8221;10&#8243;][vc_column_inner el_class=&#8221;destacado&#8221; width=&#8221;1\/2&#8243;][vc_column_text]<\/p>\n<p style=\"text-align: left;\">Muchos estudiantes, cuando volv\u00edan a sus pa\u00edses, me dec\u00edan que quer\u00edan continuar las clases conmigo porque les gustaba mucho y \u00a1ahora es posible!<\/p>\n<p>Tengo una <strong>experiencia de m\u00e1s de 20 a\u00f1os en la ense\u00f1anza del espa\u00f1ol<\/strong> en diferentes escuelas en Salamanca y ahora podemos aprender juntos tambi\u00e9n online.<\/p>\n<p>Mi larga experiencia es fundamental para aprender m\u00e1s y mejor porque <strong>he trabajado con estudiantes de diferentes nacionalidades, edades y niveles<\/strong> y s\u00e9 que cada uno tiene sus dificultades personales y espec\u00edficas de su lengua materna. Por eso las clases son a medida, personalizadas para cada estudiante.<\/p>\n<p>Tambi\u00e9n he viajado por muchos pa\u00edses como Reino Unido, Egipto,\u00a0 Noruega, Italia, Francia, Rep\u00fablica Checa, M\u00e9xico, China, Jap\u00f3n, Vietnam, La India, Sud\u00e1frica\u2026 lo cual me da una visi\u00f3n m\u00e1s amplia del mundo y de las personas.[\/vc_column_text][\/vc_column_inner][vc_column_inner width=&#8221;1\/2&#8243; css=&#8221;.vc_custom_1520238129387{margin: 0px !important;border-width: 0px !important;padding: 0px !important;}&#8221;][vc_single_image image=&#8221;24960&#8243; img_size=&#8221;full&#8221; alignment=&#8221;center&#8221; css_animation=&#8221;none&#8221; css=&#8221;.vc_custom_1520238107816{margin: 0px !important;border-width: 0px !important;padding: 0px !important;}&#8221;][\/vc_column_inner][\/vc_row_inner][vc_row_inner][vc_column_inner][vc_zigzag el_border_width=&#8221;10&#8243; css=&#8221;.vc_custom_1520238717127{padding-top: 30px !important;padding-bottom: 30px !important;}&#8221;][vc_column_text]<\/p>\n<h3 style=\"text-align: center;\"><strong><img loading=\"lazy\" decoding=\"async\" class=\"alignnone wp-image-24712\" src=\"https:\/\/aprendeconcarmen.es\/wp-content\/uploads\/2018\/02\/aprende-con-carmen-icono.png\" alt=\"Aprende con Carmen\" width=\"84\" height=\"79\" \/><\/strong><\/h3>\n<div class=\"title-h3\" style=\"text-align: center;\">Mi forma de trabajar se resume en tres palabras:<br \/>\n<strong>PACIENCIA, PASI\u00d3N y POSITIVIDAD.<\/strong><\/div>\n<p>[\/vc_column_text][\/vc_column_inner][\/vc_row_inner][\/vc_column][\/vc_row]<\/p>\n","protected":false},"excerpt":{"rendered":"<p>[vc_row full_width=&#8221;stretch_row&#8221; content_placement=&#8221;top&#8221; css_animation=&#8221;none&#8221; css=&#8221;.vc_custom_1546425359628{margin-bottom: 0px !important;padding-top: 120px !important;background-image: url(https:\/\/aprendeconcarmen.es\/wp-content\/uploads\/2019\/01\/background-conoceme-2.jpg?id=29027) !important;background-position: 0 0 !important;background-repeat: no-repeat !important;}&#8221; el_id=&#8221;cabecera&#8221;][vc_column css=&#8221;.vc_custom_1546425053499{padding-top: 20px !important;}&#8221;][vc_row_inner&#8230;<\/p>\n","protected":false},"author":1,"featured_media":0,"parent":0,"menu_order":0,"comment_status":"closed","ping_status":"closed","template":"","meta":{"footnotes":""},"yoast_head":"<!-- This site is optimized with the Yoast SEO plugin v22.7 - https:\/\/yoast.com\/wordpress\/plugins\/seo\/ -->\n<title>Carmen Est\u00e9vez, profesora de espa\u00f1ol online - Aprende con Carmen<\/title>\n<meta name=\"description\" content=\"M\u00e1s de 20 a\u00f1os de experiecia en la ense\u00f1anza del espa\u00f1ol en diferentes escuelas en Salamanca. Podemos aprender juntos tambi\u00e9n online.\" \/>\n<meta name=\"robots\" content=\"index, follow, max-snippet:-1, max-image-preview:large, max-video-preview:-1\" \/>\n<link rel=\"canonical\" href=\"https:\/\/aprendeconcarmen.es\/es\/carmen-estevez-profesora-de-espanol-online\/\" \/>\n<meta property=\"og:locale\" content=\"es_ES\" \/>\n<meta property=\"og:type\" content=\"article\" \/>\n<meta property=\"og:title\" content=\"Carmen Est\u00e9vez, profesora de espa\u00f1ol online - Aprende con Carmen\" \/>\n<meta property=\"og:description\" content=\"M\u00e1s de 20 a\u00f1os de experiecia en la ense\u00f1anza del espa\u00f1ol en diferentes escuelas en Salamanca. Podemos aprender juntos tambi\u00e9n online.\" \/>\n<meta property=\"og:url\" content=\"https:\/\/aprendeconcarmen.es\/es\/carmen-estevez-profesora-de-espanol-online\/\" \/>\n<meta property=\"og:site_name\" content=\"Aprende con Carmen\" \/>\n<meta property=\"article:modified_time\" content=\"2022-02-23T15:03:04+00:00\" \/>\n<meta property=\"og:image\" content=\"https:\/\/aprendeconcarmen.es\/wp-content\/uploads\/2018\/02\/aprende-con-carmen-icono.png\" \/>\n<meta name=\"twitter:card\" content=\"summary_large_image\" \/>\n<meta name=\"twitter:label1\" content=\"Tiempo de lectura\" \/>\n\t<meta name=\"twitter:data1\" content=\"2 minutos\" \/>\n<script type=\"application\/ld+json\" class=\"yoast-schema-graph\">{\"@context\":\"https:\/\/schema.org\",\"@graph\":[{\"@type\":\"WebPage\",\"@id\":\"https:\/\/aprendeconcarmen.es\/es\/carmen-estevez-profesora-de-espanol-online\/\",\"url\":\"https:\/\/aprendeconcarmen.es\/es\/carmen-estevez-profesora-de-espanol-online\/\",\"name\":\"Carmen Est\u00e9vez, profesora de espa\u00f1ol online - Aprende con Carmen\",\"isPartOf\":{\"@id\":\"https:\/\/aprendeconcarmen.es\/es\/#website\"},\"primaryImageOfPage\":{\"@id\":\"https:\/\/aprendeconcarmen.es\/es\/carmen-estevez-profesora-de-espanol-online\/#primaryimage\"},\"image\":{\"@id\":\"https:\/\/aprendeconcarmen.es\/es\/carmen-estevez-profesora-de-espanol-online\/#primaryimage\"},\"thumbnailUrl\":\"https:\/\/aprendeconcarmen.es\/wp-content\/uploads\/2018\/02\/aprende-con-carmen-icono.png\",\"datePublished\":\"2018-03-01T16:55:35+00:00\",\"dateModified\":\"2022-02-23T15:03:04+00:00\",\"description\":\"M\u00e1s de 20 a\u00f1os de experiecia en la ense\u00f1anza del espa\u00f1ol en diferentes escuelas en Salamanca. Podemos aprender juntos tambi\u00e9n online.\",\"breadcrumb\":{\"@id\":\"https:\/\/aprendeconcarmen.es\/es\/carmen-estevez-profesora-de-espanol-online\/#breadcrumb\"},\"inLanguage\":\"es\",\"potentialAction\":[{\"@type\":\"ReadAction\",\"target\":[\"https:\/\/aprendeconcarmen.es\/es\/carmen-estevez-profesora-de-espanol-online\/\"]}]},{\"@type\":\"ImageObject\",\"inLanguage\":\"es\",\"@id\":\"https:\/\/aprendeconcarmen.es\/es\/carmen-estevez-profesora-de-espanol-online\/#primaryimage\",\"url\":\"https:\/\/aprendeconcarmen.es\/wp-content\/uploads\/2018\/02\/aprende-con-carmen-icono.png\",\"contentUrl\":\"https:\/\/aprendeconcarmen.es\/wp-content\/uploads\/2018\/02\/aprende-con-carmen-icono.png\"},{\"@type\":\"BreadcrumbList\",\"@id\":\"https:\/\/aprendeconcarmen.es\/es\/carmen-estevez-profesora-de-espanol-online\/#breadcrumb\",\"itemListElement\":[{\"@type\":\"ListItem\",\"position\":1,\"name\":\"Portada\",\"item\":\"https:\/\/aprendeconcarmen.es\/es\/\"},{\"@type\":\"ListItem\",\"position\":2,\"name\":\"Con\u00f3ceme\"}]},{\"@type\":\"WebSite\",\"@id\":\"https:\/\/aprendeconcarmen.es\/es\/#website\",\"url\":\"https:\/\/aprendeconcarmen.es\/es\/\",\"name\":\"Aprende con Carmen\",\"description\":\"Clases de espa\u00f1ol online\",\"potentialAction\":[{\"@type\":\"SearchAction\",\"target\":{\"@type\":\"EntryPoint\",\"urlTemplate\":\"https:\/\/aprendeconcarmen.es\/es\/?s={search_term_string}\"},\"query-input\":\"required name=search_term_string\"}],\"inLanguage\":\"es\"}]}<\/script>\n<!-- \/ Yoast SEO plugin. -->","yoast_head_json":{"title":"Carmen Est\u00e9vez, profesora de espa\u00f1ol online - Aprende con Carmen","description":"M\u00e1s de 20 a\u00f1os de experiecia en la ense\u00f1anza del espa\u00f1ol en diferentes escuelas en Salamanca. Podemos aprender juntos tambi\u00e9n online.","robots":{"index":"index","follow":"follow","max-snippet":"max-snippet:-1","max-image-preview":"max-image-preview:large","max-video-preview":"max-video-preview:-1"},"canonical":"https:\/\/aprendeconcarmen.es\/es\/carmen-estevez-profesora-de-espanol-online\/","og_locale":"es_ES","og_type":"article","og_title":"Carmen Est\u00e9vez, profesora de espa\u00f1ol online - Aprende con Carmen","og_description":"M\u00e1s de 20 a\u00f1os de experiecia en la ense\u00f1anza del espa\u00f1ol en diferentes escuelas en Salamanca. Podemos aprender juntos tambi\u00e9n online.","og_url":"https:\/\/aprendeconcarmen.es\/es\/carmen-estevez-profesora-de-espanol-online\/","og_site_name":"Aprende con Carmen","article_modified_time":"2022-02-23T15:03:04+00:00","og_image":[{"url":"https:\/\/aprendeconcarmen.es\/wp-content\/uploads\/2018\/02\/aprende-con-carmen-icono.png"}],"twitter_card":"summary_large_image","twitter_misc":{"Tiempo de lectura":"2 minutos"},"schema":{"@context":"https:\/\/schema.org","@graph":[{"@type":"WebPage","@id":"https:\/\/aprendeconcarmen.es\/es\/carmen-estevez-profesora-de-espanol-online\/","url":"https:\/\/aprendeconcarmen.es\/es\/carmen-estevez-profesora-de-espanol-online\/","name":"Carmen Est\u00e9vez, profesora de espa\u00f1ol online - Aprende con Carmen","isPartOf":{"@id":"https:\/\/aprendeconcarmen.es\/es\/#website"},"primaryImageOfPage":{"@id":"https:\/\/aprendeconcarmen.es\/es\/carmen-estevez-profesora-de-espanol-online\/#primaryimage"},"image":{"@id":"https:\/\/aprendeconcarmen.es\/es\/carmen-estevez-profesora-de-espanol-online\/#primaryimage"},"thumbnailUrl":"https:\/\/aprendeconcarmen.es\/wp-content\/uploads\/2018\/02\/aprende-con-carmen-icono.png","datePublished":"2018-03-01T16:55:35+00:00","dateModified":"2022-02-23T15:03:04+00:00","description":"M\u00e1s de 20 a\u00f1os de experiecia en la ense\u00f1anza del espa\u00f1ol en diferentes escuelas en Salamanca. Podemos aprender juntos tambi\u00e9n online.","breadcrumb":{"@id":"https:\/\/aprendeconcarmen.es\/es\/carmen-estevez-profesora-de-espanol-online\/#breadcrumb"},"inLanguage":"es","potentialAction":[{"@type":"ReadAction","target":["https:\/\/aprendeconcarmen.es\/es\/carmen-estevez-profesora-de-espanol-online\/"]}]},{"@type":"ImageObject","inLanguage":"es","@id":"https:\/\/aprendeconcarmen.es\/es\/carmen-estevez-profesora-de-espanol-online\/#primaryimage","url":"https:\/\/aprendeconcarmen.es\/wp-content\/uploads\/2018\/02\/aprende-con-carmen-icono.png","contentUrl":"https:\/\/aprendeconcarmen.es\/wp-content\/uploads\/2018\/02\/aprende-con-carmen-icono.png"},{"@type":"BreadcrumbList","@id":"https:\/\/aprendeconcarmen.es\/es\/carmen-estevez-profesora-de-espanol-online\/#breadcrumb","itemListElement":[{"@type":"ListItem","position":1,"name":"Portada","item":"https:\/\/aprendeconcarmen.es\/es\/"},{"@type":"ListItem","position":2,"name":"Con\u00f3ceme"}]},{"@type":"WebSite","@id":"https:\/\/aprendeconcarmen.es\/es\/#website","url":"https:\/\/aprendeconcarmen.es\/es\/","name":"Aprende con Carmen","description":"Clases de espa\u00f1ol online","potentialAction":[{"@type":"SearchAction","target":{"@type":"EntryPoint","urlTemplate":"https:\/\/aprendeconcarmen.es\/es\/?s={search_term_string}"},"query-input":"required name=search_term_string"}],"inLanguage":"es"}]}},"post_mailing_queue_ids":[],"_links":{"self":[{"href":"https:\/\/aprendeconcarmen.es\/es\/wp-json\/wp\/v2\/pages\/24897"}],"collection":[{"href":"https:\/\/aprendeconcarmen.es\/es\/wp-json\/wp\/v2\/pages"}],"about":[{"href":"https:\/\/aprendeconcarmen.es\/es\/wp-json\/wp\/v2\/types\/page"}],"author":[{"embeddable":true,"href":"https:\/\/aprendeconcarmen.es\/es\/wp-json\/wp\/v2\/users\/1"}],"replies":[{"embeddable":true,"href":"https:\/\/aprendeconcarmen.es\/es\/wp-json\/wp\/v2\/comments?post=24897"}],"version-history":[{"count":0,"href":"https:\/\/aprendeconcarmen.es\/es\/wp-json\/wp\/v2\/pages\/24897\/revisions"}],"wp:attachment":[{"href":"https:\/\/aprendeconcarmen.es\/es\/wp-json\/wp\/v2\/media?parent=24897"}],"curies":[{"name":"wp","href":"https:\/\/api.w.org\/{rel}","templated":true}]}}