{"id":25343,"date":"2018-03-07T16:29:18","date_gmt":"2018-03-07T16:29:18","guid":{"rendered":"https:\/\/developlaclave.es\/develop\/carmen\/?page_id=25343"},"modified":"2021-10-22T11:16:41","modified_gmt":"2021-10-22T09:16:41","slug":"testimonios-de-alumnos-de-espanol-carmen-estevez","status":"publish","type":"page","link":"https:\/\/aprendeconcarmen.es\/es\/testimonios-de-alumnos-de-espanol-carmen-estevez\/","title":{"rendered":"Testimonios"},"content":{"rendered":"<p>[vc_row full_width=&#8221;stretch_row&#8221; content_placement=&#8221;middle&#8221; css_animation=&#8221;none&#8221; css=&#8221;.vc_custom_1522337206098{margin-bottom: 0px !important;padding-top: 140px !important;background-image: url(https:\/\/aprendeconcarmen.es\/wp-content\/uploads\/2018\/03\/background-testimonios-1.jpg?id=25413) !important;background-position: 0 0 !important;background-repeat: no-repeat !important;}&#8221; el_id=&#8221;cabecera&#8221;][vc_column css=&#8221;.vc_custom_1519318946462{padding-top: 0px !important;}&#8221;][vc_row_inner el_id=&#8221;caberatextos&#8221;][vc_column_inner width=&#8221;1\/2&#8243;][vc_column_text css_animation=&#8221;fadeInLeft&#8221; el_id=&#8221;titulopagina&#8221;]<\/p>\n<h1 style=\"text-align: right;\"><strong>TESTIMONIOS<br \/>\n<\/strong>ALUMNOS\u00a0DE<br \/>\nESPA\u00d1OL DE<br \/>\nCARMEN EST\u00c9VEZ<\/h1>\n<p>[\/vc_column_text][\/vc_column_inner][vc_column_inner width=&#8221;1\/2&#8243;][vc_column_text css_animation=&#8221;fadeInRight&#8221; el_id=&#8221;subtitulopagina&#8221;]<\/p>\n<h1>ESC\u00daCHALOS,<br \/>\nTE VA A INTERESAR<\/h1>\n<p>[\/vc_column_text][vc_column_text css_animation=&#8221;fadeInRight&#8221; el_id=&#8221;txtpaginacabecera&#8221;]En Espa\u00f1a existe un refr\u00e1n que dice:<br \/>\n<strong>&#8220;para muestra, un bot\u00f3n&#8221;.<\/strong><\/p>\n<p>Pues aqu\u00ed <strong>te mostramos varios &#8220;botones&#8221;<\/strong>.<br \/>\nSon las declaraciones de alumnos que han estudiado espa\u00f1ol con Carmen Est\u00e9vez.[\/vc_column_text][\/vc_column_inner][\/vc_row_inner]<div class=\"gem-button-container gem-button-position-center\"><a class=\"gem-button gem-button-size-medium gem-button-style-flat gem-button-text-weight-normal gem-button-empty\" style=\"border-radius: 3px;background-color: rgba(255,255,255,0.01);color: rgba(255,255,255,0.52);\" onmouseleave=\"this.style.backgroundColor='rgba(255,255,255,0.01)';this.style.color='rgba(255,255,255,0.52)';\" onmouseenter=\"this.style.backgroundColor='rgba(255,255,255,0.01)';this.style.color='rgba(255,255,255,0.25)';\" href=\"#testimonios\" target=\"_self\"><i class=\"gem-print-icon gem-icon-pack-fontawesome\">&#xf078;<\/i><\/a><\/div> [\/vc_column][\/vc_row][vc_row css=&#8221;.vc_custom_1520586686760{padding-bottom: 30px !important;}&#8221; el_id=&#8221;testimonios&#8221;][vc_column][vc_row_inner equal_height=&#8221;yes&#8221; content_placement=&#8221;middle&#8221; css=&#8221;.vc_custom_1520586902687{margin-bottom: 0px !important;padding-bottom: 0px !important;}&#8221;][vc_column_inner width=&#8221;2\/3&#8243; css=&#8221;.vc_custom_1520585040086{margin-top: 0px !important;margin-right: 0px !important;margin-bottom: -24px !important;margin-left: 0px !important;padding-top: 0px !important;padding-right: 0px !important;padding-bottom: 0px !important;padding-left: 0px !important;}&#8221;]<div class=\"gem-youtube gem-wrapbox gem-wrapbox-style-no-style rounded-corners gem-wrapbox-position-below\" style=\"width: 100%;\"><div class=\"gem-wrapbox-inner gem-ratio-style\" style=\"padding-top: 56.25%\"><iframe loading=\"lazy\" class=\"gem-wrapbox-element img-responsive\" width=\"100%\" height=\"300\" allowfullscreen=\"allowfullscreen\" frameborder=\"0\" scrolling=\"no\" marginheight=\"0\" marginwidth=\"0\" src=\"\/\/www.youtube.com\/embed\/fSZSyLH6y3U?rel=0&amp;wmode=opaque\"><\/iframe><\/div><\/div>[\/vc_column_inner][vc_column_inner width=&#8221;1\/3&#8243; css=&#8221;.vc_custom_1520584305875{margin-top: 0px !important;margin-right: 0px !important;margin-bottom: 0px !important;margin-left: 0px !important;padding-top: 30px !important;padding-right: 30px !important;padding-bottom: 30px !important;padding-left: 30px !important;background-color: rgba(232,232,232,0.5) !important;*background-color: rgb(232,232,232) !important;}&#8221;][vc_column_text css_animation=&#8221;zoomIn&#8221; css=&#8221;.vc_custom_1522998757800{margin-bottom: 0px !important;padding-bottom: 0px !important;}&#8221;]<\/p>\n<div class=\"styled-subtitle\" style=\"text-align: center;\"><strong>HIROKO SUZUKI<\/strong><\/div>\n<p style=\"text-align: center;\"><em>&#8211; Jap\u00f3n &#8211;<\/em><\/p>\n<p>[\/vc_column_text]<div class=\"gem-icon-with-text gem-icon-with-text-icon-size-medium centered-box gem-icon-with-text-flow\"><div style=\"margin-bottom:0px;margin-top:10px; \" class=\"gem-icon-with-text-icon\"><div class=\"gem-icon gem-icon-pack-elegant gem-icon-size-medium angle-90deg gem-icon-shape-square gem-simple-icon\" style=\"opacity: 1;\"><div class=\"gem-icon-inner\" style=\"\"><span class=\"gem-icon-half-1\" style=\"color: #c16101;\"><span class=\"back-angle\">&#x7b;<\/span><\/span><span class=\"gem-icon-half-2\" style=\"color: #c16101;\"><span class=\"back-angle\">&#x7b;<\/span><\/span><\/div><\/div><\/div><div class=\"gem-icon-with-text-content\" ><div class=\"gem-icon-with-text-text\">[vc_column_text]<\/p>\n<p style=\"text-align: center; font-size: 19px; line-height: 26px;\">Las clases con Carmen eran muy divertidas, para ser clases de DELE y gracias a ella me dieron apto.<\/p>\n<p>[\/vc_column_text]<\/div><\/div><div class=\"clearboth\"><\/div><\/div>[\/vc_column_inner][\/vc_row_inner][vc_row_inner equal_height=&#8221;yes&#8221; content_placement=&#8221;middle&#8221; css=&#8221;.vc_custom_1520587016897{margin-top: 0px !important;padding-top: 0px !important;}&#8221;][vc_column_inner width=&#8221;1\/3&#8243; css=&#8221;.vc_custom_1520585110671{margin-top: 0px !important;margin-right: 0px !important;margin-bottom: -24px !important;margin-left: 0px !important;padding-top: 30px !important;padding-right: 30px !important;padding-bottom: 30px !important;padding-left: 30px !important;background-color: rgba(232,232,232,0.5) !important;*background-color: rgb(232,232,232) !important;}&#8221;][vc_column_text css_animation=&#8221;zoomIn&#8221; css=&#8221;.vc_custom_1523861962699{margin-bottom: 0px !important;padding-bottom: 0px !important;}&#8221;]<\/p>\n<div class=\"styled-subtitle\" style=\"text-align: center;\"><strong>JIM DROBNYK<\/strong><\/div>\n<p style=\"text-align: center;\"><em>&#8211; EEUU &#8211;<\/em><\/p>\n<p>[\/vc_column_text]<div class=\"gem-icon-with-text gem-icon-with-text-icon-size-medium centered-box gem-icon-with-text-flow\"><div style=\"margin-bottom:10px;margin-top:0px; \" class=\"gem-icon-with-text-icon\"><div class=\"gem-icon gem-icon-pack-elegant gem-icon-size-medium angle-90deg gem-icon-shape-square gem-simple-icon\" style=\"opacity: 1;\"><div class=\"gem-icon-inner\" style=\"\"><span class=\"gem-icon-half-1\" style=\"color: #c16101;\"><span class=\"back-angle\">&#x7b;<\/span><\/span><span class=\"gem-icon-half-2\" style=\"color: #c16101;\"><span class=\"back-angle\">&#x7b;<\/span><\/span><\/div><\/div><\/div><div class=\"gem-icon-with-text-content\" ><div class=\"gem-icon-with-text-text\">[vc_column_text]<\/p>\n<p style=\"text-align: center; font-size: 19px; line-height: 26px;\">Carmen es una profesora supercualificada y tiene un estilo de ense\u00f1anza que es muy efectivo.<\/p>\n<p>[\/vc_column_text]<\/div><\/div><div class=\"clearboth\"><\/div><\/div>[\/vc_column_inner][vc_column_inner width=&#8221;2\/3&#8243; css=&#8221;.vc_custom_1520586873838{margin-top: 0px !important;margin-right: 0px !important;margin-bottom: -40px !important;margin-left: 0px !important;padding-top: 0px !important;padding-right: 0px !important;padding-bottom: 0px !important;padding-left: 0px !important;}&#8221;]<div class=\"gem-youtube gem-wrapbox gem-wrapbox-style-no-style rounded-corners gem-wrapbox-position-below\" style=\"width: 100%;\"><div class=\"gem-wrapbox-inner gem-ratio-style\" style=\"padding-top: 56.25%\"><iframe loading=\"lazy\" class=\"gem-wrapbox-element img-responsive\" width=\"100%\" height=\"300\" allowfullscreen=\"allowfullscreen\" frameborder=\"0\" scrolling=\"no\" marginheight=\"0\" marginwidth=\"0\" src=\"\/\/www.youtube.com\/embed\/7ZvVNEpyfZ0?rel=0&amp;wmode=opaque\"><\/iframe><\/div><\/div>[\/vc_column_inner][\/vc_row_inner][vc_row_inner equal_height=&#8221;yes&#8221; content_placement=&#8221;middle&#8221; css=&#8221;.vc_custom_1520586911808{margin-top: 0px !important;margin-bottom: 0px !important;padding-top: 0px !important;padding-bottom: 0px !important;}&#8221;][vc_column_inner width=&#8221;2\/3&#8243; css=&#8221;.vc_custom_1520585040086{margin-top: 0px !important;margin-right: 0px !important;margin-bottom: -24px !important;margin-left: 0px !important;padding-top: 0px !important;padding-right: 0px !important;padding-bottom: 0px !important;padding-left: 0px !important;}&#8221;]<div class=\"gem-youtube gem-wrapbox gem-wrapbox-style-no-style rounded-corners gem-wrapbox-position-below\" style=\"width: 100%;\"><div class=\"gem-wrapbox-inner gem-ratio-style\" style=\"padding-top: 56.25%\"><iframe loading=\"lazy\" class=\"gem-wrapbox-element img-responsive\" width=\"100%\" height=\"300\" allowfullscreen=\"allowfullscreen\" frameborder=\"0\" scrolling=\"no\" marginheight=\"0\" marginwidth=\"0\" src=\"\/\/www.youtube.com\/embed\/Ly0dbS-oaHY?rel=0&amp;wmode=opaque\"><\/iframe><\/div><\/div>[\/vc_column_inner][vc_column_inner width=&#8221;1\/3&#8243; css=&#8221;.vc_custom_1520584305875{margin-top: 0px !important;margin-right: 0px !important;margin-bottom: 0px !important;margin-left: 0px !important;padding-top: 30px !important;padding-right: 30px !important;padding-bottom: 30px !important;padding-left: 30px !important;background-color: rgba(232,232,232,0.5) !important;*background-color: rgb(232,232,232) !important;}&#8221;][vc_column_text css_animation=&#8221;zoomIn&#8221; css=&#8221;.vc_custom_1523356589448{margin-bottom: 0px !important;padding-bottom: 0px !important;}&#8221;]<\/p>\n<div class=\"styled-subtitle\" style=\"text-align: center;\"><strong>IVANA KARLI\u0106<\/strong><\/div>\n<p style=\"text-align: center;\"><em>&#8211; Croacia &#8211;<\/em><\/p>\n<p>[\/vc_column_text]<div class=\"gem-icon-with-text gem-icon-with-text-icon-size-medium centered-box gem-icon-with-text-flow\"><div style=\"margin-bottom:0px;margin-top:10px; \" class=\"gem-icon-with-text-icon\"><div class=\"gem-icon gem-icon-pack-elegant gem-icon-size-medium angle-90deg gem-icon-shape-square gem-simple-icon\" style=\"opacity: 1;\"><div class=\"gem-icon-inner\" style=\"\"><span class=\"gem-icon-half-1\" style=\"color: #c16101;\"><span class=\"back-angle\">&#x7b;<\/span><\/span><span class=\"gem-icon-half-2\" style=\"color: #c16101;\"><span class=\"back-angle\">&#x7b;<\/span><\/span><\/div><\/div><\/div><div class=\"gem-icon-with-text-content\" ><div class=\"gem-icon-with-text-text\">[vc_column_text]<\/p>\n<p style=\"text-align: center; font-size: 19px; line-height: 26px;\">Ahora tengo clases de conversaci\u00f3n por Skype con Carmen y hablamos sobre cosas muy interesantes, esto me ayuda a mantener mi espa\u00f1ol en un nivel bueno.<\/p>\n<p>[\/vc_column_text]<\/div><\/div><div class=\"clearboth\"><\/div><\/div>[\/vc_column_inner][\/vc_row_inner][vc_row_inner equal_height=&#8221;yes&#8221; content_placement=&#8221;middle&#8221; css=&#8221;.vc_custom_1520586923936{margin-top: 0px !important;padding-top: 0px !important;}&#8221;][vc_column_inner width=&#8221;1\/3&#8243; css=&#8221;.vc_custom_1520585110671{margin-top: 0px !important;margin-right: 0px !important;margin-bottom: -24px !important;margin-left: 0px !important;padding-top: 30px !important;padding-right: 30px !important;padding-bottom: 30px !important;padding-left: 30px !important;background-color: rgba(232,232,232,0.5) !important;*background-color: rgb(232,232,232) !important;}&#8221;][vc_column_text css_animation=&#8221;zoomIn&#8221; css=&#8221;.vc_custom_1522998618118{margin-bottom: 0px !important;padding-bottom: 0px !important;}&#8221;]<\/p>\n<div class=\"styled-subtitle\" style=\"text-align: center;\"><strong>EIKO IWAKI<\/strong><\/div>\n<p style=\"text-align: center;\"><em>&#8211; Jap\u00f3n &#8211;<\/em><\/p>\n<p>[\/vc_column_text]<div class=\"gem-icon-with-text gem-icon-with-text-icon-size-medium centered-box gem-icon-with-text-flow\"><div style=\"margin-bottom:10px;margin-top:0px; \" class=\"gem-icon-with-text-icon\"><div class=\"gem-icon gem-icon-pack-elegant gem-icon-size-medium angle-90deg gem-icon-shape-square gem-simple-icon\" style=\"opacity: 1;\"><div class=\"gem-icon-inner\" style=\"\"><span class=\"gem-icon-half-1\" style=\"color: #c16101;\"><span class=\"back-angle\">&#x7b;<\/span><\/span><span class=\"gem-icon-half-2\" style=\"color: #c16101;\"><span class=\"back-angle\">&#x7b;<\/span><\/span><\/div><\/div><\/div><div class=\"gem-icon-with-text-content\" ><div class=\"gem-icon-with-text-text\">[vc_column_text]<\/p>\n<p style=\"text-align: center; font-size: 19px; line-height: 26px;\">Las clases de Carmen eran muy divertidas y explicaba muy bien, con paciencia y nos ense\u00f1aba mucho sobre la cultura de Espa\u00f1a.<\/p>\n<p>[\/vc_column_text]<\/div><\/div><div class=\"clearboth\"><\/div><\/div>[\/vc_column_inner][vc_column_inner width=&#8221;2\/3&#8243; css=&#8221;.vc_custom_1520585923894{margin-top: 0px !important;margin-right: 0px !important;margin-bottom: -48px !important;margin-left: 0px !important;padding-top: 0px !important;padding-right: 0px !important;padding-bottom: 0px !important;padding-left: 0px !important;}&#8221;]<div class=\"gem-youtube gem-wrapbox gem-wrapbox-style-no-style rounded-corners gem-wrapbox-position-below\" style=\"width: 100%;\"><div class=\"gem-wrapbox-inner gem-ratio-style\" style=\"padding-top: 56.25%\"><iframe loading=\"lazy\" class=\"gem-wrapbox-element img-responsive\" width=\"100%\" height=\"300\" allowfullscreen=\"allowfullscreen\" frameborder=\"0\" scrolling=\"no\" marginheight=\"0\" marginwidth=\"0\" src=\"\/\/www.youtube.com\/embed\/yXKzzq4ROVU?rel=0&amp;wmode=opaque\"><\/iframe><\/div><\/div>[\/vc_column_inner][\/vc_row_inner][\/vc_column][\/vc_row][vc_row css=&#8221;.vc_custom_1520586353047{padding-top: 30px !important;padding-bottom: 30px !important;}&#8221;][vc_column]<div class=\"gem-button-container gem-button-position-right\"><a class=\"gem-button gem-button-size-small gem-button-style-outline gem-button-text-weight-thin gem-button-border-1 gem-button-icon-position-right\" style=\"border-radius: 15px;border-color: #bf662b;color: #bf662b;\" onmouseleave=\"this.style.borderColor='#bf662b';this.style.backgroundColor='transparent';this.style.color='#bf662b';\" onmouseenter=\"this.style.borderColor='#cccccc';this.style.backgroundColor='#ffffff';this.style.color='#cccccc';\" href=\"https:\/\/aprendeconcarmen.es\/testimonios-de-alumnos-de-espanol-carmen-estevez\/testimonios-aprende-carmen-estevez-02\/\" target=\"_self\">VER M\u00c1S<i class=\"gem-print-icon gem-icon-pack-elegant\">&#x35;<\/i><\/a><\/div> [\/vc_column][\/vc_row]<\/p>\n","protected":false},"excerpt":{"rendered":"<p>[vc_row full_width=&#8221;stretch_row&#8221; content_placement=&#8221;middle&#8221; css_animation=&#8221;none&#8221; css=&#8221;.vc_custom_1522337206098{margin-bottom: 0px !important;padding-top: 140px !important;background-image: url(https:\/\/aprendeconcarmen.es\/wp-content\/uploads\/2018\/03\/background-testimonios-1.jpg?id=25413) !important;background-position: 0 0 !important;background-repeat: no-repeat !important;}&#8221; el_id=&#8221;cabecera&#8221;][vc_column css=&#8221;.vc_custom_1519318946462{padding-top: 0px !important;}&#8221;][vc_row_inner&#8230;<\/p>\n","protected":false},"author":1,"featured_media":0,"parent":0,"menu_order":0,"comment_status":"closed","ping_status":"closed","template":"","meta":{"footnotes":""},"yoast_head":"<!-- This site is optimized with the Yoast SEO plugin v22.7 - https:\/\/yoast.com\/wordpress\/plugins\/seo\/ -->\n<title>Testimonios alumnos de espa\u00f1ol Carmen Est\u00e9vez - Aprende con Carmen<\/title>\n<meta name=\"description\" content=\"Testimonios de alumnos de espa\u00f1ol de Carmen Est\u00e9vez. Declaraciones de alumnos que han estudiado en Espa\u00f1a con Carmen Est\u00e9vez\" \/>\n<meta name=\"robots\" content=\"index, follow, max-snippet:-1, max-image-preview:large, max-video-preview:-1\" \/>\n<link rel=\"canonical\" href=\"https:\/\/aprendeconcarmen.es\/es\/testimonios-de-alumnos-de-espanol-carmen-estevez\/\" \/>\n<meta property=\"og:locale\" content=\"es_ES\" \/>\n<meta property=\"og:type\" content=\"article\" \/>\n<meta property=\"og:title\" content=\"Testimonios alumnos de espa\u00f1ol Carmen Est\u00e9vez - Aprende con Carmen\" \/>\n<meta property=\"og:description\" content=\"Testimonios de alumnos de espa\u00f1ol de Carmen Est\u00e9vez. Declaraciones de alumnos que han estudiado en Espa\u00f1a con Carmen Est\u00e9vez\" \/>\n<meta property=\"og:url\" content=\"https:\/\/aprendeconcarmen.es\/es\/testimonios-de-alumnos-de-espanol-carmen-estevez\/\" \/>\n<meta property=\"og:site_name\" content=\"Aprende con Carmen\" \/>\n<meta property=\"article:modified_time\" content=\"2021-10-22T09:16:41+00:00\" \/>\n<meta name=\"twitter:card\" content=\"summary_large_image\" \/>\n<meta name=\"twitter:label1\" content=\"Tiempo de lectura\" \/>\n\t<meta name=\"twitter:data1\" content=\"5 minutos\" \/>\n<script type=\"application\/ld+json\" class=\"yoast-schema-graph\">{\"@context\":\"https:\/\/schema.org\",\"@graph\":[{\"@type\":\"WebPage\",\"@id\":\"https:\/\/aprendeconcarmen.es\/es\/testimonios-de-alumnos-de-espanol-carmen-estevez\/\",\"url\":\"https:\/\/aprendeconcarmen.es\/es\/testimonios-de-alumnos-de-espanol-carmen-estevez\/\",\"name\":\"Testimonios alumnos de espa\u00f1ol Carmen Est\u00e9vez - Aprende con Carmen\",\"isPartOf\":{\"@id\":\"https:\/\/aprendeconcarmen.es\/es\/#website\"},\"datePublished\":\"2018-03-07T16:29:18+00:00\",\"dateModified\":\"2021-10-22T09:16:41+00:00\",\"description\":\"Testimonios de alumnos de espa\u00f1ol de Carmen Est\u00e9vez. Declaraciones de alumnos que han estudiado en Espa\u00f1a con Carmen Est\u00e9vez\",\"breadcrumb\":{\"@id\":\"https:\/\/aprendeconcarmen.es\/es\/testimonios-de-alumnos-de-espanol-carmen-estevez\/#breadcrumb\"},\"inLanguage\":\"es\",\"potentialAction\":[{\"@type\":\"ReadAction\",\"target\":[\"https:\/\/aprendeconcarmen.es\/es\/testimonios-de-alumnos-de-espanol-carmen-estevez\/\"]}]},{\"@type\":\"BreadcrumbList\",\"@id\":\"https:\/\/aprendeconcarmen.es\/es\/testimonios-de-alumnos-de-espanol-carmen-estevez\/#breadcrumb\",\"itemListElement\":[{\"@type\":\"ListItem\",\"position\":1,\"name\":\"Portada\",\"item\":\"https:\/\/aprendeconcarmen.es\/es\/\"},{\"@type\":\"ListItem\",\"position\":2,\"name\":\"Testimonios\"}]},{\"@type\":\"WebSite\",\"@id\":\"https:\/\/aprendeconcarmen.es\/es\/#website\",\"url\":\"https:\/\/aprendeconcarmen.es\/es\/\",\"name\":\"Aprende con Carmen\",\"description\":\"Clases de espa\u00f1ol online\",\"potentialAction\":[{\"@type\":\"SearchAction\",\"target\":{\"@type\":\"EntryPoint\",\"urlTemplate\":\"https:\/\/aprendeconcarmen.es\/es\/?s={search_term_string}\"},\"query-input\":\"required name=search_term_string\"}],\"inLanguage\":\"es\"}]}<\/script>\n<!-- \/ Yoast SEO plugin. -->","yoast_head_json":{"title":"Testimonios alumnos de espa\u00f1ol Carmen Est\u00e9vez - Aprende con Carmen","description":"Testimonios de alumnos de espa\u00f1ol de Carmen Est\u00e9vez. Declaraciones de alumnos que han estudiado en Espa\u00f1a con Carmen Est\u00e9vez","robots":{"index":"index","follow":"follow","max-snippet":"max-snippet:-1","max-image-preview":"max-image-preview:large","max-video-preview":"max-video-preview:-1"},"canonical":"https:\/\/aprendeconcarmen.es\/es\/testimonios-de-alumnos-de-espanol-carmen-estevez\/","og_locale":"es_ES","og_type":"article","og_title":"Testimonios alumnos de espa\u00f1ol Carmen Est\u00e9vez - Aprende con Carmen","og_description":"Testimonios de alumnos de espa\u00f1ol de Carmen Est\u00e9vez. Declaraciones de alumnos que han estudiado en Espa\u00f1a con Carmen Est\u00e9vez","og_url":"https:\/\/aprendeconcarmen.es\/es\/testimonios-de-alumnos-de-espanol-carmen-estevez\/","og_site_name":"Aprende con Carmen","article_modified_time":"2021-10-22T09:16:41+00:00","twitter_card":"summary_large_image","twitter_misc":{"Tiempo de lectura":"5 minutos"},"schema":{"@context":"https:\/\/schema.org","@graph":[{"@type":"WebPage","@id":"https:\/\/aprendeconcarmen.es\/es\/testimonios-de-alumnos-de-espanol-carmen-estevez\/","url":"https:\/\/aprendeconcarmen.es\/es\/testimonios-de-alumnos-de-espanol-carmen-estevez\/","name":"Testimonios alumnos de espa\u00f1ol Carmen Est\u00e9vez - Aprende con Carmen","isPartOf":{"@id":"https:\/\/aprendeconcarmen.es\/es\/#website"},"datePublished":"2018-03-07T16:29:18+00:00","dateModified":"2021-10-22T09:16:41+00:00","description":"Testimonios de alumnos de espa\u00f1ol de Carmen Est\u00e9vez. Declaraciones de alumnos que han estudiado en Espa\u00f1a con Carmen Est\u00e9vez","breadcrumb":{"@id":"https:\/\/aprendeconcarmen.es\/es\/testimonios-de-alumnos-de-espanol-carmen-estevez\/#breadcrumb"},"inLanguage":"es","potentialAction":[{"@type":"ReadAction","target":["https:\/\/aprendeconcarmen.es\/es\/testimonios-de-alumnos-de-espanol-carmen-estevez\/"]}]},{"@type":"BreadcrumbList","@id":"https:\/\/aprendeconcarmen.es\/es\/testimonios-de-alumnos-de-espanol-carmen-estevez\/#breadcrumb","itemListElement":[{"@type":"ListItem","position":1,"name":"Portada","item":"https:\/\/aprendeconcarmen.es\/es\/"},{"@type":"ListItem","position":2,"name":"Testimonios"}]},{"@type":"WebSite","@id":"https:\/\/aprendeconcarmen.es\/es\/#website","url":"https:\/\/aprendeconcarmen.es\/es\/","name":"Aprende con Carmen","description":"Clases de espa\u00f1ol online","potentialAction":[{"@type":"SearchAction","target":{"@type":"EntryPoint","urlTemplate":"https:\/\/aprendeconcarmen.es\/es\/?s={search_term_string}"},"query-input":"required name=search_term_string"}],"inLanguage":"es"}]}},"post_mailing_queue_ids":[],"_links":{"self":[{"href":"https:\/\/aprendeconcarmen.es\/es\/wp-json\/wp\/v2\/pages\/25343"}],"collection":[{"href":"https:\/\/aprendeconcarmen.es\/es\/wp-json\/wp\/v2\/pages"}],"about":[{"href":"https:\/\/aprendeconcarmen.es\/es\/wp-json\/wp\/v2\/types\/page"}],"author":[{"embeddable":true,"href":"https:\/\/aprendeconcarmen.es\/es\/wp-json\/wp\/v2\/users\/1"}],"replies":[{"embeddable":true,"href":"https:\/\/aprendeconcarmen.es\/es\/wp-json\/wp\/v2\/comments?post=25343"}],"version-history":[{"count":0,"href":"https:\/\/aprendeconcarmen.es\/es\/wp-json\/wp\/v2\/pages\/25343\/revisions"}],"wp:attachment":[{"href":"https:\/\/aprendeconcarmen.es\/es\/wp-json\/wp\/v2\/media?parent=25343"}],"curies":[{"name":"wp","href":"https:\/\/api.w.org\/{rel}","templated":true}]}}