{"id":25475,"date":"2018-03-13T10:18:12","date_gmt":"2018-03-13T10:18:12","guid":{"rendered":"https:\/\/developlaclave.es\/develop\/carmen\/?post_type=product&#038;p=25475"},"modified":"2019-03-14T18:27:17","modified_gmt":"2019-03-14T16:27:17","slug":"bono-10-clases-dele","status":"publish","type":"product","link":"https:\/\/aprendeconcarmen.es\/es\/producto\/bono-10-clases-dele\/","title":{"rendered":"DELE 10 clases"},"content":{"rendered":"","protected":false},"excerpt":{"rendered":"<p class=\"styled-subtitle\"><strong>INCLUYE:<br \/>\n10 clases preparatorias para los DELE (35 \u20ac\/clase).<\/strong><\/p>\n<p class=\"styled-subtitle\"><strong>Como examinadora de DELE, te ayudo a potenciar tus puntos fuertes y a equilibrar el resto.<\/strong><\/p>\n<p>Con estas clases te puedo ayudar a preparar y superar todas las partes del examen de todos los niveles.<\/p>\n<p>Trabajaremos especialmente la gram\u00e1tica, la comprensi\u00f3n auditiva y los recursos utilizados para realizar el examen oral con \u00e9xito.<\/p>\n<p>Las pruebas de compresi\u00f3n lectora y escrita las puedes trabajar en casa y las corregimos en clase despu\u00e9s, para solucionar dudas sobre contenidos l\u00e9xicos, etc\u2026<\/p>\n<p style=\"color: #cd4b26;\"><em>Los Diplomas de Espa\u00f1ol como Lengua Extranjera (DELE), son el t\u00edtulo oficial m\u00e1s reconocido internacionalmente para acreditar el nivel de competencia y dominio del espa\u00f1ol.<\/em><\/p>\n","protected":false},"featured_media":29350,"template":"","meta":[],"product_cat":[139],"product_tag":[],"yoast_head":"<!-- This site is optimized with the Yoast SEO plugin v22.7 - https:\/\/yoast.com\/wordpress\/plugins\/seo\/ -->\n<title>DELE 10 clases - Aprende con Carmen<\/title>\n<meta name=\"robots\" content=\"index, follow, max-snippet:-1, max-image-preview:large, max-video-preview:-1\" \/>\n<link rel=\"canonical\" href=\"https:\/\/aprendeconcarmen.es\/es\/producto\/bono-10-clases-dele\/\" \/>\n<meta property=\"og:locale\" content=\"es_ES\" \/>\n<meta property=\"og:type\" content=\"article\" \/>\n<meta property=\"og:title\" content=\"DELE 10 clases - Aprende con Carmen\" \/>\n<meta property=\"og:description\" content=\"INCLUYE: 10 clases preparatorias para los DELE (35 \u20ac\/clase). Como examinadora de DELE, te ayudo a potenciar tus puntos fuertes y a equilibrar el resto. Con estas clases te puedo ayudar a preparar y superar todas las partes del examen de todos los niveles.  Trabajaremos especialmente la gram\u00e1tica, la comprensi\u00f3n auditiva y los recursos utilizados para realizar el examen oral con \u00e9xito.  Las pruebas de compresi\u00f3n lectora y escrita las puedes trabajar en casa y las corregimos en clase despu\u00e9s, para solucionar dudas sobre contenidos l\u00e9xicos, etc\u2026 Los Diplomas de Espa\u00f1ol como Lengua Extranjera (DELE), son el t\u00edtulo oficial m\u00e1s reconocido internacionalmente para acreditar el nivel de competencia y dominio del espa\u00f1ol.\" \/>\n<meta property=\"og:url\" content=\"https:\/\/aprendeconcarmen.es\/es\/producto\/bono-10-clases-dele\/\" \/>\n<meta property=\"og:site_name\" content=\"Aprende con Carmen\" \/>\n<meta property=\"article:modified_time\" content=\"2019-03-14T16:27:17+00:00\" \/>\n<meta property=\"og:image\" content=\"https:\/\/aprendeconcarmen.es\/wp-content\/uploads\/2019\/03\/dele-10-horas.jpg\" \/>\n\t<meta property=\"og:image:width\" content=\"470\" \/>\n\t<meta property=\"og:image:height\" content=\"438\" \/>\n\t<meta property=\"og:image:type\" content=\"image\/jpeg\" \/>\n<meta name=\"twitter:card\" content=\"summary_large_image\" \/>\n<script type=\"application\/ld+json\" class=\"yoast-schema-graph\">{\"@context\":\"https:\/\/schema.org\",\"@graph\":[{\"@type\":\"WebPage\",\"@id\":\"https:\/\/aprendeconcarmen.es\/es\/producto\/bono-10-clases-dele\/\",\"url\":\"https:\/\/aprendeconcarmen.es\/es\/producto\/bono-10-clases-dele\/\",\"name\":\"DELE 10 clases - Aprende con Carmen\",\"isPartOf\":{\"@id\":\"https:\/\/aprendeconcarmen.es\/es\/#website\"},\"primaryImageOfPage\":{\"@id\":\"https:\/\/aprendeconcarmen.es\/es\/producto\/bono-10-clases-dele\/#primaryimage\"},\"image\":{\"@id\":\"https:\/\/aprendeconcarmen.es\/es\/producto\/bono-10-clases-dele\/#primaryimage\"},\"thumbnailUrl\":\"https:\/\/aprendeconcarmen.es\/wp-content\/uploads\/2019\/03\/dele-10-horas.jpg\",\"datePublished\":\"2018-03-13T10:18:12+00:00\",\"dateModified\":\"2019-03-14T16:27:17+00:00\",\"breadcrumb\":{\"@id\":\"https:\/\/aprendeconcarmen.es\/es\/producto\/bono-10-clases-dele\/#breadcrumb\"},\"inLanguage\":\"es\",\"potentialAction\":[{\"@type\":\"ReadAction\",\"target\":[\"https:\/\/aprendeconcarmen.es\/es\/producto\/bono-10-clases-dele\/\"]}]},{\"@type\":\"ImageObject\",\"inLanguage\":\"es\",\"@id\":\"https:\/\/aprendeconcarmen.es\/es\/producto\/bono-10-clases-dele\/#primaryimage\",\"url\":\"https:\/\/aprendeconcarmen.es\/wp-content\/uploads\/2019\/03\/dele-10-horas.jpg\",\"contentUrl\":\"https:\/\/aprendeconcarmen.es\/wp-content\/uploads\/2019\/03\/dele-10-horas.jpg\",\"width\":470,\"height\":438,\"caption\":\"Dele 10 clases\"},{\"@type\":\"BreadcrumbList\",\"@id\":\"https:\/\/aprendeconcarmen.es\/es\/producto\/bono-10-clases-dele\/#breadcrumb\",\"itemListElement\":[{\"@type\":\"ListItem\",\"position\":1,\"name\":\"Portada\",\"item\":\"https:\/\/aprendeconcarmen.es\/es\/\"},{\"@type\":\"ListItem\",\"position\":2,\"name\":\"OFERTA DE CLASES ONLINE DE ESPA\u00d1OL\",\"item\":\"https:\/\/aprendeconcarmen.es\/es\/tienda\/\"},{\"@type\":\"ListItem\",\"position\":3,\"name\":\"DELE 10 clases\"}]},{\"@type\":\"WebSite\",\"@id\":\"https:\/\/aprendeconcarmen.es\/es\/#website\",\"url\":\"https:\/\/aprendeconcarmen.es\/es\/\",\"name\":\"Aprende con Carmen\",\"description\":\"Clases de espa\u00f1ol online\",\"potentialAction\":[{\"@type\":\"SearchAction\",\"target\":{\"@type\":\"EntryPoint\",\"urlTemplate\":\"https:\/\/aprendeconcarmen.es\/es\/?s={search_term_string}\"},\"query-input\":\"required name=search_term_string\"}],\"inLanguage\":\"es\"}]}<\/script>\n<!-- \/ Yoast SEO plugin. -->","yoast_head_json":{"title":"DELE 10 clases - Aprende con Carmen","robots":{"index":"index","follow":"follow","max-snippet":"max-snippet:-1","max-image-preview":"max-image-preview:large","max-video-preview":"max-video-preview:-1"},"canonical":"https:\/\/aprendeconcarmen.es\/es\/producto\/bono-10-clases-dele\/","og_locale":"es_ES","og_type":"article","og_title":"DELE 10 clases - Aprende con Carmen","og_description":"INCLUYE: 10 clases preparatorias para los DELE (35 \u20ac\/clase). Como examinadora de DELE, te ayudo a potenciar tus puntos fuertes y a equilibrar el resto. Con estas clases te puedo ayudar a preparar y superar todas las partes del examen de todos los niveles.  Trabajaremos especialmente la gram\u00e1tica, la comprensi\u00f3n auditiva y los recursos utilizados para realizar el examen oral con \u00e9xito.  Las pruebas de compresi\u00f3n lectora y escrita las puedes trabajar en casa y las corregimos en clase despu\u00e9s, para solucionar dudas sobre contenidos l\u00e9xicos, etc\u2026 Los Diplomas de Espa\u00f1ol como Lengua Extranjera (DELE), son el t\u00edtulo oficial m\u00e1s reconocido internacionalmente para acreditar el nivel de competencia y dominio del espa\u00f1ol.","og_url":"https:\/\/aprendeconcarmen.es\/es\/producto\/bono-10-clases-dele\/","og_site_name":"Aprende con Carmen","article_modified_time":"2019-03-14T16:27:17+00:00","og_image":[{"width":470,"height":438,"url":"https:\/\/aprendeconcarmen.es\/wp-content\/uploads\/2019\/03\/dele-10-horas.jpg","type":"image\/jpeg"}],"twitter_card":"summary_large_image","schema":{"@context":"https:\/\/schema.org","@graph":[{"@type":"WebPage","@id":"https:\/\/aprendeconcarmen.es\/es\/producto\/bono-10-clases-dele\/","url":"https:\/\/aprendeconcarmen.es\/es\/producto\/bono-10-clases-dele\/","name":"DELE 10 clases - Aprende con Carmen","isPartOf":{"@id":"https:\/\/aprendeconcarmen.es\/es\/#website"},"primaryImageOfPage":{"@id":"https:\/\/aprendeconcarmen.es\/es\/producto\/bono-10-clases-dele\/#primaryimage"},"image":{"@id":"https:\/\/aprendeconcarmen.es\/es\/producto\/bono-10-clases-dele\/#primaryimage"},"thumbnailUrl":"https:\/\/aprendeconcarmen.es\/wp-content\/uploads\/2019\/03\/dele-10-horas.jpg","datePublished":"2018-03-13T10:18:12+00:00","dateModified":"2019-03-14T16:27:17+00:00","breadcrumb":{"@id":"https:\/\/aprendeconcarmen.es\/es\/producto\/bono-10-clases-dele\/#breadcrumb"},"inLanguage":"es","potentialAction":[{"@type":"ReadAction","target":["https:\/\/aprendeconcarmen.es\/es\/producto\/bono-10-clases-dele\/"]}]},{"@type":"ImageObject","inLanguage":"es","@id":"https:\/\/aprendeconcarmen.es\/es\/producto\/bono-10-clases-dele\/#primaryimage","url":"https:\/\/aprendeconcarmen.es\/wp-content\/uploads\/2019\/03\/dele-10-horas.jpg","contentUrl":"https:\/\/aprendeconcarmen.es\/wp-content\/uploads\/2019\/03\/dele-10-horas.jpg","width":470,"height":438,"caption":"Dele 10 clases"},{"@type":"BreadcrumbList","@id":"https:\/\/aprendeconcarmen.es\/es\/producto\/bono-10-clases-dele\/#breadcrumb","itemListElement":[{"@type":"ListItem","position":1,"name":"Portada","item":"https:\/\/aprendeconcarmen.es\/es\/"},{"@type":"ListItem","position":2,"name":"OFERTA DE CLASES ONLINE DE ESPA\u00d1OL","item":"https:\/\/aprendeconcarmen.es\/es\/tienda\/"},{"@type":"ListItem","position":3,"name":"DELE 10 clases"}]},{"@type":"WebSite","@id":"https:\/\/aprendeconcarmen.es\/es\/#website","url":"https:\/\/aprendeconcarmen.es\/es\/","name":"Aprende con Carmen","description":"Clases de espa\u00f1ol online","potentialAction":[{"@type":"SearchAction","target":{"@type":"EntryPoint","urlTemplate":"https:\/\/aprendeconcarmen.es\/es\/?s={search_term_string}"},"query-input":"required name=search_term_string"}],"inLanguage":"es"}]}},"post_mailing_queue_ids":[],"_links":{"self":[{"href":"https:\/\/aprendeconcarmen.es\/es\/wp-json\/wp\/v2\/product\/25475"}],"collection":[{"href":"https:\/\/aprendeconcarmen.es\/es\/wp-json\/wp\/v2\/product"}],"about":[{"href":"https:\/\/aprendeconcarmen.es\/es\/wp-json\/wp\/v2\/types\/product"}],"wp:featuredmedia":[{"embeddable":true,"href":"https:\/\/aprendeconcarmen.es\/es\/wp-json\/wp\/v2\/media\/29350"}],"wp:attachment":[{"href":"https:\/\/aprendeconcarmen.es\/es\/wp-json\/wp\/v2\/media?parent=25475"}],"wp:term":[{"taxonomy":"product_cat","embeddable":true,"href":"https:\/\/aprendeconcarmen.es\/es\/wp-json\/wp\/v2\/product_cat?post=25475"},{"taxonomy":"product_tag","embeddable":true,"href":"https:\/\/aprendeconcarmen.es\/es\/wp-json\/wp\/v2\/product_tag?post=25475"}],"curies":[{"name":"wp","href":"https:\/\/api.w.org\/{rel}","templated":true}]}}