{"id":28097,"date":"2018-05-28T13:56:35","date_gmt":"2018-05-28T11:56:35","guid":{"rendered":"https:\/\/aprendeconcarmen.es\/?post_type=product&#038;p=28097"},"modified":"2019-03-14T18:25:02","modified_gmt":"2019-03-14T16:25:02","slug":"clases-aprende-con-carmen-a-la-carta-5-clases","status":"publish","type":"product","link":"https:\/\/aprendeconcarmen.es\/es\/producto\/clases-aprende-con-carmen-a-la-carta-5-clases\/","title":{"rendered":"A la carta 5 clases"},"content":{"rendered":"","protected":false},"excerpt":{"rendered":"<p class=\"styled-subtitle\"><strong>INCLUYE:<br \/>\n5 clases personalizadas (29 \u20ac\/clase).<\/strong><\/p>\n<p class=\"styled-subtitle\">Las clases est\u00e1n personalizadas 100 % para ti con el objetivo de que obtengas el m\u00e1ximo rendimiento.<\/p>\n<p>El contenido de estas clases lo puedes elegir dependiendo de tus necesidades, y as\u00ed, a medida que obtienes conocimientos nuevos de gram\u00e1tica, puedes adquirir vocabulario o puedes practicar la fon\u00e9tica, la expresi\u00f3n escrita, la comprensi\u00f3n auditiva y la comprensi\u00f3n lectora, lo que t\u00fa prefieras.<\/p>\n","protected":false},"featured_media":29334,"template":"","meta":[],"product_cat":[137],"product_tag":[138],"yoast_head":"<!-- This site is optimized with the Yoast SEO plugin v22.7 - https:\/\/yoast.com\/wordpress\/plugins\/seo\/ -->\n<title>A la carta 5 clases - Aprende con Carmen<\/title>\n<meta name=\"robots\" content=\"index, follow, max-snippet:-1, max-image-preview:large, max-video-preview:-1\" \/>\n<link rel=\"canonical\" href=\"https:\/\/aprendeconcarmen.es\/es\/producto\/clases-aprende-con-carmen-a-la-carta-5-clases\/\" \/>\n<meta property=\"og:locale\" content=\"es_ES\" \/>\n<meta property=\"og:type\" content=\"article\" \/>\n<meta property=\"og:title\" content=\"A la carta 5 clases - Aprende con Carmen\" \/>\n<meta property=\"og:description\" content=\"INCLUYE: 5 clases personalizadas (29 \u20ac\/clase). Las clases est\u00e1n personalizadas 100 % para ti con el objetivo de que obtengas el m\u00e1ximo rendimiento. El contenido de estas clases lo puedes elegir dependiendo de tus necesidades, y as\u00ed, a medida que obtienes conocimientos nuevos de gram\u00e1tica, puedes adquirir vocabulario o puedes practicar la fon\u00e9tica, la expresi\u00f3n escrita, la comprensi\u00f3n auditiva y la comprensi\u00f3n lectora, lo que t\u00fa prefieras.\" \/>\n<meta property=\"og:url\" content=\"https:\/\/aprendeconcarmen.es\/es\/producto\/clases-aprende-con-carmen-a-la-carta-5-clases\/\" \/>\n<meta property=\"og:site_name\" content=\"Aprende con Carmen\" \/>\n<meta property=\"article:modified_time\" content=\"2019-03-14T16:25:02+00:00\" \/>\n<meta property=\"og:image\" content=\"https:\/\/aprendeconcarmen.es\/wp-content\/uploads\/2019\/03\/alacarta-5-horas.jpg\" \/>\n\t<meta property=\"og:image:width\" content=\"470\" \/>\n\t<meta property=\"og:image:height\" content=\"438\" \/>\n\t<meta property=\"og:image:type\" content=\"image\/jpeg\" \/>\n<meta name=\"twitter:card\" content=\"summary_large_image\" \/>\n<script type=\"application\/ld+json\" class=\"yoast-schema-graph\">{\"@context\":\"https:\/\/schema.org\",\"@graph\":[{\"@type\":\"WebPage\",\"@id\":\"https:\/\/aprendeconcarmen.es\/es\/producto\/clases-aprende-con-carmen-a-la-carta-5-clases\/\",\"url\":\"https:\/\/aprendeconcarmen.es\/es\/producto\/clases-aprende-con-carmen-a-la-carta-5-clases\/\",\"name\":\"A la carta 5 clases - Aprende con Carmen\",\"isPartOf\":{\"@id\":\"https:\/\/aprendeconcarmen.es\/es\/#website\"},\"primaryImageOfPage\":{\"@id\":\"https:\/\/aprendeconcarmen.es\/es\/producto\/clases-aprende-con-carmen-a-la-carta-5-clases\/#primaryimage\"},\"image\":{\"@id\":\"https:\/\/aprendeconcarmen.es\/es\/producto\/clases-aprende-con-carmen-a-la-carta-5-clases\/#primaryimage\"},\"thumbnailUrl\":\"https:\/\/aprendeconcarmen.es\/wp-content\/uploads\/2019\/03\/alacarta-5-horas.jpg\",\"datePublished\":\"2018-05-28T11:56:35+00:00\",\"dateModified\":\"2019-03-14T16:25:02+00:00\",\"breadcrumb\":{\"@id\":\"https:\/\/aprendeconcarmen.es\/es\/producto\/clases-aprende-con-carmen-a-la-carta-5-clases\/#breadcrumb\"},\"inLanguage\":\"es\",\"potentialAction\":[{\"@type\":\"ReadAction\",\"target\":[\"https:\/\/aprendeconcarmen.es\/es\/producto\/clases-aprende-con-carmen-a-la-carta-5-clases\/\"]}]},{\"@type\":\"ImageObject\",\"inLanguage\":\"es\",\"@id\":\"https:\/\/aprendeconcarmen.es\/es\/producto\/clases-aprende-con-carmen-a-la-carta-5-clases\/#primaryimage\",\"url\":\"https:\/\/aprendeconcarmen.es\/wp-content\/uploads\/2019\/03\/alacarta-5-horas.jpg\",\"contentUrl\":\"https:\/\/aprendeconcarmen.es\/wp-content\/uploads\/2019\/03\/alacarta-5-horas.jpg\",\"width\":470,\"height\":438,\"caption\":\"A la carta 5 clases\"},{\"@type\":\"BreadcrumbList\",\"@id\":\"https:\/\/aprendeconcarmen.es\/es\/producto\/clases-aprende-con-carmen-a-la-carta-5-clases\/#breadcrumb\",\"itemListElement\":[{\"@type\":\"ListItem\",\"position\":1,\"name\":\"Portada\",\"item\":\"https:\/\/aprendeconcarmen.es\/es\/\"},{\"@type\":\"ListItem\",\"position\":2,\"name\":\"OFERTA DE CLASES ONLINE DE ESPA\u00d1OL\",\"item\":\"https:\/\/aprendeconcarmen.es\/es\/tienda\/\"},{\"@type\":\"ListItem\",\"position\":3,\"name\":\"A la carta 5 clases\"}]},{\"@type\":\"WebSite\",\"@id\":\"https:\/\/aprendeconcarmen.es\/es\/#website\",\"url\":\"https:\/\/aprendeconcarmen.es\/es\/\",\"name\":\"Aprende con Carmen\",\"description\":\"Clases de espa\u00f1ol online\",\"potentialAction\":[{\"@type\":\"SearchAction\",\"target\":{\"@type\":\"EntryPoint\",\"urlTemplate\":\"https:\/\/aprendeconcarmen.es\/es\/?s={search_term_string}\"},\"query-input\":\"required name=search_term_string\"}],\"inLanguage\":\"es\"}]}<\/script>\n<!-- \/ Yoast SEO plugin. -->","yoast_head_json":{"title":"A la carta 5 clases - Aprende con Carmen","robots":{"index":"index","follow":"follow","max-snippet":"max-snippet:-1","max-image-preview":"max-image-preview:large","max-video-preview":"max-video-preview:-1"},"canonical":"https:\/\/aprendeconcarmen.es\/es\/producto\/clases-aprende-con-carmen-a-la-carta-5-clases\/","og_locale":"es_ES","og_type":"article","og_title":"A la carta 5 clases - Aprende con Carmen","og_description":"INCLUYE: 5 clases personalizadas (29 \u20ac\/clase). Las clases est\u00e1n personalizadas 100 % para ti con el objetivo de que obtengas el m\u00e1ximo rendimiento. El contenido de estas clases lo puedes elegir dependiendo de tus necesidades, y as\u00ed, a medida que obtienes conocimientos nuevos de gram\u00e1tica, puedes adquirir vocabulario o puedes practicar la fon\u00e9tica, la expresi\u00f3n escrita, la comprensi\u00f3n auditiva y la comprensi\u00f3n lectora, lo que t\u00fa prefieras.","og_url":"https:\/\/aprendeconcarmen.es\/es\/producto\/clases-aprende-con-carmen-a-la-carta-5-clases\/","og_site_name":"Aprende con Carmen","article_modified_time":"2019-03-14T16:25:02+00:00","og_image":[{"width":470,"height":438,"url":"https:\/\/aprendeconcarmen.es\/wp-content\/uploads\/2019\/03\/alacarta-5-horas.jpg","type":"image\/jpeg"}],"twitter_card":"summary_large_image","schema":{"@context":"https:\/\/schema.org","@graph":[{"@type":"WebPage","@id":"https:\/\/aprendeconcarmen.es\/es\/producto\/clases-aprende-con-carmen-a-la-carta-5-clases\/","url":"https:\/\/aprendeconcarmen.es\/es\/producto\/clases-aprende-con-carmen-a-la-carta-5-clases\/","name":"A la carta 5 clases - Aprende con Carmen","isPartOf":{"@id":"https:\/\/aprendeconcarmen.es\/es\/#website"},"primaryImageOfPage":{"@id":"https:\/\/aprendeconcarmen.es\/es\/producto\/clases-aprende-con-carmen-a-la-carta-5-clases\/#primaryimage"},"image":{"@id":"https:\/\/aprendeconcarmen.es\/es\/producto\/clases-aprende-con-carmen-a-la-carta-5-clases\/#primaryimage"},"thumbnailUrl":"https:\/\/aprendeconcarmen.es\/wp-content\/uploads\/2019\/03\/alacarta-5-horas.jpg","datePublished":"2018-05-28T11:56:35+00:00","dateModified":"2019-03-14T16:25:02+00:00","breadcrumb":{"@id":"https:\/\/aprendeconcarmen.es\/es\/producto\/clases-aprende-con-carmen-a-la-carta-5-clases\/#breadcrumb"},"inLanguage":"es","potentialAction":[{"@type":"ReadAction","target":["https:\/\/aprendeconcarmen.es\/es\/producto\/clases-aprende-con-carmen-a-la-carta-5-clases\/"]}]},{"@type":"ImageObject","inLanguage":"es","@id":"https:\/\/aprendeconcarmen.es\/es\/producto\/clases-aprende-con-carmen-a-la-carta-5-clases\/#primaryimage","url":"https:\/\/aprendeconcarmen.es\/wp-content\/uploads\/2019\/03\/alacarta-5-horas.jpg","contentUrl":"https:\/\/aprendeconcarmen.es\/wp-content\/uploads\/2019\/03\/alacarta-5-horas.jpg","width":470,"height":438,"caption":"A la carta 5 clases"},{"@type":"BreadcrumbList","@id":"https:\/\/aprendeconcarmen.es\/es\/producto\/clases-aprende-con-carmen-a-la-carta-5-clases\/#breadcrumb","itemListElement":[{"@type":"ListItem","position":1,"name":"Portada","item":"https:\/\/aprendeconcarmen.es\/es\/"},{"@type":"ListItem","position":2,"name":"OFERTA DE CLASES ONLINE DE ESPA\u00d1OL","item":"https:\/\/aprendeconcarmen.es\/es\/tienda\/"},{"@type":"ListItem","position":3,"name":"A la carta 5 clases"}]},{"@type":"WebSite","@id":"https:\/\/aprendeconcarmen.es\/es\/#website","url":"https:\/\/aprendeconcarmen.es\/es\/","name":"Aprende con Carmen","description":"Clases de espa\u00f1ol online","potentialAction":[{"@type":"SearchAction","target":{"@type":"EntryPoint","urlTemplate":"https:\/\/aprendeconcarmen.es\/es\/?s={search_term_string}"},"query-input":"required name=search_term_string"}],"inLanguage":"es"}]}},"post_mailing_queue_ids":[],"_links":{"self":[{"href":"https:\/\/aprendeconcarmen.es\/es\/wp-json\/wp\/v2\/product\/28097"}],"collection":[{"href":"https:\/\/aprendeconcarmen.es\/es\/wp-json\/wp\/v2\/product"}],"about":[{"href":"https:\/\/aprendeconcarmen.es\/es\/wp-json\/wp\/v2\/types\/product"}],"wp:featuredmedia":[{"embeddable":true,"href":"https:\/\/aprendeconcarmen.es\/es\/wp-json\/wp\/v2\/media\/29334"}],"wp:attachment":[{"href":"https:\/\/aprendeconcarmen.es\/es\/wp-json\/wp\/v2\/media?parent=28097"}],"wp:term":[{"taxonomy":"product_cat","embeddable":true,"href":"https:\/\/aprendeconcarmen.es\/es\/wp-json\/wp\/v2\/product_cat?post=28097"},{"taxonomy":"product_tag","embeddable":true,"href":"https:\/\/aprendeconcarmen.es\/es\/wp-json\/wp\/v2\/product_tag?post=28097"}],"curies":[{"name":"wp","href":"https:\/\/api.w.org\/{rel}","templated":true}]}}