{"id":31544,"date":"2020-08-07T12:36:11","date_gmt":"2020-08-07T10:36:11","guid":{"rendered":"https:\/\/aprendeconcarmen.es\/?post_type=product&#038;p=31544"},"modified":"2020-11-03T10:49:46","modified_gmt":"2020-11-03T08:49:46","slug":"verbos-tercipersonales","status":"publish","type":"product","link":"https:\/\/aprendeconcarmen.es\/es\/producto\/verbos-tercipersonales\/","title":{"rendered":"Verbos tercipersonales: gustar&#8230;"},"content":{"rendered":"","protected":false},"excerpt":{"rendered":"<p>Si quieres entender mejor el v\u00eddeo de Youtube &#8220;Los verbos tercipersonales&#8221; usa esta transcripci\u00f3n en la que incluyo una comprensi\u00f3n lectora para que compruebes si lo has entendido bien.<\/p>\n","protected":false},"featured_media":31546,"template":"","meta":[],"product_cat":[181],"product_tag":[188,198],"yoast_head":"<!-- This site is optimized with the Yoast SEO plugin v22.7 - https:\/\/yoast.com\/wordpress\/plugins\/seo\/ -->\n<title>Verbos tercipersonales: gustar... - Aprende con Carmen<\/title>\n<meta name=\"description\" content=\"Entiende el uso de los verbos tercipersonales como &quot;gustar&quot;... Podr\u00e1s leer la transcripci\u00f3n de mi v\u00eddeo de Youtube muchas veces y aclarar tus dudas.\" \/>\n<meta name=\"robots\" content=\"index, follow, max-snippet:-1, max-image-preview:large, max-video-preview:-1\" \/>\n<link rel=\"canonical\" href=\"https:\/\/aprendeconcarmen.es\/es\/producto\/verbos-tercipersonales\/\" \/>\n<meta property=\"og:locale\" content=\"es_ES\" \/>\n<meta property=\"og:type\" content=\"article\" \/>\n<meta property=\"og:title\" content=\"Verbos tercipersonales: gustar... - Aprende con Carmen\" \/>\n<meta property=\"og:description\" content=\"Entiende el uso de los verbos tercipersonales como &quot;gustar&quot;... Podr\u00e1s leer la transcripci\u00f3n de mi v\u00eddeo de Youtube muchas veces y aclarar tus dudas.\" \/>\n<meta property=\"og:url\" content=\"https:\/\/aprendeconcarmen.es\/es\/producto\/verbos-tercipersonales\/\" \/>\n<meta property=\"og:site_name\" content=\"Aprende con Carmen\" \/>\n<meta property=\"article:modified_time\" content=\"2020-11-03T08:49:46+00:00\" \/>\n<meta property=\"og:image\" content=\"https:\/\/aprendeconcarmen.es\/wp-content\/uploads\/2020\/08\/nivel-A2-los-verbos-tercipersonales.jpg\" \/>\n\t<meta property=\"og:image:width\" content=\"500\" \/>\n\t<meta property=\"og:image:height\" content=\"500\" \/>\n\t<meta property=\"og:image:type\" content=\"image\/jpeg\" \/>\n<meta name=\"twitter:card\" content=\"summary_large_image\" \/>\n<script type=\"application\/ld+json\" class=\"yoast-schema-graph\">{\"@context\":\"https:\/\/schema.org\",\"@graph\":[{\"@type\":\"WebPage\",\"@id\":\"https:\/\/aprendeconcarmen.es\/es\/producto\/verbos-tercipersonales\/\",\"url\":\"https:\/\/aprendeconcarmen.es\/es\/producto\/verbos-tercipersonales\/\",\"name\":\"Verbos tercipersonales: gustar... - Aprende con Carmen\",\"isPartOf\":{\"@id\":\"https:\/\/aprendeconcarmen.es\/es\/#website\"},\"primaryImageOfPage\":{\"@id\":\"https:\/\/aprendeconcarmen.es\/es\/producto\/verbos-tercipersonales\/#primaryimage\"},\"image\":{\"@id\":\"https:\/\/aprendeconcarmen.es\/es\/producto\/verbos-tercipersonales\/#primaryimage\"},\"thumbnailUrl\":\"https:\/\/aprendeconcarmen.es\/wp-content\/uploads\/2020\/08\/nivel-A2-los-verbos-tercipersonales.jpg\",\"datePublished\":\"2020-08-07T10:36:11+00:00\",\"dateModified\":\"2020-11-03T08:49:46+00:00\",\"description\":\"Entiende el uso de los verbos tercipersonales como \\\"gustar\\\"... Podr\u00e1s leer la transcripci\u00f3n de mi v\u00eddeo de Youtube muchas veces y aclarar tus dudas.\",\"breadcrumb\":{\"@id\":\"https:\/\/aprendeconcarmen.es\/es\/producto\/verbos-tercipersonales\/#breadcrumb\"},\"inLanguage\":\"es\",\"potentialAction\":[{\"@type\":\"ReadAction\",\"target\":[\"https:\/\/aprendeconcarmen.es\/es\/producto\/verbos-tercipersonales\/\"]}]},{\"@type\":\"ImageObject\",\"inLanguage\":\"es\",\"@id\":\"https:\/\/aprendeconcarmen.es\/es\/producto\/verbos-tercipersonales\/#primaryimage\",\"url\":\"https:\/\/aprendeconcarmen.es\/wp-content\/uploads\/2020\/08\/nivel-A2-los-verbos-tercipersonales.jpg\",\"contentUrl\":\"https:\/\/aprendeconcarmen.es\/wp-content\/uploads\/2020\/08\/nivel-A2-los-verbos-tercipersonales.jpg\",\"width\":500,\"height\":500},{\"@type\":\"BreadcrumbList\",\"@id\":\"https:\/\/aprendeconcarmen.es\/es\/producto\/verbos-tercipersonales\/#breadcrumb\",\"itemListElement\":[{\"@type\":\"ListItem\",\"position\":1,\"name\":\"Portada\",\"item\":\"https:\/\/aprendeconcarmen.es\/es\/\"},{\"@type\":\"ListItem\",\"position\":2,\"name\":\"OFERTA DE CLASES ONLINE DE ESPA\u00d1OL\",\"item\":\"https:\/\/aprendeconcarmen.es\/es\/tienda\/\"},{\"@type\":\"ListItem\",\"position\":3,\"name\":\"Verbos tercipersonales: gustar&#8230;\"}]},{\"@type\":\"WebSite\",\"@id\":\"https:\/\/aprendeconcarmen.es\/es\/#website\",\"url\":\"https:\/\/aprendeconcarmen.es\/es\/\",\"name\":\"Aprende con Carmen\",\"description\":\"Clases de espa\u00f1ol online\",\"potentialAction\":[{\"@type\":\"SearchAction\",\"target\":{\"@type\":\"EntryPoint\",\"urlTemplate\":\"https:\/\/aprendeconcarmen.es\/es\/?s={search_term_string}\"},\"query-input\":\"required name=search_term_string\"}],\"inLanguage\":\"es\"}]}<\/script>\n<!-- \/ Yoast SEO plugin. -->","yoast_head_json":{"title":"Verbos tercipersonales: gustar... - Aprende con Carmen","description":"Entiende el uso de los verbos tercipersonales como \"gustar\"... Podr\u00e1s leer la transcripci\u00f3n de mi v\u00eddeo de Youtube muchas veces y aclarar tus dudas.","robots":{"index":"index","follow":"follow","max-snippet":"max-snippet:-1","max-image-preview":"max-image-preview:large","max-video-preview":"max-video-preview:-1"},"canonical":"https:\/\/aprendeconcarmen.es\/es\/producto\/verbos-tercipersonales\/","og_locale":"es_ES","og_type":"article","og_title":"Verbos tercipersonales: gustar... - Aprende con Carmen","og_description":"Entiende el uso de los verbos tercipersonales como \"gustar\"... Podr\u00e1s leer la transcripci\u00f3n de mi v\u00eddeo de Youtube muchas veces y aclarar tus dudas.","og_url":"https:\/\/aprendeconcarmen.es\/es\/producto\/verbos-tercipersonales\/","og_site_name":"Aprende con Carmen","article_modified_time":"2020-11-03T08:49:46+00:00","og_image":[{"width":500,"height":500,"url":"https:\/\/aprendeconcarmen.es\/wp-content\/uploads\/2020\/08\/nivel-A2-los-verbos-tercipersonales.jpg","type":"image\/jpeg"}],"twitter_card":"summary_large_image","schema":{"@context":"https:\/\/schema.org","@graph":[{"@type":"WebPage","@id":"https:\/\/aprendeconcarmen.es\/es\/producto\/verbos-tercipersonales\/","url":"https:\/\/aprendeconcarmen.es\/es\/producto\/verbos-tercipersonales\/","name":"Verbos tercipersonales: gustar... - Aprende con Carmen","isPartOf":{"@id":"https:\/\/aprendeconcarmen.es\/es\/#website"},"primaryImageOfPage":{"@id":"https:\/\/aprendeconcarmen.es\/es\/producto\/verbos-tercipersonales\/#primaryimage"},"image":{"@id":"https:\/\/aprendeconcarmen.es\/es\/producto\/verbos-tercipersonales\/#primaryimage"},"thumbnailUrl":"https:\/\/aprendeconcarmen.es\/wp-content\/uploads\/2020\/08\/nivel-A2-los-verbos-tercipersonales.jpg","datePublished":"2020-08-07T10:36:11+00:00","dateModified":"2020-11-03T08:49:46+00:00","description":"Entiende el uso de los verbos tercipersonales como \"gustar\"... Podr\u00e1s leer la transcripci\u00f3n de mi v\u00eddeo de Youtube muchas veces y aclarar tus dudas.","breadcrumb":{"@id":"https:\/\/aprendeconcarmen.es\/es\/producto\/verbos-tercipersonales\/#breadcrumb"},"inLanguage":"es","potentialAction":[{"@type":"ReadAction","target":["https:\/\/aprendeconcarmen.es\/es\/producto\/verbos-tercipersonales\/"]}]},{"@type":"ImageObject","inLanguage":"es","@id":"https:\/\/aprendeconcarmen.es\/es\/producto\/verbos-tercipersonales\/#primaryimage","url":"https:\/\/aprendeconcarmen.es\/wp-content\/uploads\/2020\/08\/nivel-A2-los-verbos-tercipersonales.jpg","contentUrl":"https:\/\/aprendeconcarmen.es\/wp-content\/uploads\/2020\/08\/nivel-A2-los-verbos-tercipersonales.jpg","width":500,"height":500},{"@type":"BreadcrumbList","@id":"https:\/\/aprendeconcarmen.es\/es\/producto\/verbos-tercipersonales\/#breadcrumb","itemListElement":[{"@type":"ListItem","position":1,"name":"Portada","item":"https:\/\/aprendeconcarmen.es\/es\/"},{"@type":"ListItem","position":2,"name":"OFERTA DE CLASES ONLINE DE ESPA\u00d1OL","item":"https:\/\/aprendeconcarmen.es\/es\/tienda\/"},{"@type":"ListItem","position":3,"name":"Verbos tercipersonales: gustar&#8230;"}]},{"@type":"WebSite","@id":"https:\/\/aprendeconcarmen.es\/es\/#website","url":"https:\/\/aprendeconcarmen.es\/es\/","name":"Aprende con Carmen","description":"Clases de espa\u00f1ol online","potentialAction":[{"@type":"SearchAction","target":{"@type":"EntryPoint","urlTemplate":"https:\/\/aprendeconcarmen.es\/es\/?s={search_term_string}"},"query-input":"required name=search_term_string"}],"inLanguage":"es"}]}},"post_mailing_queue_ids":[],"_links":{"self":[{"href":"https:\/\/aprendeconcarmen.es\/es\/wp-json\/wp\/v2\/product\/31544"}],"collection":[{"href":"https:\/\/aprendeconcarmen.es\/es\/wp-json\/wp\/v2\/product"}],"about":[{"href":"https:\/\/aprendeconcarmen.es\/es\/wp-json\/wp\/v2\/types\/product"}],"wp:featuredmedia":[{"embeddable":true,"href":"https:\/\/aprendeconcarmen.es\/es\/wp-json\/wp\/v2\/media\/31546"}],"wp:attachment":[{"href":"https:\/\/aprendeconcarmen.es\/es\/wp-json\/wp\/v2\/media?parent=31544"}],"wp:term":[{"taxonomy":"product_cat","embeddable":true,"href":"https:\/\/aprendeconcarmen.es\/es\/wp-json\/wp\/v2\/product_cat?post=31544"},{"taxonomy":"product_tag","embeddable":true,"href":"https:\/\/aprendeconcarmen.es\/es\/wp-json\/wp\/v2\/product_tag?post=31544"}],"curies":[{"name":"wp","href":"https:\/\/api.w.org\/{rel}","templated":true}]}}