{"id":31565,"date":"2020-08-19T19:06:12","date_gmt":"2020-08-19T17:06:12","guid":{"rendered":"https:\/\/aprendeconcarmen.es\/?post_type=product&#038;p=31565"},"modified":"2022-02-23T17:50:04","modified_gmt":"2022-02-23T15:50:04","slug":"vocabulario-del-salon","status":"publish","type":"product","link":"https:\/\/aprendeconcarmen.es\/es\/producto\/vocabulario-del-salon\/","title":{"rendered":"Vocabulario del sal\u00f3n"},"content":{"rendered":"","protected":false},"excerpt":{"rendered":"<p>Si quieres entender mejor el v\u00eddeo de Youtube \u201cEl sal\u00f3n de mi abuela Paca\u201d usa esta transcripci\u00f3n en la que incluyo una comprensi\u00f3n lectora para que compruebes si lo has entendido bien.<\/p>\n","protected":false},"featured_media":31570,"template":"","meta":[],"product_cat":[181],"product_tag":[198],"yoast_head":"<!-- This site is optimized with the Yoast SEO plugin v22.7 - https:\/\/yoast.com\/wordpress\/plugins\/seo\/ -->\n<title>Vocabulario del sal\u00f3n - Aprende con Carmen<\/title>\n<meta name=\"description\" content=\"Puedes aprender m\u00e1s espa\u00f1ol con el vocabulario b\u00e1sico del sal\u00f3n. Es f\u00e1cil y divertido. Entra en el sal\u00f3n de mi abuela Paca y lo ver\u00e1s.\" \/>\n<meta name=\"robots\" content=\"index, follow, max-snippet:-1, max-image-preview:large, max-video-preview:-1\" \/>\n<link rel=\"canonical\" href=\"https:\/\/aprendeconcarmen.es\/es\/producto\/vocabulario-del-salon\/\" \/>\n<meta property=\"og:locale\" content=\"es_ES\" \/>\n<meta property=\"og:type\" content=\"article\" \/>\n<meta property=\"og:title\" content=\"Vocabulario del sal\u00f3n - Aprende con Carmen\" \/>\n<meta property=\"og:description\" content=\"Puedes aprender m\u00e1s espa\u00f1ol con el vocabulario b\u00e1sico del sal\u00f3n. Es f\u00e1cil y divertido. Entra en el sal\u00f3n de mi abuela Paca y lo ver\u00e1s.\" \/>\n<meta property=\"og:url\" content=\"https:\/\/aprendeconcarmen.es\/es\/producto\/vocabulario-del-salon\/\" \/>\n<meta property=\"og:site_name\" content=\"Aprende con Carmen\" \/>\n<meta property=\"article:modified_time\" content=\"2022-02-23T15:50:04+00:00\" \/>\n<meta property=\"og:image\" content=\"https:\/\/aprendeconcarmen.es\/wp-content\/uploads\/2020\/08\/T\u00cdTULO-EL-SALON-DE-MI-ABUELA-PACA.png\" \/>\n\t<meta property=\"og:image:width\" content=\"500\" \/>\n\t<meta property=\"og:image:height\" content=\"500\" \/>\n\t<meta property=\"og:image:type\" content=\"image\/png\" \/>\n<meta name=\"twitter:card\" content=\"summary_large_image\" \/>\n<script type=\"application\/ld+json\" class=\"yoast-schema-graph\">{\"@context\":\"https:\/\/schema.org\",\"@graph\":[{\"@type\":\"WebPage\",\"@id\":\"https:\/\/aprendeconcarmen.es\/es\/producto\/vocabulario-del-salon\/\",\"url\":\"https:\/\/aprendeconcarmen.es\/es\/producto\/vocabulario-del-salon\/\",\"name\":\"Vocabulario del sal\u00f3n - Aprende con Carmen\",\"isPartOf\":{\"@id\":\"https:\/\/aprendeconcarmen.es\/es\/#website\"},\"primaryImageOfPage\":{\"@id\":\"https:\/\/aprendeconcarmen.es\/es\/producto\/vocabulario-del-salon\/#primaryimage\"},\"image\":{\"@id\":\"https:\/\/aprendeconcarmen.es\/es\/producto\/vocabulario-del-salon\/#primaryimage\"},\"thumbnailUrl\":\"https:\/\/aprendeconcarmen.es\/wp-content\/uploads\/2020\/08\/T\u00cdTULO-EL-SALON-DE-MI-ABUELA-PACA.png\",\"datePublished\":\"2020-08-19T17:06:12+00:00\",\"dateModified\":\"2022-02-23T15:50:04+00:00\",\"description\":\"Puedes aprender m\u00e1s espa\u00f1ol con el vocabulario b\u00e1sico del sal\u00f3n. Es f\u00e1cil y divertido. Entra en el sal\u00f3n de mi abuela Paca y lo ver\u00e1s.\",\"breadcrumb\":{\"@id\":\"https:\/\/aprendeconcarmen.es\/es\/producto\/vocabulario-del-salon\/#breadcrumb\"},\"inLanguage\":\"es\",\"potentialAction\":[{\"@type\":\"ReadAction\",\"target\":[\"https:\/\/aprendeconcarmen.es\/es\/producto\/vocabulario-del-salon\/\"]}]},{\"@type\":\"ImageObject\",\"inLanguage\":\"es\",\"@id\":\"https:\/\/aprendeconcarmen.es\/es\/producto\/vocabulario-del-salon\/#primaryimage\",\"url\":\"https:\/\/aprendeconcarmen.es\/wp-content\/uploads\/2020\/08\/T\u00cdTULO-EL-SALON-DE-MI-ABUELA-PACA.png\",\"contentUrl\":\"https:\/\/aprendeconcarmen.es\/wp-content\/uploads\/2020\/08\/T\u00cdTULO-EL-SALON-DE-MI-ABUELA-PACA.png\",\"width\":500,\"height\":500},{\"@type\":\"BreadcrumbList\",\"@id\":\"https:\/\/aprendeconcarmen.es\/es\/producto\/vocabulario-del-salon\/#breadcrumb\",\"itemListElement\":[{\"@type\":\"ListItem\",\"position\":1,\"name\":\"Portada\",\"item\":\"https:\/\/aprendeconcarmen.es\/es\/\"},{\"@type\":\"ListItem\",\"position\":2,\"name\":\"OFERTA DE CLASES ONLINE DE ESPA\u00d1OL\",\"item\":\"https:\/\/aprendeconcarmen.es\/es\/tienda\/\"},{\"@type\":\"ListItem\",\"position\":3,\"name\":\"Vocabulario del sal\u00f3n\"}]},{\"@type\":\"WebSite\",\"@id\":\"https:\/\/aprendeconcarmen.es\/es\/#website\",\"url\":\"https:\/\/aprendeconcarmen.es\/es\/\",\"name\":\"Aprende con Carmen\",\"description\":\"Clases de espa\u00f1ol online\",\"potentialAction\":[{\"@type\":\"SearchAction\",\"target\":{\"@type\":\"EntryPoint\",\"urlTemplate\":\"https:\/\/aprendeconcarmen.es\/es\/?s={search_term_string}\"},\"query-input\":\"required name=search_term_string\"}],\"inLanguage\":\"es\"}]}<\/script>\n<!-- \/ Yoast SEO plugin. -->","yoast_head_json":{"title":"Vocabulario del sal\u00f3n - Aprende con Carmen","description":"Puedes aprender m\u00e1s espa\u00f1ol con el vocabulario b\u00e1sico del sal\u00f3n. Es f\u00e1cil y divertido. Entra en el sal\u00f3n de mi abuela Paca y lo ver\u00e1s.","robots":{"index":"index","follow":"follow","max-snippet":"max-snippet:-1","max-image-preview":"max-image-preview:large","max-video-preview":"max-video-preview:-1"},"canonical":"https:\/\/aprendeconcarmen.es\/es\/producto\/vocabulario-del-salon\/","og_locale":"es_ES","og_type":"article","og_title":"Vocabulario del sal\u00f3n - Aprende con Carmen","og_description":"Puedes aprender m\u00e1s espa\u00f1ol con el vocabulario b\u00e1sico del sal\u00f3n. Es f\u00e1cil y divertido. Entra en el sal\u00f3n de mi abuela Paca y lo ver\u00e1s.","og_url":"https:\/\/aprendeconcarmen.es\/es\/producto\/vocabulario-del-salon\/","og_site_name":"Aprende con Carmen","article_modified_time":"2022-02-23T15:50:04+00:00","og_image":[{"width":500,"height":500,"url":"https:\/\/aprendeconcarmen.es\/wp-content\/uploads\/2020\/08\/T\u00cdTULO-EL-SALON-DE-MI-ABUELA-PACA.png","type":"image\/png"}],"twitter_card":"summary_large_image","schema":{"@context":"https:\/\/schema.org","@graph":[{"@type":"WebPage","@id":"https:\/\/aprendeconcarmen.es\/es\/producto\/vocabulario-del-salon\/","url":"https:\/\/aprendeconcarmen.es\/es\/producto\/vocabulario-del-salon\/","name":"Vocabulario del sal\u00f3n - Aprende con Carmen","isPartOf":{"@id":"https:\/\/aprendeconcarmen.es\/es\/#website"},"primaryImageOfPage":{"@id":"https:\/\/aprendeconcarmen.es\/es\/producto\/vocabulario-del-salon\/#primaryimage"},"image":{"@id":"https:\/\/aprendeconcarmen.es\/es\/producto\/vocabulario-del-salon\/#primaryimage"},"thumbnailUrl":"https:\/\/aprendeconcarmen.es\/wp-content\/uploads\/2020\/08\/T\u00cdTULO-EL-SALON-DE-MI-ABUELA-PACA.png","datePublished":"2020-08-19T17:06:12+00:00","dateModified":"2022-02-23T15:50:04+00:00","description":"Puedes aprender m\u00e1s espa\u00f1ol con el vocabulario b\u00e1sico del sal\u00f3n. Es f\u00e1cil y divertido. Entra en el sal\u00f3n de mi abuela Paca y lo ver\u00e1s.","breadcrumb":{"@id":"https:\/\/aprendeconcarmen.es\/es\/producto\/vocabulario-del-salon\/#breadcrumb"},"inLanguage":"es","potentialAction":[{"@type":"ReadAction","target":["https:\/\/aprendeconcarmen.es\/es\/producto\/vocabulario-del-salon\/"]}]},{"@type":"ImageObject","inLanguage":"es","@id":"https:\/\/aprendeconcarmen.es\/es\/producto\/vocabulario-del-salon\/#primaryimage","url":"https:\/\/aprendeconcarmen.es\/wp-content\/uploads\/2020\/08\/T\u00cdTULO-EL-SALON-DE-MI-ABUELA-PACA.png","contentUrl":"https:\/\/aprendeconcarmen.es\/wp-content\/uploads\/2020\/08\/T\u00cdTULO-EL-SALON-DE-MI-ABUELA-PACA.png","width":500,"height":500},{"@type":"BreadcrumbList","@id":"https:\/\/aprendeconcarmen.es\/es\/producto\/vocabulario-del-salon\/#breadcrumb","itemListElement":[{"@type":"ListItem","position":1,"name":"Portada","item":"https:\/\/aprendeconcarmen.es\/es\/"},{"@type":"ListItem","position":2,"name":"OFERTA DE CLASES ONLINE DE ESPA\u00d1OL","item":"https:\/\/aprendeconcarmen.es\/es\/tienda\/"},{"@type":"ListItem","position":3,"name":"Vocabulario del sal\u00f3n"}]},{"@type":"WebSite","@id":"https:\/\/aprendeconcarmen.es\/es\/#website","url":"https:\/\/aprendeconcarmen.es\/es\/","name":"Aprende con Carmen","description":"Clases de espa\u00f1ol online","potentialAction":[{"@type":"SearchAction","target":{"@type":"EntryPoint","urlTemplate":"https:\/\/aprendeconcarmen.es\/es\/?s={search_term_string}"},"query-input":"required name=search_term_string"}],"inLanguage":"es"}]}},"post_mailing_queue_ids":[],"_links":{"self":[{"href":"https:\/\/aprendeconcarmen.es\/es\/wp-json\/wp\/v2\/product\/31565"}],"collection":[{"href":"https:\/\/aprendeconcarmen.es\/es\/wp-json\/wp\/v2\/product"}],"about":[{"href":"https:\/\/aprendeconcarmen.es\/es\/wp-json\/wp\/v2\/types\/product"}],"wp:featuredmedia":[{"embeddable":true,"href":"https:\/\/aprendeconcarmen.es\/es\/wp-json\/wp\/v2\/media\/31570"}],"wp:attachment":[{"href":"https:\/\/aprendeconcarmen.es\/es\/wp-json\/wp\/v2\/media?parent=31565"}],"wp:term":[{"taxonomy":"product_cat","embeddable":true,"href":"https:\/\/aprendeconcarmen.es\/es\/wp-json\/wp\/v2\/product_cat?post=31565"},{"taxonomy":"product_tag","embeddable":true,"href":"https:\/\/aprendeconcarmen.es\/es\/wp-json\/wp\/v2\/product_tag?post=31565"}],"curies":[{"name":"wp","href":"https:\/\/api.w.org\/{rel}","templated":true}]}}