{"id":31711,"date":"2020-10-05T10:13:55","date_gmt":"2020-10-05T08:13:55","guid":{"rendered":"https:\/\/aprendeconcarmen.es\/?post_type=product&#038;p=31711"},"modified":"2020-10-06T11:56:14","modified_gmt":"2020-10-06T09:56:14","slug":"oraciones-comparativas","status":"publish","type":"product","link":"https:\/\/aprendeconcarmen.es\/es\/producto\/oraciones-comparativas\/","title":{"rendered":"Las comparaciones"},"content":{"rendered":"","protected":false},"excerpt":{"rendered":"<p>Con esta transcripci\u00f3n podr\u00e1s comprobar si has entendido bien el v\u00eddeo\u00a0 explicativo de Youtube de Las comparaciones. Recuerda que tambi\u00e9n dispones de una comprensi\u00f3n lectora para saber si lo has entendido bien. \u00a1Muy recomendable!<\/p>\n","protected":false},"featured_media":31714,"template":"","meta":[],"product_cat":[181],"product_tag":[198],"yoast_head":"<!-- This site is optimized with the Yoast SEO plugin v22.7 - https:\/\/yoast.com\/wordpress\/plugins\/seo\/ -->\n<title>Las oraciones comparativas - Aprende con Carmen<\/title>\n<meta name=\"description\" content=\"Las oraciones comparativas son muy utilizadas en espa\u00f1ol. Hay tres tipos de oraciones comparativas: de superioridad, de inferioridad y de igualdad.\" \/>\n<meta name=\"robots\" content=\"index, follow, max-snippet:-1, max-image-preview:large, max-video-preview:-1\" \/>\n<link rel=\"canonical\" href=\"https:\/\/aprendeconcarmen.es\/es\/producto\/oraciones-comparativas\/\" \/>\n<meta property=\"og:locale\" content=\"es_ES\" \/>\n<meta property=\"og:type\" content=\"article\" \/>\n<meta property=\"og:title\" content=\"Las oraciones comparativas - Aprende con Carmen\" \/>\n<meta property=\"og:description\" content=\"Las oraciones comparativas son muy utilizadas en espa\u00f1ol. Hay tres tipos de oraciones comparativas: de superioridad, de inferioridad y de igualdad.\" \/>\n<meta property=\"og:url\" content=\"https:\/\/aprendeconcarmen.es\/es\/producto\/oraciones-comparativas\/\" \/>\n<meta property=\"og:site_name\" content=\"Aprende con Carmen\" \/>\n<meta property=\"article:modified_time\" content=\"2020-10-06T09:56:14+00:00\" \/>\n<meta property=\"og:image\" content=\"https:\/\/aprendeconcarmen.es\/wp-content\/uploads\/2020\/10\/nivel-A2-oraciones-comparativas.jpg\" \/>\n\t<meta property=\"og:image:width\" content=\"500\" \/>\n\t<meta property=\"og:image:height\" content=\"500\" \/>\n\t<meta property=\"og:image:type\" content=\"image\/jpeg\" \/>\n<meta name=\"twitter:card\" content=\"summary_large_image\" \/>\n<script type=\"application\/ld+json\" class=\"yoast-schema-graph\">{\"@context\":\"https:\/\/schema.org\",\"@graph\":[{\"@type\":\"WebPage\",\"@id\":\"https:\/\/aprendeconcarmen.es\/es\/producto\/oraciones-comparativas\/\",\"url\":\"https:\/\/aprendeconcarmen.es\/es\/producto\/oraciones-comparativas\/\",\"name\":\"Las oraciones comparativas - Aprende con Carmen\",\"isPartOf\":{\"@id\":\"https:\/\/aprendeconcarmen.es\/es\/#website\"},\"primaryImageOfPage\":{\"@id\":\"https:\/\/aprendeconcarmen.es\/es\/producto\/oraciones-comparativas\/#primaryimage\"},\"image\":{\"@id\":\"https:\/\/aprendeconcarmen.es\/es\/producto\/oraciones-comparativas\/#primaryimage\"},\"thumbnailUrl\":\"https:\/\/aprendeconcarmen.es\/wp-content\/uploads\/2020\/10\/nivel-A2-oraciones-comparativas.jpg\",\"datePublished\":\"2020-10-05T08:13:55+00:00\",\"dateModified\":\"2020-10-06T09:56:14+00:00\",\"description\":\"Las oraciones comparativas son muy utilizadas en espa\u00f1ol. Hay tres tipos de oraciones comparativas: de superioridad, de inferioridad y de igualdad.\",\"breadcrumb\":{\"@id\":\"https:\/\/aprendeconcarmen.es\/es\/producto\/oraciones-comparativas\/#breadcrumb\"},\"inLanguage\":\"es\",\"potentialAction\":[{\"@type\":\"ReadAction\",\"target\":[\"https:\/\/aprendeconcarmen.es\/es\/producto\/oraciones-comparativas\/\"]}]},{\"@type\":\"ImageObject\",\"inLanguage\":\"es\",\"@id\":\"https:\/\/aprendeconcarmen.es\/es\/producto\/oraciones-comparativas\/#primaryimage\",\"url\":\"https:\/\/aprendeconcarmen.es\/wp-content\/uploads\/2020\/10\/nivel-A2-oraciones-comparativas.jpg\",\"contentUrl\":\"https:\/\/aprendeconcarmen.es\/wp-content\/uploads\/2020\/10\/nivel-A2-oraciones-comparativas.jpg\",\"width\":500,\"height\":500},{\"@type\":\"BreadcrumbList\",\"@id\":\"https:\/\/aprendeconcarmen.es\/es\/producto\/oraciones-comparativas\/#breadcrumb\",\"itemListElement\":[{\"@type\":\"ListItem\",\"position\":1,\"name\":\"Portada\",\"item\":\"https:\/\/aprendeconcarmen.es\/es\/\"},{\"@type\":\"ListItem\",\"position\":2,\"name\":\"OFERTA DE CLASES ONLINE DE ESPA\u00d1OL\",\"item\":\"https:\/\/aprendeconcarmen.es\/es\/tienda\/\"},{\"@type\":\"ListItem\",\"position\":3,\"name\":\"Las comparaciones\"}]},{\"@type\":\"WebSite\",\"@id\":\"https:\/\/aprendeconcarmen.es\/es\/#website\",\"url\":\"https:\/\/aprendeconcarmen.es\/es\/\",\"name\":\"Aprende con Carmen\",\"description\":\"Clases de espa\u00f1ol online\",\"potentialAction\":[{\"@type\":\"SearchAction\",\"target\":{\"@type\":\"EntryPoint\",\"urlTemplate\":\"https:\/\/aprendeconcarmen.es\/es\/?s={search_term_string}\"},\"query-input\":\"required name=search_term_string\"}],\"inLanguage\":\"es\"}]}<\/script>\n<!-- \/ Yoast SEO plugin. -->","yoast_head_json":{"title":"Las oraciones comparativas - Aprende con Carmen","description":"Las oraciones comparativas son muy utilizadas en espa\u00f1ol. Hay tres tipos de oraciones comparativas: de superioridad, de inferioridad y de igualdad.","robots":{"index":"index","follow":"follow","max-snippet":"max-snippet:-1","max-image-preview":"max-image-preview:large","max-video-preview":"max-video-preview:-1"},"canonical":"https:\/\/aprendeconcarmen.es\/es\/producto\/oraciones-comparativas\/","og_locale":"es_ES","og_type":"article","og_title":"Las oraciones comparativas - Aprende con Carmen","og_description":"Las oraciones comparativas son muy utilizadas en espa\u00f1ol. Hay tres tipos de oraciones comparativas: de superioridad, de inferioridad y de igualdad.","og_url":"https:\/\/aprendeconcarmen.es\/es\/producto\/oraciones-comparativas\/","og_site_name":"Aprende con Carmen","article_modified_time":"2020-10-06T09:56:14+00:00","og_image":[{"width":500,"height":500,"url":"https:\/\/aprendeconcarmen.es\/wp-content\/uploads\/2020\/10\/nivel-A2-oraciones-comparativas.jpg","type":"image\/jpeg"}],"twitter_card":"summary_large_image","schema":{"@context":"https:\/\/schema.org","@graph":[{"@type":"WebPage","@id":"https:\/\/aprendeconcarmen.es\/es\/producto\/oraciones-comparativas\/","url":"https:\/\/aprendeconcarmen.es\/es\/producto\/oraciones-comparativas\/","name":"Las oraciones comparativas - Aprende con Carmen","isPartOf":{"@id":"https:\/\/aprendeconcarmen.es\/es\/#website"},"primaryImageOfPage":{"@id":"https:\/\/aprendeconcarmen.es\/es\/producto\/oraciones-comparativas\/#primaryimage"},"image":{"@id":"https:\/\/aprendeconcarmen.es\/es\/producto\/oraciones-comparativas\/#primaryimage"},"thumbnailUrl":"https:\/\/aprendeconcarmen.es\/wp-content\/uploads\/2020\/10\/nivel-A2-oraciones-comparativas.jpg","datePublished":"2020-10-05T08:13:55+00:00","dateModified":"2020-10-06T09:56:14+00:00","description":"Las oraciones comparativas son muy utilizadas en espa\u00f1ol. Hay tres tipos de oraciones comparativas: de superioridad, de inferioridad y de igualdad.","breadcrumb":{"@id":"https:\/\/aprendeconcarmen.es\/es\/producto\/oraciones-comparativas\/#breadcrumb"},"inLanguage":"es","potentialAction":[{"@type":"ReadAction","target":["https:\/\/aprendeconcarmen.es\/es\/producto\/oraciones-comparativas\/"]}]},{"@type":"ImageObject","inLanguage":"es","@id":"https:\/\/aprendeconcarmen.es\/es\/producto\/oraciones-comparativas\/#primaryimage","url":"https:\/\/aprendeconcarmen.es\/wp-content\/uploads\/2020\/10\/nivel-A2-oraciones-comparativas.jpg","contentUrl":"https:\/\/aprendeconcarmen.es\/wp-content\/uploads\/2020\/10\/nivel-A2-oraciones-comparativas.jpg","width":500,"height":500},{"@type":"BreadcrumbList","@id":"https:\/\/aprendeconcarmen.es\/es\/producto\/oraciones-comparativas\/#breadcrumb","itemListElement":[{"@type":"ListItem","position":1,"name":"Portada","item":"https:\/\/aprendeconcarmen.es\/es\/"},{"@type":"ListItem","position":2,"name":"OFERTA DE CLASES ONLINE DE ESPA\u00d1OL","item":"https:\/\/aprendeconcarmen.es\/es\/tienda\/"},{"@type":"ListItem","position":3,"name":"Las comparaciones"}]},{"@type":"WebSite","@id":"https:\/\/aprendeconcarmen.es\/es\/#website","url":"https:\/\/aprendeconcarmen.es\/es\/","name":"Aprende con Carmen","description":"Clases de espa\u00f1ol online","potentialAction":[{"@type":"SearchAction","target":{"@type":"EntryPoint","urlTemplate":"https:\/\/aprendeconcarmen.es\/es\/?s={search_term_string}"},"query-input":"required name=search_term_string"}],"inLanguage":"es"}]}},"post_mailing_queue_ids":[],"_links":{"self":[{"href":"https:\/\/aprendeconcarmen.es\/es\/wp-json\/wp\/v2\/product\/31711"}],"collection":[{"href":"https:\/\/aprendeconcarmen.es\/es\/wp-json\/wp\/v2\/product"}],"about":[{"href":"https:\/\/aprendeconcarmen.es\/es\/wp-json\/wp\/v2\/types\/product"}],"wp:featuredmedia":[{"embeddable":true,"href":"https:\/\/aprendeconcarmen.es\/es\/wp-json\/wp\/v2\/media\/31714"}],"wp:attachment":[{"href":"https:\/\/aprendeconcarmen.es\/es\/wp-json\/wp\/v2\/media?parent=31711"}],"wp:term":[{"taxonomy":"product_cat","embeddable":true,"href":"https:\/\/aprendeconcarmen.es\/es\/wp-json\/wp\/v2\/product_cat?post=31711"},{"taxonomy":"product_tag","embeddable":true,"href":"https:\/\/aprendeconcarmen.es\/es\/wp-json\/wp\/v2\/product_tag?post=31711"}],"curies":[{"name":"wp","href":"https:\/\/api.w.org\/{rel}","templated":true}]}}