{"id":31788,"date":"2020-11-03T10:46:08","date_gmt":"2020-11-03T08:46:08","guid":{"rendered":"https:\/\/aprendeconcarmen.es\/?post_type=product&#038;p=31788"},"modified":"2020-11-03T10:46:08","modified_gmt":"2020-11-03T08:46:08","slug":"los-medios-de-transporte","status":"publish","type":"product","link":"https:\/\/aprendeconcarmen.es\/es\/producto\/los-medios-de-transporte\/","title":{"rendered":"Los medios de transporte"},"content":{"rendered":"<p>Puedes conocer cu\u00e1les son los medios de transporte que van por la ciudad, por el aire y por el mar. Adem\u00e1s qu\u00e9 verbos y preposiciones usamos habitualmente.<\/p>\n","protected":false},"excerpt":{"rendered":"<p>Puedes conocer cu\u00e1les son los medios de transporte que van por la ciudad, por el aire y por el mar. Adem\u00e1s qu\u00e9 verbos y preposiciones usamos habitualmente.<\/p>\n","protected":false},"featured_media":31791,"template":"","meta":[],"product_cat":[181],"product_tag":[198],"yoast_head":"<!-- This site is optimized with the Yoast SEO plugin v22.7 - https:\/\/yoast.com\/wordpress\/plugins\/seo\/ -->\n<title>Los medios de transporte - Aprende con Carmen<\/title>\n<meta name=\"description\" content=\"Puedes conocer cu\u00e1les son los medios de transporte que van por la ciudad, por el aire y por el mar. Adem\u00e1s qu\u00e9 verbos y preposiciones usamos habitualmente.\" \/>\n<meta name=\"robots\" content=\"index, follow, max-snippet:-1, max-image-preview:large, max-video-preview:-1\" \/>\n<link rel=\"canonical\" href=\"https:\/\/aprendeconcarmen.es\/es\/producto\/los-medios-de-transporte\/\" \/>\n<meta property=\"og:locale\" content=\"es_ES\" \/>\n<meta property=\"og:type\" content=\"article\" \/>\n<meta property=\"og:title\" content=\"Los medios de transporte - Aprende con Carmen\" \/>\n<meta property=\"og:description\" content=\"Puedes conocer cu\u00e1les son los medios de transporte que van por la ciudad, por el aire y por el mar. Adem\u00e1s qu\u00e9 verbos y preposiciones usamos habitualmente.\" \/>\n<meta property=\"og:url\" content=\"https:\/\/aprendeconcarmen.es\/es\/producto\/los-medios-de-transporte\/\" \/>\n<meta property=\"og:site_name\" content=\"Aprende con Carmen\" \/>\n<meta property=\"og:image\" content=\"https:\/\/aprendeconcarmen.es\/wp-content\/uploads\/2020\/11\/nivel-A1-medios-de-transporte.jpg\" \/>\n\t<meta property=\"og:image:width\" content=\"500\" \/>\n\t<meta property=\"og:image:height\" content=\"500\" \/>\n\t<meta property=\"og:image:type\" content=\"image\/jpeg\" \/>\n<meta name=\"twitter:card\" content=\"summary_large_image\" \/>\n<script type=\"application\/ld+json\" class=\"yoast-schema-graph\">{\"@context\":\"https:\/\/schema.org\",\"@graph\":[{\"@type\":\"WebPage\",\"@id\":\"https:\/\/aprendeconcarmen.es\/es\/producto\/los-medios-de-transporte\/\",\"url\":\"https:\/\/aprendeconcarmen.es\/es\/producto\/los-medios-de-transporte\/\",\"name\":\"Los medios de transporte - Aprende con Carmen\",\"isPartOf\":{\"@id\":\"https:\/\/aprendeconcarmen.es\/es\/#website\"},\"primaryImageOfPage\":{\"@id\":\"https:\/\/aprendeconcarmen.es\/es\/producto\/los-medios-de-transporte\/#primaryimage\"},\"image\":{\"@id\":\"https:\/\/aprendeconcarmen.es\/es\/producto\/los-medios-de-transporte\/#primaryimage\"},\"thumbnailUrl\":\"https:\/\/aprendeconcarmen.es\/wp-content\/uploads\/2020\/11\/nivel-A1-medios-de-transporte.jpg\",\"datePublished\":\"2020-11-03T08:46:08+00:00\",\"dateModified\":\"2020-11-03T08:46:08+00:00\",\"description\":\"Puedes conocer cu\u00e1les son los medios de transporte que van por la ciudad, por el aire y por el mar. Adem\u00e1s qu\u00e9 verbos y preposiciones usamos habitualmente.\",\"breadcrumb\":{\"@id\":\"https:\/\/aprendeconcarmen.es\/es\/producto\/los-medios-de-transporte\/#breadcrumb\"},\"inLanguage\":\"es\",\"potentialAction\":[{\"@type\":\"ReadAction\",\"target\":[\"https:\/\/aprendeconcarmen.es\/es\/producto\/los-medios-de-transporte\/\"]}]},{\"@type\":\"ImageObject\",\"inLanguage\":\"es\",\"@id\":\"https:\/\/aprendeconcarmen.es\/es\/producto\/los-medios-de-transporte\/#primaryimage\",\"url\":\"https:\/\/aprendeconcarmen.es\/wp-content\/uploads\/2020\/11\/nivel-A1-medios-de-transporte.jpg\",\"contentUrl\":\"https:\/\/aprendeconcarmen.es\/wp-content\/uploads\/2020\/11\/nivel-A1-medios-de-transporte.jpg\",\"width\":500,\"height\":500},{\"@type\":\"BreadcrumbList\",\"@id\":\"https:\/\/aprendeconcarmen.es\/es\/producto\/los-medios-de-transporte\/#breadcrumb\",\"itemListElement\":[{\"@type\":\"ListItem\",\"position\":1,\"name\":\"Portada\",\"item\":\"https:\/\/aprendeconcarmen.es\/es\/\"},{\"@type\":\"ListItem\",\"position\":2,\"name\":\"OFERTA DE CLASES ONLINE DE ESPA\u00d1OL\",\"item\":\"https:\/\/aprendeconcarmen.es\/es\/tienda\/\"},{\"@type\":\"ListItem\",\"position\":3,\"name\":\"Los medios de transporte\"}]},{\"@type\":\"WebSite\",\"@id\":\"https:\/\/aprendeconcarmen.es\/es\/#website\",\"url\":\"https:\/\/aprendeconcarmen.es\/es\/\",\"name\":\"Aprende con Carmen\",\"description\":\"Clases de espa\u00f1ol online\",\"potentialAction\":[{\"@type\":\"SearchAction\",\"target\":{\"@type\":\"EntryPoint\",\"urlTemplate\":\"https:\/\/aprendeconcarmen.es\/es\/?s={search_term_string}\"},\"query-input\":\"required name=search_term_string\"}],\"inLanguage\":\"es\"}]}<\/script>\n<!-- \/ Yoast SEO plugin. -->","yoast_head_json":{"title":"Los medios de transporte - Aprende con Carmen","description":"Puedes conocer cu\u00e1les son los medios de transporte que van por la ciudad, por el aire y por el mar. Adem\u00e1s qu\u00e9 verbos y preposiciones usamos habitualmente.","robots":{"index":"index","follow":"follow","max-snippet":"max-snippet:-1","max-image-preview":"max-image-preview:large","max-video-preview":"max-video-preview:-1"},"canonical":"https:\/\/aprendeconcarmen.es\/es\/producto\/los-medios-de-transporte\/","og_locale":"es_ES","og_type":"article","og_title":"Los medios de transporte - Aprende con Carmen","og_description":"Puedes conocer cu\u00e1les son los medios de transporte que van por la ciudad, por el aire y por el mar. Adem\u00e1s qu\u00e9 verbos y preposiciones usamos habitualmente.","og_url":"https:\/\/aprendeconcarmen.es\/es\/producto\/los-medios-de-transporte\/","og_site_name":"Aprende con Carmen","og_image":[{"width":500,"height":500,"url":"https:\/\/aprendeconcarmen.es\/wp-content\/uploads\/2020\/11\/nivel-A1-medios-de-transporte.jpg","type":"image\/jpeg"}],"twitter_card":"summary_large_image","schema":{"@context":"https:\/\/schema.org","@graph":[{"@type":"WebPage","@id":"https:\/\/aprendeconcarmen.es\/es\/producto\/los-medios-de-transporte\/","url":"https:\/\/aprendeconcarmen.es\/es\/producto\/los-medios-de-transporte\/","name":"Los medios de transporte - Aprende con Carmen","isPartOf":{"@id":"https:\/\/aprendeconcarmen.es\/es\/#website"},"primaryImageOfPage":{"@id":"https:\/\/aprendeconcarmen.es\/es\/producto\/los-medios-de-transporte\/#primaryimage"},"image":{"@id":"https:\/\/aprendeconcarmen.es\/es\/producto\/los-medios-de-transporte\/#primaryimage"},"thumbnailUrl":"https:\/\/aprendeconcarmen.es\/wp-content\/uploads\/2020\/11\/nivel-A1-medios-de-transporte.jpg","datePublished":"2020-11-03T08:46:08+00:00","dateModified":"2020-11-03T08:46:08+00:00","description":"Puedes conocer cu\u00e1les son los medios de transporte que van por la ciudad, por el aire y por el mar. Adem\u00e1s qu\u00e9 verbos y preposiciones usamos habitualmente.","breadcrumb":{"@id":"https:\/\/aprendeconcarmen.es\/es\/producto\/los-medios-de-transporte\/#breadcrumb"},"inLanguage":"es","potentialAction":[{"@type":"ReadAction","target":["https:\/\/aprendeconcarmen.es\/es\/producto\/los-medios-de-transporte\/"]}]},{"@type":"ImageObject","inLanguage":"es","@id":"https:\/\/aprendeconcarmen.es\/es\/producto\/los-medios-de-transporte\/#primaryimage","url":"https:\/\/aprendeconcarmen.es\/wp-content\/uploads\/2020\/11\/nivel-A1-medios-de-transporte.jpg","contentUrl":"https:\/\/aprendeconcarmen.es\/wp-content\/uploads\/2020\/11\/nivel-A1-medios-de-transporte.jpg","width":500,"height":500},{"@type":"BreadcrumbList","@id":"https:\/\/aprendeconcarmen.es\/es\/producto\/los-medios-de-transporte\/#breadcrumb","itemListElement":[{"@type":"ListItem","position":1,"name":"Portada","item":"https:\/\/aprendeconcarmen.es\/es\/"},{"@type":"ListItem","position":2,"name":"OFERTA DE CLASES ONLINE DE ESPA\u00d1OL","item":"https:\/\/aprendeconcarmen.es\/es\/tienda\/"},{"@type":"ListItem","position":3,"name":"Los medios de transporte"}]},{"@type":"WebSite","@id":"https:\/\/aprendeconcarmen.es\/es\/#website","url":"https:\/\/aprendeconcarmen.es\/es\/","name":"Aprende con Carmen","description":"Clases de espa\u00f1ol online","potentialAction":[{"@type":"SearchAction","target":{"@type":"EntryPoint","urlTemplate":"https:\/\/aprendeconcarmen.es\/es\/?s={search_term_string}"},"query-input":"required name=search_term_string"}],"inLanguage":"es"}]}},"post_mailing_queue_ids":[],"_links":{"self":[{"href":"https:\/\/aprendeconcarmen.es\/es\/wp-json\/wp\/v2\/product\/31788"}],"collection":[{"href":"https:\/\/aprendeconcarmen.es\/es\/wp-json\/wp\/v2\/product"}],"about":[{"href":"https:\/\/aprendeconcarmen.es\/es\/wp-json\/wp\/v2\/types\/product"}],"wp:featuredmedia":[{"embeddable":true,"href":"https:\/\/aprendeconcarmen.es\/es\/wp-json\/wp\/v2\/media\/31791"}],"wp:attachment":[{"href":"https:\/\/aprendeconcarmen.es\/es\/wp-json\/wp\/v2\/media?parent=31788"}],"wp:term":[{"taxonomy":"product_cat","embeddable":true,"href":"https:\/\/aprendeconcarmen.es\/es\/wp-json\/wp\/v2\/product_cat?post=31788"},{"taxonomy":"product_tag","embeddable":true,"href":"https:\/\/aprendeconcarmen.es\/es\/wp-json\/wp\/v2\/product_tag?post=31788"}],"curies":[{"name":"wp","href":"https:\/\/api.w.org\/{rel}","templated":true}]}}