{"id":32014,"date":"2021-03-15T12:58:05","date_gmt":"2021-03-15T10:58:05","guid":{"rendered":"https:\/\/aprendeconcarmen.es\/?post_type=product&#038;p=32014"},"modified":"2022-02-23T17:45:34","modified_gmt":"2022-02-23T15:45:34","slug":"1001-vocabulario-ilustrado-en-espanol","status":"publish","type":"product","link":"https:\/\/aprendeconcarmen.es\/es\/producto\/1001-vocabulario-ilustrado-en-espanol\/","title":{"rendered":"1001 palabras de vocabulario ilustrado en espa\u00f1ol"},"content":{"rendered":"<p><span class=\"JsGRdQ\">El objetivo de este<\/span> <span class=\"JsGRdQ\">e-book con<\/span><strong><span class=\"JsGRdQ\"> 1001 palabras con ilustraciones <\/span><\/strong><span class=\"JsGRdQ\">es facilitar<\/span><span class=\"JsGRdQ\">\u00a0al <strong>alumno de espa\u00f1ol<\/strong> el estudio del l\u00e9xico<\/span> <span class=\"JsGRdQ\">de forma efectiva. <\/span><\/p>\n","protected":false},"excerpt":{"rendered":"<p><span class=\"JsGRdQ\">El objetivo de este<\/span> <span class=\"JsGRdQ\">e-book con<\/span><strong><span class=\"JsGRdQ\"> 1001 palabras con ilustraciones <\/span><\/strong><span class=\"JsGRdQ\">es facilitar<\/span><span class=\"JsGRdQ\">\u00a0al <strong>alumno de espa\u00f1ol<\/strong> el estudio del l\u00e9xico<\/span> <span class=\"JsGRdQ\">de forma efectiva.<\/span><\/p>\n<ol>\n<li>El cuerpo humano<\/li>\n<li>La ropa<\/li>\n<li>Los complementos<\/li>\n<li>Las frutas y las verduras<\/li>\n<li>El tiempo atmosf\u00e9rico<\/li>\n<li>Las profesiones<\/li>\n<li>La familia<\/li>\n<li>La casa<\/li>\n<li>Las aficiones<\/li>\n<li>La ciudad<\/li>\n<li>T\u00edpico de Espa\u00f1a 1 y 2<\/li>\n<li>Los medios de transporte<\/li>\n<li>Las acciones habituales<\/li>\n<li>Las estaciones del a\u00f1o<\/li>\n<li>Las tareas del hogar<\/li>\n<li>Los animales<\/li>\n<li>La Navidad<\/li>\n<li>El D\u00eda de Muertos (M\u00e9xico)<\/li>\n<li>Halloween<\/li>\n<li>Los electrodom\u00e9sticos<\/li>\n<li>Los cuentos<\/li>\n<li>Los deportes<\/li>\n<li>La cosm\u00e9tica<\/li>\n<li>San Valent\u00edn<\/li>\n<li>La comida r\u00e1pida<\/li>\n<\/ol>\n","protected":false},"featured_media":32017,"template":"","meta":[],"product_cat":[182],"product_tag":[],"yoast_head":"<!-- This site is optimized with the Yoast SEO plugin v22.7 - https:\/\/yoast.com\/wordpress\/plugins\/seo\/ -->\n<title>Vocabulario ilustrado en espa\u00f1ol - Aprende con Carmen<\/title>\n<meta name=\"description\" content=\"Vocabulario ilustrado en espa\u00f1ol con el podr\u00e1s memorizar de una forma f\u00e1cil hasta1001 palabras en espa\u00f1ol.\" \/>\n<meta name=\"robots\" content=\"index, follow, max-snippet:-1, max-image-preview:large, max-video-preview:-1\" \/>\n<link rel=\"canonical\" href=\"https:\/\/aprendeconcarmen.es\/es\/producto\/1001-vocabulario-ilustrado-en-espanol\/\" \/>\n<meta property=\"og:locale\" content=\"es_ES\" \/>\n<meta property=\"og:type\" content=\"article\" \/>\n<meta property=\"og:title\" content=\"Vocabulario ilustrado en espa\u00f1ol - Aprende con Carmen\" \/>\n<meta property=\"og:description\" content=\"Vocabulario ilustrado en espa\u00f1ol con el podr\u00e1s memorizar de una forma f\u00e1cil hasta1001 palabras en espa\u00f1ol.\" \/>\n<meta property=\"og:url\" content=\"https:\/\/aprendeconcarmen.es\/es\/producto\/1001-vocabulario-ilustrado-en-espanol\/\" \/>\n<meta property=\"og:site_name\" content=\"Aprende con Carmen\" \/>\n<meta property=\"article:modified_time\" content=\"2022-02-23T15:45:34+00:00\" \/>\n<meta property=\"og:image\" content=\"https:\/\/aprendeconcarmen.es\/wp-content\/uploads\/2021\/03\/Titulo-e-book_VOCABULARIO_400X400.png\" \/>\n\t<meta property=\"og:image:width\" content=\"400\" \/>\n\t<meta property=\"og:image:height\" content=\"400\" \/>\n\t<meta property=\"og:image:type\" content=\"image\/png\" \/>\n<meta name=\"twitter:card\" content=\"summary_large_image\" \/>\n<meta name=\"twitter:label1\" content=\"Tiempo de lectura\" \/>\n\t<meta name=\"twitter:data1\" content=\"1 minuto\" \/>\n<script type=\"application\/ld+json\" class=\"yoast-schema-graph\">{\"@context\":\"https:\/\/schema.org\",\"@graph\":[{\"@type\":\"WebPage\",\"@id\":\"https:\/\/aprendeconcarmen.es\/es\/producto\/1001-vocabulario-ilustrado-en-espanol\/\",\"url\":\"https:\/\/aprendeconcarmen.es\/es\/producto\/1001-vocabulario-ilustrado-en-espanol\/\",\"name\":\"Vocabulario ilustrado en espa\u00f1ol - Aprende con Carmen\",\"isPartOf\":{\"@id\":\"https:\/\/aprendeconcarmen.es\/es\/#website\"},\"primaryImageOfPage\":{\"@id\":\"https:\/\/aprendeconcarmen.es\/es\/producto\/1001-vocabulario-ilustrado-en-espanol\/#primaryimage\"},\"image\":{\"@id\":\"https:\/\/aprendeconcarmen.es\/es\/producto\/1001-vocabulario-ilustrado-en-espanol\/#primaryimage\"},\"thumbnailUrl\":\"https:\/\/aprendeconcarmen.es\/wp-content\/uploads\/2021\/03\/Titulo-e-book_VOCABULARIO_400X400.png\",\"datePublished\":\"2021-03-15T10:58:05+00:00\",\"dateModified\":\"2022-02-23T15:45:34+00:00\",\"description\":\"Vocabulario ilustrado en espa\u00f1ol con el podr\u00e1s memorizar de una forma f\u00e1cil hasta1001 palabras en espa\u00f1ol.\",\"breadcrumb\":{\"@id\":\"https:\/\/aprendeconcarmen.es\/es\/producto\/1001-vocabulario-ilustrado-en-espanol\/#breadcrumb\"},\"inLanguage\":\"es\",\"potentialAction\":[{\"@type\":\"ReadAction\",\"target\":[\"https:\/\/aprendeconcarmen.es\/es\/producto\/1001-vocabulario-ilustrado-en-espanol\/\"]}]},{\"@type\":\"ImageObject\",\"inLanguage\":\"es\",\"@id\":\"https:\/\/aprendeconcarmen.es\/es\/producto\/1001-vocabulario-ilustrado-en-espanol\/#primaryimage\",\"url\":\"https:\/\/aprendeconcarmen.es\/wp-content\/uploads\/2021\/03\/Titulo-e-book_VOCABULARIO_400X400.png\",\"contentUrl\":\"https:\/\/aprendeconcarmen.es\/wp-content\/uploads\/2021\/03\/Titulo-e-book_VOCABULARIO_400X400.png\",\"width\":400,\"height\":400,\"caption\":\"Comprar e-book de vocabulario ilustrado en espa\u00f1ol\"},{\"@type\":\"BreadcrumbList\",\"@id\":\"https:\/\/aprendeconcarmen.es\/es\/producto\/1001-vocabulario-ilustrado-en-espanol\/#breadcrumb\",\"itemListElement\":[{\"@type\":\"ListItem\",\"position\":1,\"name\":\"Portada\",\"item\":\"https:\/\/aprendeconcarmen.es\/es\/\"},{\"@type\":\"ListItem\",\"position\":2,\"name\":\"OFERTA DE CLASES ONLINE DE ESPA\u00d1OL\",\"item\":\"https:\/\/aprendeconcarmen.es\/es\/tienda\/\"},{\"@type\":\"ListItem\",\"position\":3,\"name\":\"1001 palabras de vocabulario ilustrado en espa\u00f1ol\"}]},{\"@type\":\"WebSite\",\"@id\":\"https:\/\/aprendeconcarmen.es\/es\/#website\",\"url\":\"https:\/\/aprendeconcarmen.es\/es\/\",\"name\":\"Aprende con Carmen\",\"description\":\"Clases de espa\u00f1ol online\",\"potentialAction\":[{\"@type\":\"SearchAction\",\"target\":{\"@type\":\"EntryPoint\",\"urlTemplate\":\"https:\/\/aprendeconcarmen.es\/es\/?s={search_term_string}\"},\"query-input\":\"required name=search_term_string\"}],\"inLanguage\":\"es\"}]}<\/script>\n<!-- \/ Yoast SEO plugin. -->","yoast_head_json":{"title":"Vocabulario ilustrado en espa\u00f1ol - Aprende con Carmen","description":"Vocabulario ilustrado en espa\u00f1ol con el podr\u00e1s memorizar de una forma f\u00e1cil hasta1001 palabras en espa\u00f1ol.","robots":{"index":"index","follow":"follow","max-snippet":"max-snippet:-1","max-image-preview":"max-image-preview:large","max-video-preview":"max-video-preview:-1"},"canonical":"https:\/\/aprendeconcarmen.es\/es\/producto\/1001-vocabulario-ilustrado-en-espanol\/","og_locale":"es_ES","og_type":"article","og_title":"Vocabulario ilustrado en espa\u00f1ol - Aprende con Carmen","og_description":"Vocabulario ilustrado en espa\u00f1ol con el podr\u00e1s memorizar de una forma f\u00e1cil hasta1001 palabras en espa\u00f1ol.","og_url":"https:\/\/aprendeconcarmen.es\/es\/producto\/1001-vocabulario-ilustrado-en-espanol\/","og_site_name":"Aprende con Carmen","article_modified_time":"2022-02-23T15:45:34+00:00","og_image":[{"width":400,"height":400,"url":"https:\/\/aprendeconcarmen.es\/wp-content\/uploads\/2021\/03\/Titulo-e-book_VOCABULARIO_400X400.png","type":"image\/png"}],"twitter_card":"summary_large_image","twitter_misc":{"Tiempo de lectura":"1 minuto"},"schema":{"@context":"https:\/\/schema.org","@graph":[{"@type":"WebPage","@id":"https:\/\/aprendeconcarmen.es\/es\/producto\/1001-vocabulario-ilustrado-en-espanol\/","url":"https:\/\/aprendeconcarmen.es\/es\/producto\/1001-vocabulario-ilustrado-en-espanol\/","name":"Vocabulario ilustrado en espa\u00f1ol - Aprende con Carmen","isPartOf":{"@id":"https:\/\/aprendeconcarmen.es\/es\/#website"},"primaryImageOfPage":{"@id":"https:\/\/aprendeconcarmen.es\/es\/producto\/1001-vocabulario-ilustrado-en-espanol\/#primaryimage"},"image":{"@id":"https:\/\/aprendeconcarmen.es\/es\/producto\/1001-vocabulario-ilustrado-en-espanol\/#primaryimage"},"thumbnailUrl":"https:\/\/aprendeconcarmen.es\/wp-content\/uploads\/2021\/03\/Titulo-e-book_VOCABULARIO_400X400.png","datePublished":"2021-03-15T10:58:05+00:00","dateModified":"2022-02-23T15:45:34+00:00","description":"Vocabulario ilustrado en espa\u00f1ol con el podr\u00e1s memorizar de una forma f\u00e1cil hasta1001 palabras en espa\u00f1ol.","breadcrumb":{"@id":"https:\/\/aprendeconcarmen.es\/es\/producto\/1001-vocabulario-ilustrado-en-espanol\/#breadcrumb"},"inLanguage":"es","potentialAction":[{"@type":"ReadAction","target":["https:\/\/aprendeconcarmen.es\/es\/producto\/1001-vocabulario-ilustrado-en-espanol\/"]}]},{"@type":"ImageObject","inLanguage":"es","@id":"https:\/\/aprendeconcarmen.es\/es\/producto\/1001-vocabulario-ilustrado-en-espanol\/#primaryimage","url":"https:\/\/aprendeconcarmen.es\/wp-content\/uploads\/2021\/03\/Titulo-e-book_VOCABULARIO_400X400.png","contentUrl":"https:\/\/aprendeconcarmen.es\/wp-content\/uploads\/2021\/03\/Titulo-e-book_VOCABULARIO_400X400.png","width":400,"height":400,"caption":"Comprar e-book de vocabulario ilustrado en espa\u00f1ol"},{"@type":"BreadcrumbList","@id":"https:\/\/aprendeconcarmen.es\/es\/producto\/1001-vocabulario-ilustrado-en-espanol\/#breadcrumb","itemListElement":[{"@type":"ListItem","position":1,"name":"Portada","item":"https:\/\/aprendeconcarmen.es\/es\/"},{"@type":"ListItem","position":2,"name":"OFERTA DE CLASES ONLINE DE ESPA\u00d1OL","item":"https:\/\/aprendeconcarmen.es\/es\/tienda\/"},{"@type":"ListItem","position":3,"name":"1001 palabras de vocabulario ilustrado en espa\u00f1ol"}]},{"@type":"WebSite","@id":"https:\/\/aprendeconcarmen.es\/es\/#website","url":"https:\/\/aprendeconcarmen.es\/es\/","name":"Aprende con Carmen","description":"Clases de espa\u00f1ol online","potentialAction":[{"@type":"SearchAction","target":{"@type":"EntryPoint","urlTemplate":"https:\/\/aprendeconcarmen.es\/es\/?s={search_term_string}"},"query-input":"required name=search_term_string"}],"inLanguage":"es"}]}},"post_mailing_queue_ids":[],"_links":{"self":[{"href":"https:\/\/aprendeconcarmen.es\/es\/wp-json\/wp\/v2\/product\/32014"}],"collection":[{"href":"https:\/\/aprendeconcarmen.es\/es\/wp-json\/wp\/v2\/product"}],"about":[{"href":"https:\/\/aprendeconcarmen.es\/es\/wp-json\/wp\/v2\/types\/product"}],"wp:featuredmedia":[{"embeddable":true,"href":"https:\/\/aprendeconcarmen.es\/es\/wp-json\/wp\/v2\/media\/32017"}],"wp:attachment":[{"href":"https:\/\/aprendeconcarmen.es\/es\/wp-json\/wp\/v2\/media?parent=32014"}],"wp:term":[{"taxonomy":"product_cat","embeddable":true,"href":"https:\/\/aprendeconcarmen.es\/es\/wp-json\/wp\/v2\/product_cat?post=32014"},{"taxonomy":"product_tag","embeddable":true,"href":"https:\/\/aprendeconcarmen.es\/es\/wp-json\/wp\/v2\/product_tag?post=32014"}],"curies":[{"name":"wp","href":"https:\/\/api.w.org\/{rel}","templated":true}]}}